{"id":10,"date":"2024-06-21T17:41:18","date_gmt":"2024-06-21T17:41:18","guid":{"rendered":"https:\/\/dev.m-bochum.de\/?page_id=10"},"modified":"2024-08-07T12:57:01","modified_gmt":"2024-08-07T12:57:01","slug":"franka-hoernschemeyer","status":"publish","type":"page","link":"https:\/\/dev.m-bochum.de\/index.php\/franka-hoernschemeyer\/","title":{"rendered":"Franka H\u00f6rnschemeyer &#8211; Oszilloskop"},"content":{"rendered":"<div class=\"row std\">\n<div class=\"column\">\n<div class=\"subhl\">\n<p><a href=\"https:\/\/dev.m-bochum.de\/wp-content\/uploads\/2024\/08\/Hoernschemeyer-2018-Oszilloskop-Galerie-m.jpg\"><img loading=\"lazy\" decoding=\"async\" class=\"alignleft wp-image-826 size-medium\" src=\"https:\/\/dev.m-bochum.de\/wp-content\/uploads\/2024\/08\/Hoernschemeyer-2018-Oszilloskop-Galerie-m-219x300.jpg\" alt=\"\" width=\"219\" height=\"300\" srcset=\"https:\/\/dev.m-bochum.de\/wp-content\/uploads\/2024\/08\/Hoernschemeyer-2018-Oszilloskop-Galerie-m-219x300.jpg 219w, https:\/\/dev.m-bochum.de\/wp-content\/uploads\/2024\/08\/Hoernschemeyer-2018-Oszilloskop-Galerie-m-748x1024.jpg 748w, https:\/\/dev.m-bochum.de\/wp-content\/uploads\/2024\/08\/Hoernschemeyer-2018-Oszilloskop-Galerie-m-768x1051.jpg 768w, https:\/\/dev.m-bochum.de\/wp-content\/uploads\/2024\/08\/Hoernschemeyer-2018-Oszilloskop-Galerie-m-500x685.jpg 500w, https:\/\/dev.m-bochum.de\/wp-content\/uploads\/2024\/08\/Hoernschemeyer-2018-Oszilloskop-Galerie-m-800x1095.jpg 800w, https:\/\/dev.m-bochum.de\/wp-content\/uploads\/2024\/08\/Hoernschemeyer-2018-Oszilloskop-Galerie-m.jpg 1000w\" sizes=\"auto, (max-width: 219px) 100vw, 219px\" \/><\/a><\/p>\n<\/div>\n<\/div>\n<\/div>\n<div class=\"row\">\n<div class=\"column cnt\">Aus einer massiven, geometrisch gestalteten Basis ragt eine schmale, eckige S\u00e4ule empor, von der aus sechs Fl\u00fcgel in unterschiedlicher H\u00f6he in den Raum ragen. Diese bestehen aus jeweils f\u00fcnf bzw. sechs Aluminium-Wabenverbundplatten, die mit Scharnieren verbunden und damit in sich beweglich sind. Von der Mittelachse ausgehend erfahren die mehrgliedrigen Fl\u00fcgel unregelm\u00e4\u00dfig erscheinende mechanische Impulse, die die Konstruktion in eine flie\u00dfende, nahezu organisch wirkende Bewegung versetzen. Ausladend greift <i>Oszilloskop<\/i> in den Raum, dreht sich langsam und leicht oder schwindelerregend, um dann immer wieder zu einer geschlossenen, sich selbst umarmenden Form zu finden.<br \/>\nDie Assoziation einer Choreographie stellt sich ein, begleitet vom mal lauten, mal zarten Klackern und Knarren der einzelnen Segmente, die immer wieder Limitierungen und Richtungswechsel erfahren.<\/div>\n<div><\/div>\n<div class=\"column cnt\">\nFranka H\u00f6rnschemeyer rekurriert mit ihrer Arbeit auf das Essay \u201e\u00dcber das Marionettentheater\u201c (1810) von Heinrich von Kleist. Dort beschreibt er anschaulich, dass Bewegung einen Schwerpunkt hat und damit eine Marionette im Inneren regiert wird. Auch <i>Oszilloskop<\/i> wird durch eine einwirkende Kraftquelle in Schwingung versetzt. In unserer Wahrnehmung verschieben sich dabei die Grenzen von gesteuerter und intuitiv wirkender Bewegung; die Fl\u00fcgel werden, einem Tanz \u00e4hnlich, in rhythmische Bewegung versetzt. <a href=\"https:\/\/www.youtube.com\/watch?v=zXsHi6gwrMg\" target=\"_blank\" rel=\"noopener\">Film<\/a> zur Arbeit.<\/div>\n<div id='gallery-1' class='gallery galleryid-10 gallery-columns-1 gallery-size-large'><figure class='gallery-item'>\n\t\t\t<div class='gallery-icon landscape'>\n\t\t\t\t<a href='https:\/\/dev.m-bochum.de\/wp-content\/uploads\/2024\/08\/Hoernschemeyer-Oszilloskop-Galerie-m.jpg'><img loading=\"lazy\" decoding=\"async\" width=\"1024\" height=\"682\" src=\"https:\/\/dev.m-bochum.de\/wp-content\/uploads\/2024\/08\/Hoernschemeyer-Oszilloskop-Galerie-m-1024x682.jpg\" class=\"attachment-large size-large\" alt=\"\" aria-describedby=\"gallery-1-828\" srcset=\"https:\/\/dev.m-bochum.de\/wp-content\/uploads\/2024\/08\/Hoernschemeyer-Oszilloskop-Galerie-m-1024x682.jpg 1024w, https:\/\/dev.m-bochum.de\/wp-content\/uploads\/2024\/08\/Hoernschemeyer-Oszilloskop-Galerie-m-300x200.jpg 300w, https:\/\/dev.m-bochum.de\/wp-content\/uploads\/2024\/08\/Hoernschemeyer-Oszilloskop-Galerie-m-768x512.jpg 768w, https:\/\/dev.m-bochum.de\/wp-content\/uploads\/2024\/08\/Hoernschemeyer-Oszilloskop-Galerie-m-1536x1024.jpg 1536w, https:\/\/dev.m-bochum.de\/wp-content\/uploads\/2024\/08\/Hoernschemeyer-Oszilloskop-Galerie-m-500x333.jpg 500w, https:\/\/dev.m-bochum.de\/wp-content\/uploads\/2024\/08\/Hoernschemeyer-Oszilloskop-Galerie-m-800x533.jpg 800w, https:\/\/dev.m-bochum.de\/wp-content\/uploads\/2024\/08\/Hoernschemeyer-Oszilloskop-Galerie-m-1280x853.jpg 1280w, https:\/\/dev.m-bochum.de\/wp-content\/uploads\/2024\/08\/Hoernschemeyer-Oszilloskop-Galerie-m-1920x1280.jpg 1920w, https:\/\/dev.m-bochum.de\/wp-content\/uploads\/2024\/08\/Hoernschemeyer-Oszilloskop-Galerie-m.jpg 2000w\" sizes=\"auto, (max-width: 1024px) 100vw, 1024px\" \/><\/a>\n\t\t\t<\/div>\n\t\t\t\t<figcaption class='wp-caption-text gallery-caption' id='gallery-1-828'>\n\t\t\t\tOszilloskop, 2014\nAluminium, Stahl, Computer, Motor\n230 x 298 x 298 cm\n\t\t\t\t<\/figcaption><\/figure><figure class='gallery-item'>\n\t\t\t<div class='gallery-icon landscape'>\n\t\t\t\t<a href='https:\/\/dev.m-bochum.de\/wp-content\/uploads\/2024\/08\/Hoernschemeyer-Grenzfaelle-des-Raumes-2021-Oszilloskop-Galerie-m.jpg'><img loading=\"lazy\" decoding=\"async\" width=\"1024\" height=\"682\" src=\"https:\/\/dev.m-bochum.de\/wp-content\/uploads\/2024\/08\/Hoernschemeyer-Grenzfaelle-des-Raumes-2021-Oszilloskop-Galerie-m-1024x682.jpg\" class=\"attachment-large size-large\" alt=\"\" aria-describedby=\"gallery-1-827\" srcset=\"https:\/\/dev.m-bochum.de\/wp-content\/uploads\/2024\/08\/Hoernschemeyer-Grenzfaelle-des-Raumes-2021-Oszilloskop-Galerie-m-1024x682.jpg 1024w, https:\/\/dev.m-bochum.de\/wp-content\/uploads\/2024\/08\/Hoernschemeyer-Grenzfaelle-des-Raumes-2021-Oszilloskop-Galerie-m-300x200.jpg 300w, https:\/\/dev.m-bochum.de\/wp-content\/uploads\/2024\/08\/Hoernschemeyer-Grenzfaelle-des-Raumes-2021-Oszilloskop-Galerie-m-768x512.jpg 768w, https:\/\/dev.m-bochum.de\/wp-content\/uploads\/2024\/08\/Hoernschemeyer-Grenzfaelle-des-Raumes-2021-Oszilloskop-Galerie-m-1536x1024.jpg 1536w, https:\/\/dev.m-bochum.de\/wp-content\/uploads\/2024\/08\/Hoernschemeyer-Grenzfaelle-des-Raumes-2021-Oszilloskop-Galerie-m-500x333.jpg 500w, https:\/\/dev.m-bochum.de\/wp-content\/uploads\/2024\/08\/Hoernschemeyer-Grenzfaelle-des-Raumes-2021-Oszilloskop-Galerie-m-800x533.jpg 800w, https:\/\/dev.m-bochum.de\/wp-content\/uploads\/2024\/08\/Hoernschemeyer-Grenzfaelle-des-Raumes-2021-Oszilloskop-Galerie-m-1280x853.jpg 1280w, https:\/\/dev.m-bochum.de\/wp-content\/uploads\/2024\/08\/Hoernschemeyer-Grenzfaelle-des-Raumes-2021-Oszilloskop-Galerie-m-1920x1280.jpg 1920w, https:\/\/dev.m-bochum.de\/wp-content\/uploads\/2024\/08\/Hoernschemeyer-Grenzfaelle-des-Raumes-2021-Oszilloskop-Galerie-m.jpg 2000w\" sizes=\"auto, (max-width: 1024px) 100vw, 1024px\" \/><\/a>\n\t\t\t<\/div>\n\t\t\t\t<figcaption class='wp-caption-text gallery-caption' id='gallery-1-827'>\n\t\t\t\tOszilloskop, Ausstellungsansicht in der Galerie m Bochum, Gruppenausstellung: Grenzf\u00e4lle des Raumes, 2021\n\t\t\t\t<\/figcaption><\/figure>\n\t\t<\/div>\n\n<\/div>\n","protected":false},"excerpt":{"rendered":"<p>Aus einer massiven, geometrisch gestalteten Basis ragt eine schmale, eckige S\u00e4ule empor, von der aus sechs Fl\u00fcgel in unterschiedlicher H\u00f6he [&hellip;]<\/p>\n","protected":false},"author":1,"featured_media":0,"parent":0,"menu_order":0,"comment_status":"closed","ping_status":"closed","template":"","meta":{"site-sidebar-layout":"default","site-content-layout":"","ast-site-content-layout":"default","site-content-style":"default","site-sidebar-style":"default","ast-global-header-display":"","ast-banner-title-visibility":"","ast-main-header-display":"","ast-hfb-above-header-display":"","ast-hfb-below-header-display":"","ast-hfb-mobile-header-display":"","site-post-title":"","ast-breadcrumbs-content":"","ast-featured-img":"","footer-sml-layout":"","ast-disable-related-posts":"","theme-transparent-header-meta":"default","adv-header-id-meta":"","stick-header-meta":"","header-above-stick-meta":"","header-main-stick-meta":"","header-below-stick-meta":"","astra-migrate-meta-layouts":"set","ast-page-background-enabled":"default","ast-page-background-meta":{"desktop":{"background-color":"var(--ast-global-color-4)","background-image":"","background-repeat":"repeat","background-position":"center center","background-size":"auto","background-attachment":"scroll","background-type":"","background-media":"","overlay-type":"","overlay-color":"","overlay-opacity":"","overlay-gradient":""},"tablet":{"background-color":"","background-image":"","background-repeat":"repeat","background-position":"center center","background-size":"auto","background-attachment":"scroll","background-type":"","background-media":"","overlay-type":"","overlay-color":"","overlay-opacity":"","overlay-gradient":""},"mobile":{"background-color":"","background-image":"","background-repeat":"repeat","background-position":"center center","background-size":"auto","background-attachment":"scroll","background-type":"","background-media":"","overlay-type":"","overlay-color":"","overlay-opacity":"","overlay-gradient":""}},"ast-content-background-meta":{"desktop":{"background-color":"var(--ast-global-color-5)","background-image":"","background-repeat":"repeat","background-position":"center center","background-size":"auto","background-attachment":"scroll","background-type":"","background-media":"","overlay-type":"","overlay-color":"","overlay-opacity":"","overlay-gradient":""},"tablet":{"background-color":"var(--ast-global-color-5)","background-image":"","background-repeat":"repeat","background-position":"center center","background-size":"auto","background-attachment":"scroll","background-type":"","background-media":"","overlay-type":"","overlay-color":"","overlay-opacity":"","overlay-gradient":""},"mobile":{"background-color":"var(--ast-global-color-5)","background-image":"","background-repeat":"repeat","background-position":"center center","background-size":"auto","background-attachment":"scroll","background-type":"","background-media":"","overlay-type":"","overlay-color":"","overlay-opacity":"","overlay-gradient":""}},"_vp_format_video_url":"","_vp_image_focal_point":[],"footnotes":""},"class_list":["post-10","page","type-page","status-publish","hentry"],"_links":{"self":[{"href":"https:\/\/dev.m-bochum.de\/index.php\/wp-json\/wp\/v2\/pages\/10","targetHints":{"allow":["GET"]}}],"collection":[{"href":"https:\/\/dev.m-bochum.de\/index.php\/wp-json\/wp\/v2\/pages"}],"about":[{"href":"https:\/\/dev.m-bochum.de\/index.php\/wp-json\/wp\/v2\/types\/page"}],"author":[{"embeddable":true,"href":"https:\/\/dev.m-bochum.de\/index.php\/wp-json\/wp\/v2\/users\/1"}],"replies":[{"embeddable":true,"href":"https:\/\/dev.m-bochum.de\/index.php\/wp-json\/wp\/v2\/comments?post=10"}],"version-history":[{"count":13,"href":"https:\/\/dev.m-bochum.de\/index.php\/wp-json\/wp\/v2\/pages\/10\/revisions"}],"predecessor-version":[{"id":831,"href":"https:\/\/dev.m-bochum.de\/index.php\/wp-json\/wp\/v2\/pages\/10\/revisions\/831"}],"wp:attachment":[{"href":"https:\/\/dev.m-bochum.de\/index.php\/wp-json\/wp\/v2\/media?parent=10"}],"curies":[{"name":"wp","href":"https:\/\/api.w.org\/{rel}","templated":true}]}}