{"id":11,"date":"2024-06-21T17:41:18","date_gmt":"2024-06-21T17:41:18","guid":{"rendered":"https:\/\/dev.m-bochum.de\/?page_id=11"},"modified":"2024-07-03T10:56:41","modified_gmt":"2024-07-03T10:56:41","slug":"evelina-cajacob","status":"publish","type":"page","link":"https:\/\/dev.m-bochum.de\/index.php\/evelina-cajacob\/","title":{"rendered":"Evelina Cajacob"},"content":{"rendered":"<div class=\"row std\">\n<div class=\"column cnt\">\n<p><strong>Evelina Cajacob<\/strong><\/p>\n<div class=\"subhl\">Zeichnungen und Videoinstallationen von Evelina Cajacob<\/div>\n<\/div>\n<\/div>\n<div class=\"row\">\n<div class=\"column column-67 cnt\">&#8222;Evelina Cajacob, 1961 in Sumvitg in der Schweiz geboren, bezieht in ihren Arbeiten die verschiedensten Medien und Gattungen ein, von raumplastischen Gestaltungen bis zu gro\u00dfformatigen Zeichnungen und eindringlichen Videoarbeiten. Gemeinsam sind ihren Werken ein subtiler Umgang mit unterschiedlichen Materialien und eine gestalterische Leichtigkeit und Transparenz. Dabei lotet sie Schnittstellen zwischen Bewegung, Wiederholung und Verdichtung aus. Schwerelosigkeit, Leere und ein Gef\u00fchl von Zeitenthobenheit pr\u00e4gen ihr Schaffen und lassen den Betrachter in einen ganz eigenen Kosmos eintauchen.&#8220;<br \/>\n(Kunstmuseum Bochum, 2019)&#8220;Evelina Cajacob folgt dem Naheliegenden: Ihre Herkunft, das von Frauen gepr\u00e4gte h\u00e4usliche Umfeld, der eigene Garten, der vertraute Wald und die Landschaft sind immer wieder Bezugspunkte ihrer Arbeit. Dabei findet sich nichts, was an Selbstbescheidenheit oder Selbstbeschr\u00e4nkung gemahnt, im Gegenteil: Evelina Cajacob \u00f6ffnet die R\u00e4ume nach innen.&#8220;<br \/>\n(Stephan Kunz, B\u00fcndner Kunstmuseum Chur, 2020)<\/div>\n<\/div>\n","protected":false},"excerpt":{"rendered":"<p>Evelina Cajacob Zeichnungen und Videoinstallationen von Evelina Cajacob &#8222;Evelina Cajacob, 1961 in Sumvitg in der Schweiz geboren, bezieht in ihren [&hellip;]<\/p>\n","protected":false},"author":1,"featured_media":0,"parent":0,"menu_order":0,"comment_status":"closed","ping_status":"closed","template":"","meta":{"site-sidebar-layout":"default","site-content-layout":"","ast-site-content-layout":"default","site-content-style":"default","site-sidebar-style":"default","ast-global-header-display":"","ast-banner-title-visibility":"","ast-main-header-display":"","ast-hfb-above-header-display":"","ast-hfb-below-header-display":"","ast-hfb-mobile-header-display":"","site-post-title":"","ast-breadcrumbs-content":"","ast-featured-img":"","footer-sml-layout":"","ast-disable-related-posts":"","theme-transparent-header-meta":"default","adv-header-id-meta":"","stick-header-meta":"","header-above-stick-meta":"","header-main-stick-meta":"","header-below-stick-meta":"","astra-migrate-meta-layouts":"set","ast-page-background-enabled":"default","ast-page-background-meta":{"desktop":{"background-color":"var(--ast-global-color-4)","background-image":"","background-repeat":"repeat","background-position":"center center","background-size":"auto","background-attachment":"scroll","background-type":"","background-media":"","overlay-type":"","overlay-color":"","overlay-opacity":"","overlay-gradient":""},"tablet":{"background-color":"","background-image":"","background-repeat":"repeat","background-position":"center center","background-size":"auto","background-attachment":"scroll","background-type":"","background-media":"","overlay-type":"","overlay-color":"","overlay-opacity":"","overlay-gradient":""},"mobile":{"background-color":"","background-image":"","background-repeat":"repeat","background-position":"center center","background-size":"auto","background-attachment":"scroll","background-type":"","background-media":"","overlay-type":"","overlay-color":"","overlay-opacity":"","overlay-gradient":""}},"ast-content-background-meta":{"desktop":{"background-color":"var(--ast-global-color-5)","background-image":"","background-repeat":"repeat","background-position":"center center","background-size":"auto","background-attachment":"scroll","background-type":"","background-media":"","overlay-type":"","overlay-color":"","overlay-opacity":"","overlay-gradient":""},"tablet":{"background-color":"var(--ast-global-color-5)","background-image":"","background-repeat":"repeat","background-position":"center center","background-size":"auto","background-attachment":"scroll","background-type":"","background-media":"","overlay-type":"","overlay-color":"","overlay-opacity":"","overlay-gradient":""},"mobile":{"background-color":"var(--ast-global-color-5)","background-image":"","background-repeat":"repeat","background-position":"center center","background-size":"auto","background-attachment":"scroll","background-type":"","background-media":"","overlay-type":"","overlay-color":"","overlay-opacity":"","overlay-gradient":""}},"_vp_format_video_url":"","_vp_image_focal_point":[],"footnotes":""},"class_list":["post-11","page","type-page","status-publish","hentry"],"_links":{"self":[{"href":"https:\/\/dev.m-bochum.de\/index.php\/wp-json\/wp\/v2\/pages\/11","targetHints":{"allow":["GET"]}}],"collection":[{"href":"https:\/\/dev.m-bochum.de\/index.php\/wp-json\/wp\/v2\/pages"}],"about":[{"href":"https:\/\/dev.m-bochum.de\/index.php\/wp-json\/wp\/v2\/types\/page"}],"author":[{"embeddable":true,"href":"https:\/\/dev.m-bochum.de\/index.php\/wp-json\/wp\/v2\/users\/1"}],"replies":[{"embeddable":true,"href":"https:\/\/dev.m-bochum.de\/index.php\/wp-json\/wp\/v2\/comments?post=11"}],"version-history":[{"count":8,"href":"https:\/\/dev.m-bochum.de\/index.php\/wp-json\/wp\/v2\/pages\/11\/revisions"}],"predecessor-version":[{"id":313,"href":"https:\/\/dev.m-bochum.de\/index.php\/wp-json\/wp\/v2\/pages\/11\/revisions\/313"}],"wp:attachment":[{"href":"https:\/\/dev.m-bochum.de\/index.php\/wp-json\/wp\/v2\/media?parent=11"}],"curies":[{"name":"wp","href":"https:\/\/api.w.org\/{rel}","templated":true}]}}