{"id":148,"date":"2024-06-26T15:02:52","date_gmt":"2024-06-26T15:02:52","guid":{"rendered":"https:\/\/dev.m-bochum.de\/?page_id=148"},"modified":"2024-07-08T12:12:55","modified_gmt":"2024-07-08T12:12:55","slug":"home","status":"publish","type":"page","link":"https:\/\/dev.m-bochum.de\/","title":{"rendered":"Ausstellungen"},"content":{"rendered":"<h2>Franka H\u00f6rnschemeyer<\/h2>\n<h2>Volume of Uncertainty (Shift 224)<\/h2>\n<p>bis 30. August 2024<\/p>\n<p><img loading=\"lazy\" decoding=\"async\" class=\"alignnone size-full wp-image-127\" src=\"https:\/\/dev.m-bochum.de\/wp-content\/uploads\/2024\/06\/IMG_6779-Kopie.jpeg\" alt=\"\" width=\"960\" height=\"960\" srcset=\"https:\/\/dev.m-bochum.de\/wp-content\/uploads\/2024\/06\/IMG_6779-Kopie.jpeg 960w, https:\/\/dev.m-bochum.de\/wp-content\/uploads\/2024\/06\/IMG_6779-Kopie-300x300.jpeg 300w, https:\/\/dev.m-bochum.de\/wp-content\/uploads\/2024\/06\/IMG_6779-Kopie-150x150.jpeg 150w, https:\/\/dev.m-bochum.de\/wp-content\/uploads\/2024\/06\/IMG_6779-Kopie-768x768.jpeg 768w\" sizes=\"auto, (max-width: 960px) 100vw, 960px\" \/><\/p>\n<p>Die Galerie m die Einzelausstellung \u201eVolume of Uncertainty (Shift 224)\u201c von Franka H\u00f6rnschemeyer\u00a0(*1958 in Osnabr\u00fcck). Titelgebend ist eine eigens f\u00fcr die Galerier\u00e4ume entwickelte Skulptur, die aus einem geometrisch angeordneten Metallst\u00e4nderwerk und einer filigranen, organisch wirkenden Struktur aus gr\u00fcn-wei\u00dfen kreisrund ausgestanzten Gipskartonscheiben besteht. Grundlegend f\u00fcr die Arbeit von Franka H\u00f6rnschemeyer ist die Bedeutung, Funktionsweise und Materialit\u00e4t von Raum &#8211; die physische Raumerfahrung ist immer zentral.<\/p>\n<h2><\/h2>\n<h2>Thomas Florschuetz<\/h2>\n<h2>Zeitraum<\/h2>\n<p><img loading=\"lazy\" decoding=\"async\" class=\"alignnone size-full wp-image-176\" src=\"https:\/\/dev.m-bochum.de\/wp-content\/uploads\/2024\/06\/Florschuetz-Zeitraum-Galerie-m_02.jpeg\" alt=\"\" width=\"1493\" height=\"777\" srcset=\"https:\/\/dev.m-bochum.de\/wp-content\/uploads\/2024\/06\/Florschuetz-Zeitraum-Galerie-m_02.jpeg 1493w, https:\/\/dev.m-bochum.de\/wp-content\/uploads\/2024\/06\/Florschuetz-Zeitraum-Galerie-m_02-300x156.jpeg 300w, https:\/\/dev.m-bochum.de\/wp-content\/uploads\/2024\/06\/Florschuetz-Zeitraum-Galerie-m_02-1024x533.jpeg 1024w, https:\/\/dev.m-bochum.de\/wp-content\/uploads\/2024\/06\/Florschuetz-Zeitraum-Galerie-m_02-768x400.jpeg 768w\" sizes=\"auto, (max-width: 1493px) 100vw, 1493px\" \/><\/p>\n<p>Unter dem Titel <i>Zeitraum<\/i> zeigt die Galerie m fr\u00fche K\u00f6rperbilder und eine Bild-Projektion mit Ost-Berliner Stadtansichten von Thomas Florschuetz\u00a0(*1957 Zwickau).<\/p>\n","protected":false},"excerpt":{"rendered":"<p>Franka H\u00f6rnschemeyer Volume of Uncertainty (Shift 224) bis 30. August 2024 Die Galerie m die Einzelausstellung \u201eVolume of Uncertainty (Shift [&hellip;]<\/p>\n","protected":false},"author":1,"featured_media":0,"parent":0,"menu_order":0,"comment_status":"closed","ping_status":"closed","template":"","meta":{"site-sidebar-layout":"default","site-content-layout":"","ast-site-content-layout":"default","site-content-style":"default","site-sidebar-style":"default","ast-global-header-display":"","ast-banner-title-visibility":"","ast-main-header-display":"","ast-hfb-above-header-display":"","ast-hfb-below-header-display":"","ast-hfb-mobile-header-display":"","site-post-title":"","ast-breadcrumbs-content":"","ast-featured-img":"","footer-sml-layout":"","ast-disable-related-posts":"","theme-transparent-header-meta":"default","adv-header-id-meta":"","stick-header-meta":"","header-above-stick-meta":"","header-main-stick-meta":"","header-below-stick-meta":"","astra-migrate-meta-layouts":"set","ast-page-background-enabled":"default","ast-page-background-meta":{"desktop":{"background-color":"var(--ast-global-color-4)","background-image":"","background-repeat":"repeat","background-position":"center center","background-size":"auto","background-attachment":"scroll","background-type":"","background-media":"","overlay-type":"","overlay-color":"","overlay-opacity":"","overlay-gradient":""},"tablet":{"background-color":"","background-image":"","background-repeat":"repeat","background-position":"center center","background-size":"auto","background-attachment":"scroll","background-type":"","background-media":"","overlay-type":"","overlay-color":"","overlay-opacity":"","overlay-gradient":""},"mobile":{"background-color":"","background-image":"","background-repeat":"repeat","background-position":"center center","background-size":"auto","background-attachment":"scroll","background-type":"","background-media":"","overlay-type":"","overlay-color":"","overlay-opacity":"","overlay-gradient":""}},"ast-content-background-meta":{"desktop":{"background-color":"var(--ast-global-color-5)","background-image":"","background-repeat":"repeat","background-position":"center center","background-size":"auto","background-attachment":"scroll","background-type":"","background-media":"","overlay-type":"","overlay-color":"","overlay-opacity":"","overlay-gradient":""},"tablet":{"background-color":"var(--ast-global-color-5)","background-image":"","background-repeat":"repeat","background-position":"center center","background-size":"auto","background-attachment":"scroll","background-type":"","background-media":"","overlay-type":"","overlay-color":"","overlay-opacity":"","overlay-gradient":""},"mobile":{"background-color":"var(--ast-global-color-5)","background-image":"","background-repeat":"repeat","background-position":"center center","background-size":"auto","background-attachment":"scroll","background-type":"","background-media":"","overlay-type":"","overlay-color":"","overlay-opacity":"","overlay-gradient":""}},"_vp_format_video_url":"","_vp_image_focal_point":[],"footnotes":""},"class_list":["post-148","page","type-page","status-publish","hentry"],"_links":{"self":[{"href":"https:\/\/dev.m-bochum.de\/index.php\/wp-json\/wp\/v2\/pages\/148","targetHints":{"allow":["GET"]}}],"collection":[{"href":"https:\/\/dev.m-bochum.de\/index.php\/wp-json\/wp\/v2\/pages"}],"about":[{"href":"https:\/\/dev.m-bochum.de\/index.php\/wp-json\/wp\/v2\/types\/page"}],"author":[{"embeddable":true,"href":"https:\/\/dev.m-bochum.de\/index.php\/wp-json\/wp\/v2\/users\/1"}],"replies":[{"embeddable":true,"href":"https:\/\/dev.m-bochum.de\/index.php\/wp-json\/wp\/v2\/comments?post=148"}],"version-history":[{"count":7,"href":"https:\/\/dev.m-bochum.de\/index.php\/wp-json\/wp\/v2\/pages\/148\/revisions"}],"predecessor-version":[{"id":595,"href":"https:\/\/dev.m-bochum.de\/index.php\/wp-json\/wp\/v2\/pages\/148\/revisions\/595"}],"wp:attachment":[{"href":"https:\/\/dev.m-bochum.de\/index.php\/wp-json\/wp\/v2\/media?parent=148"}],"curies":[{"name":"wp","href":"https:\/\/api.w.org\/{rel}","templated":true}]}}