{"id":321,"date":"2024-07-03T11:45:04","date_gmt":"2024-07-03T11:45:04","guid":{"rendered":"https:\/\/dev.m-bochum.de\/?page_id=321"},"modified":"2024-07-03T12:34:57","modified_gmt":"2024-07-03T12:34:57","slug":"caroline-von-grone-bio","status":"publish","type":"page","link":"https:\/\/dev.m-bochum.de\/index.php\/caroline-von-grone-bio\/","title":{"rendered":"Caroline von Grone Bio"},"content":{"rendered":"<div class=\"subhl\"><b><img loading=\"lazy\" decoding=\"async\" class=\"wp-image-331 alignleft\" src=\"https:\/\/dev.m-bochum.de\/wp-content\/uploads\/2024\/07\/Grone_Kuenstlerportrait_MuT_20233015-300x300.jpg\" alt=\"\" width=\"209\" height=\"209\" srcset=\"https:\/\/dev.m-bochum.de\/wp-content\/uploads\/2024\/07\/Grone_Kuenstlerportrait_MuT_20233015-300x300.jpg 300w, https:\/\/dev.m-bochum.de\/wp-content\/uploads\/2024\/07\/Grone_Kuenstlerportrait_MuT_20233015-150x150.jpg 150w, https:\/\/dev.m-bochum.de\/wp-content\/uploads\/2024\/07\/Grone_Kuenstlerportrait_MuT_20233015-768x766.jpg 768w, https:\/\/dev.m-bochum.de\/wp-content\/uploads\/2024\/07\/Grone_Kuenstlerportrait_MuT_20233015.jpg 1024w\" sizes=\"auto, (max-width: 209px) 100vw, 209px\" \/>Biografie von Caroline von Grone<\/b><\/div>\n<p>Caroline von Grone lebt und arbeitet in Hamburg. Viele ihrer Projekte realisiert sie allerdings auch direkt vor Ort im In- und Ausland.<\/p>\n<p>&nbsp;<\/p>\n<p><span style=\"color: #333333;\">Caroline von Grones <a style=\"color: #333333;\" href=\"http:\/\/www.von-grone.de\/\" target=\"_blank\" rel=\"noopener\">Website<\/a><\/span><br \/>\n<span style=\"color: #333333;\">Instagram: <a style=\"color: #333333;\" href=\"https:\/\/www.instagram.com\/cvgrone\/\" target=\"_blank\" rel=\"noopener\">@cvgrone<\/a><\/span><\/p>\n<p>&nbsp;<\/p>\n<p><span style=\"color: #333333;\">Die K\u00fcnstlerin Caroline von Grone wurde 1963 in Hannover geboren. Sie hat an der GHK Kassel (1984-86), HBK Braunschweig (1987-88) und schlie\u00dflich an der Kunstakademie D\u00fcsseldorf (1988-92) das Fach Freie Kunst studiert. Zu ihren Professoren geh\u00f6rten unter anderen der Niederl\u00e4nder Jan Dibbets und Klaus Rinke, dessen Meistersch\u00fclerin sie war. Sie hatte Lehrauftr\u00e4ge f\u00fcr Malerei an der FH f\u00fcr Gestaltung in Pforzheim (1996-97), an der Hochschule f\u00fcr Gestaltung in Karlsruhe (1999-2002) und lehrt seit 2005 an der Muthesius Kunsthochschule Kiel.<\/span><\/p>\n<p>&nbsp;<\/p>\n<p><span style=\"color: #333333;\"><b>Stipendien<\/b><\/span><br \/>\n<span style=\"color: #333333;\">1991<\/span><br \/>\n<span style=\"color: #333333;\">Reisestipendium der Kunstakademie D\u00fcsseldorf in die USA<\/span><br \/>\n<span style=\"color: #333333;\">1995<\/span><br \/>\n<span style=\"color: #333333;\">Katalogf\u00f6rderung durch die &#8222;Sparkassenstiftung zur F\u00f6rderung des rheinischen Kulturguts&#8220;, D\u00fcsseldorf<\/span><br \/>\n<span style=\"color: #333333;\">2005<\/span><br \/>\n<span style=\"color: #333333;\">Katalogstipendium des Kunstfonds, Bonn und des Landes Schleswig-Holstein<\/span><br \/>\n<span style=\"color: #333333;\">2008<\/span><br \/>\n<span style=\"color: #333333;\">Katalogf\u00f6rderung der Sparkassenstiftung Schleswig-Holstein<\/span><\/p>\n<p>&nbsp;<\/p>\n<p><span style=\"color: #333333;\"><b>Ausgew\u00e4hlte Einzelausstellungen und Projekte<\/b><\/span><br \/>\n<span style=\"color: #333333;\">2023<\/span><br \/>\n<span style=\"color: #333333;\"><a style=\"color: #333333;\" href=\"http:\/\/www.galerie-der-stadt-backnang.de\/archiv_detail.php?id=118\" target=\"_blank\" rel=\"noopener\"><i>Konkrete Figuren<\/i><\/a>, Galerie der Stadt Backnang<\/span><br \/>\n<span style=\"color: #333333;\">2021<\/span><br \/>\n<span style=\"color: #333333;\">Malaktion zur Backoffen-Gruppe, Dom Museum, Frankfurt am Main<\/span><br \/>\n<span style=\"color: #333333;\">2020<\/span><br \/>\n<span style=\"color: #333333;\"><a style=\"color: #333333;\" href=\"https:\/\/www.albstadt.de\/Aktuelle-Ausstellungen\" target=\"_blank\" rel=\"noopener\">Kunstmuseum Albstadt offshore<\/a>, Kunstmuseum Albstadt<\/span><br \/>\n<span style=\"color: #333333;\">2017<\/span><br \/>\n<span style=\"color: #333333;\"><a style=\"color: #333333;\" href=\"https:\/\/www.galerie-m.com\/press.php?eid=160\" target=\"_blank\" rel=\"noopener\"><i>Double Reflection<\/i><\/a>, Galerie m Bochum<\/span><br \/>\n<span style=\"color: #333333;\">2016<\/span><br \/>\n<span style=\"color: #333333;\"><i>Dou.Re.<\/i>, Westwendischer Kunstverein, KUNSTkammer Gartow<\/span><br \/>\n<span style=\"color: #333333;\"><a style=\"color: #333333;\" href=\"https:\/\/www.galerie-m.com\/presentation\/index.php?p=EinPaarParkgesichter\" target=\"_blank\" rel=\"noopener\"><i>Ein Paar Parkgesichter<\/i><\/a>, Malaktion, Skulpturenhof des Lehmbruch Museum, Duisburg<\/span><br \/>\n<span style=\"color: #333333;\">2015<\/span><br \/>\n<span style=\"color: #333333;\"><a style=\"color: #333333;\" href=\"https:\/\/www.galerie-m.com\/press.php?eid=127\" target=\"_blank\" rel=\"noopener\"><i>Blick nach Osten<\/i>, Galerie m Bochum<\/a><\/span><br \/>\n<span style=\"color: #333333;\">2013<\/span><br \/>\n<span style=\"color: #333333;\"><i>Human being &#8211; being framed<\/i>, Chiesa Luterana, Venedig, Italien<\/span><br \/>\n<span style=\"color: #333333;\">2011\/12<\/span><br \/>\n<span style=\"color: #333333;\"><a style=\"color: #333333;\" href=\"https:\/\/www.galerie-m.com\/press.php?eid=103\"><i>Himmelsleiter<\/i><\/a>, Galerie m Bochum<\/span><br \/>\n<span style=\"color: #333333;\"><i>Angesichts Kirschbl\u00fcten<\/i>, Galerie D\u00f6rrie*Priess, Hamburg<\/span><br \/>\n<span style=\"color: #333333;\">2010<\/span><br \/>\n<span style=\"color: #333333;\"><i>Kirschbl\u00fcten und 24 h Venus<\/i>, Herbert-Gerisch-Stiftung, Neum\u00fcnster (mit Cecilia Edefalk)<\/span><br \/>\n<span style=\"color: #333333;\">2008<\/span><br \/>\n<span style=\"color: #333333;\"><i>Paradiesg\u00e4rtlein (Bilder f\u00fcr eine Backsteinwand)<\/i>, Sparkassenstiftung Schleswig-Holstein, Kiel<\/span><br \/>\n<span style=\"color: #333333;\">2007<\/span><br \/>\n<span style=\"color: #333333;\"><i>Zaunprojekt<\/i>, Galerie D\u00f6rrie*Priess, Berlin<\/span><br \/>\n<span style=\"color: #333333;\">2005<\/span><br \/>\n<span style=\"color: #333333;\"><i>Fu\u00dfes Leuchte<\/i>, Galerie f\u00fcr zeitgen\u00f6ssische Kunst im Osramhaus, M\u00fcnchen<\/span><br \/>\n<span style=\"color: #333333;\">2004<\/span><br \/>\n<span style=\"color: #333333;\"><i>Reflektionsbaracke<\/i>, Berlin, Schlo\u00dfplatz<\/span><br \/>\n<span style=\"color: #333333;\"><i>Reflexe<\/i>, Galerie D\u00f6rrie*Priess, Hamburg<\/span><br \/>\n<span style=\"color: #333333;\">2002<\/span><br \/>\n<span style=\"color: #333333;\"><i>Gez\u00e4hlt, gewogen&#8230; (und f\u00fcr zu leicht befunden)<\/i>, Projekt bei SCIl, M\u00fcnchen<\/span><br \/>\n<span style=\"color: #333333;\">2001<\/span><br \/>\n<span style=\"color: #333333;\"><i>Sternschanze, Ecce homo und andere<\/i>, Galerie D\u00f6rrie*Priess, Hamburg<\/span><br \/>\n<span style=\"color: #333333;\">1998<\/span><br \/>\n<span style=\"color: #333333;\"><i>Staatsgalerie<\/i>, K\u00fcnstlerhaus Stuttgart;<\/span><br \/>\n<span style=\"color: #333333;\">Galerie Hammelehle und Ahrens, Stuttgart<\/span><br \/>\n<span style=\"color: #333333;\">1997<\/span><br \/>\n<span style=\"color: #333333;\"><i>Portr\u00e4tsalon<\/i>, K\u00fcnstlerhaus Stuttgart,<\/span><br \/>\n<span style=\"color: #333333;\"><i>Nach Modell<\/i>, Galerie D\u00f6rrie*Priess, Hamburg<\/span><br \/>\n<span style=\"color: #333333;\">1996<\/span><br \/>\n<span style=\"color: #333333;\"><i>Portr\u00e4ts<\/i>, K\u00fcnstlerhaus Hamburg<\/span><br \/>\n<span style=\"color: #333333;\">1995<\/span><br \/>\n<span style=\"color: #333333;\"><i>Portraitmalen<\/i>, St\u00e4dtische Galerie Kaarst (Katalog);<\/span><br \/>\n<span style=\"color: #333333;\">Galerie Bach &amp; Gayk, Bochum<\/span><\/p>\n<p>&nbsp;<\/p>\n<p><span style=\"color: #333333;\"><b>Ausgew\u00e4hlte Gruppenausstellungen<\/b><\/span><br \/>\n<span style=\"color: #333333;\">2023\/2024<\/span><br \/>\n<span style=\"color: #333333;\"><i>Die Stadt ist anderwo<\/i>, Museum unter Tage, Bochum<\/span><br \/>\n<span style=\"color: #333333;\"><a style=\"color: #333333;\" href=\"https:\/\/www.galerie-m.com\/press.php?&amp;eid=194\" target=\"_blank\" rel=\"noopener\"><i>Naturen<\/i><\/a>, Galerie m, Bochum<\/span><br \/>\n<span style=\"color: #333333;\">2021-2022<\/span><br \/>\n<span style=\"color: #333333;\">in: <a style=\"color: #333333;\" href=\"https:\/\/www.galerie-m.com\/press.php?&amp;eid=185\" target=\"_blank\" rel=\"noopener\"><i>Zwischen Welten<\/i><\/a>, Galerie m, Bochum<\/span><br \/>\n<span style=\"color: #333333;\">2019<\/span><br \/>\n<span style=\"color: #333333;\"><i><a style=\"color: #333333;\" href=\"https:\/\/www.galerie-m.com\/press.php?eid=177\">Galerie m | 3. Mai 1969 &#8211; 3. Mai 2019<\/a><\/i><\/span><br \/>\n<span style=\"color: #333333;\">2018<\/span><br \/>\n<span style=\"color: #333333;\"><a style=\"color: #333333;\" href=\"http:\/\/www.museumsinclairhaus.de\/ausstellungen\/vorschau\/\" target=\"_blank\" rel=\"noopener\"><i>Aussicht &#8211; Einsicht. Das Fenster in der Kunst<\/i>, Museum Sinclair-Haus im Schlosspark Bad Homburg<\/a> (K)<\/span><br \/>\n<span style=\"color: #333333;\"><i>M\u00f6glichkeiten von Malerei<\/i>, M\u00e4rkisches Museum Witten<\/span><br \/>\n<span style=\"color: #333333;\">2016<\/span><br \/>\n<span style=\"color: #333333;\"><a style=\"color: #333333;\" href=\"https:\/\/www.galerie-m.com\/press.php?eid=157\" target=\"_blank\" rel=\"noopener\"><i>Hopes of Paradise<\/i><\/a>, Galerie m Bochum<\/span><br \/>\n<span style=\"color: #333333;\">2012<\/span><br \/>\n<span style=\"color: #333333;\"><a style=\"color: #333333;\" href=\"https:\/\/www.galerie-m.com\/press.php?eid=110\" target=\"_blank\" rel=\"noopener\"><i>Play it again, Sam<\/i><\/a>, Galerie m Bochum<\/span><br \/>\n<span style=\"color: #333333;\">2011<\/span><br \/>\n<span style=\"color: #333333;\"><i>Weltsichten. Landschaft in der Kunst seit dem 17. Jahrhundert<\/i>, Kunsthalle zu Kiel<\/span><br \/>\n<span style=\"color: #333333;\">2010<\/span><br \/>\n<span style=\"color: #333333;\"><i><a style=\"color: #333333;\" href=\"https:\/\/www.galerie-m.com\/presentation\/index.php?p=do-you-see-me\" target=\"_blank\" rel=\"noopener\">Do you see me?\/Siehst Du mich?<\/a><\/i>, Galerie m Bochum,<\/span><br \/>\n<span style=\"color: #333333;\">Die Ausstellung ist Bestandteil von <a style=\"color: #333333;\" href=\"http:\/\/www.next-photography.de\/en\/index.php\" target=\"_blank\" rel=\"noopener\">next 1 \u2013 discussing photography<\/a>, ein Projekt der Kulturhauptstadt Europas RUHR.2010<\/span><br \/>\n<span style=\"color: #333333;\"><i>Weltsichten. Landschaft in der Kunst seit dem 17. Jahrhundert<\/i>, Kubus, Situation Kunst, Bochum<\/span><br \/>\n<span style=\"color: #333333;\">2009<\/span><br \/>\n<span style=\"color: #333333;\"><i>Nach der Natur<\/i>, Evangelische Stadtakademie, Frankfurt am Main<\/span><br \/>\n<span style=\"color: #333333;\">2008<\/span><br \/>\n<span style=\"color: #333333;\"><i>Frauen.Portr\u00e4ts<\/i>, Overbeck Gesellschaft, L\u00fcbeck<\/span><br \/>\n<span style=\"color: #333333;\"><i>Bahnhofsmission (Gr\u00fcsse an R.R.)<\/i>, Malereiprojekt der K\u00fcnstlerin<\/span><br \/>\n<span style=\"color: #333333;\"><i>Gl\u00fcck gehabt. Kunst im Untergrund<\/i>, Ausstellung des NGBK in Berliner U-Bahnh\u00f6fen<\/span><br \/>\n<span style=\"color: #333333;\">2007<\/span><br \/>\n<span style=\"color: #333333;\"><i>Gesellschaftsbilder. Zeitgen\u00f6ssische Malerei<\/i>, Kunstverein in Hamburg<\/span><br \/>\n<span style=\"color: #333333;\">2006<\/span><br \/>\n<span style=\"color: #333333;\"><i>Drei Malerinnen<\/i>, Galerie D\u00f6rrie*Priess, Hamburg<\/span><br \/>\n<span style=\"color: #333333;\">2005<\/span><br \/>\n<span style=\"color: #333333;\"><i>Dat shall glucken<\/i>, Palais f\u00fcr aktuelle Kunst, Gl\u00fcckstadt<\/span><br \/>\n<span style=\"color: #333333;\">2004<\/span><br \/>\n<span style=\"color: #333333;\"><i>Mobile Museen<\/i>, Potsdamer Platz, Berlin<\/span><br \/>\n<span style=\"color: #333333;\">2003<\/span><br \/>\n<span style=\"color: #333333;\"><i>deutschemalereizweitausenddrei<\/i>, Frankfurter Kunstverein, Frankfurt\/M.<\/span><br \/>\n<span style=\"color: #333333;\">2002<\/span><br \/>\n<span style=\"color: #333333;\"><i>Wunschbilder<\/i>, Museen der Stadt N\u00fcrnberg im Kunsthaus N\u00fcrnberg<\/span><br \/>\n<span style=\"color: #333333;\"><i>Engel &amp; Teufel<\/i>, Galerie D\u00f6rrie * Priess, Hamburg<\/span><br \/>\n<span style=\"color: #333333;\">2001<\/span><br \/>\n<span style=\"color: #333333;\"><i>Offensive Malerei<\/i>, lothringer 13\/halle, M\u00fcnchen<\/span><br \/>\n<span style=\"color: #333333;\">2000<\/span><br \/>\n<span style=\"color: #333333;\"><i>I Believe In D\u00fcrer<\/i>, Kunsthalle N\u00fcrnberg<\/span><br \/>\n<span style=\"color: #333333;\">1999<\/span><br \/>\n<span style=\"color: #333333;\"><i>To the people of the city of the Euro<\/i>, Frankfurter Kunstverein<\/span><br \/>\n<span style=\"color: #333333;\">1998<\/span><br \/>\n<span style=\"color: #333333;\"><i>Danach zu Hegel<\/i>, Parabolic Spaces, Berlin-Mitte<\/span><br \/>\n<span style=\"color: #333333;\"><i>Kuckucksei<\/i> bei Norbert Kricke, Sammlung f\u00fcr Konkrete Kunst, Otterndorf<\/span><br \/>\n<span style=\"color: #333333;\">1997<\/span><br \/>\n<span style=\"color: #333333;\"><i>Saldo<\/i>, Kunstmuseum D\u00fcsseldorf, Ehrenhof<\/span><br \/>\n<span style=\"color: #333333;\">1996<\/span><br \/>\n<span style=\"color: #333333;\"><i>Malerei III\u201c,<\/i> Galerie Monika Spr\u00fcth, K\u00f6ln<\/span><\/p>\n","protected":false},"excerpt":{"rendered":"<p>Biografie von Caroline von Grone Caroline von Grone lebt und arbeitet in Hamburg. Viele ihrer Projekte realisiert sie allerdings auch [&hellip;]<\/p>\n","protected":false},"author":1,"featured_media":0,"parent":0,"menu_order":0,"comment_status":"closed","ping_status":"closed","template":"","meta":{"site-sidebar-layout":"default","site-content-layout":"","ast-site-content-layout":"default","site-content-style":"default","site-sidebar-style":"default","ast-global-header-display":"","ast-banner-title-visibility":"","ast-main-header-display":"","ast-hfb-above-header-display":"","ast-hfb-below-header-display":"","ast-hfb-mobile-header-display":"","site-post-title":"","ast-breadcrumbs-content":"","ast-featured-img":"","footer-sml-layout":"","ast-disable-related-posts":"","theme-transparent-header-meta":"default","adv-header-id-meta":"","stick-header-meta":"","header-above-stick-meta":"","header-main-stick-meta":"","header-below-stick-meta":"","astra-migrate-meta-layouts":"set","ast-page-background-enabled":"default","ast-page-background-meta":{"desktop":{"background-color":"var(--ast-global-color-4)","background-image":"","background-repeat":"repeat","background-position":"center center","background-size":"auto","background-attachment":"scroll","background-type":"","background-media":"","overlay-type":"","overlay-color":"","overlay-opacity":"","overlay-gradient":""},"tablet":{"background-color":"","background-image":"","background-repeat":"repeat","background-position":"center center","background-size":"auto","background-attachment":"scroll","background-type":"","background-media":"","overlay-type":"","overlay-color":"","overlay-opacity":"","overlay-gradient":""},"mobile":{"background-color":"","background-image":"","background-repeat":"repeat","background-position":"center center","background-size":"auto","background-attachment":"scroll","background-type":"","background-media":"","overlay-type":"","overlay-color":"","overlay-opacity":"","overlay-gradient":""}},"ast-content-background-meta":{"desktop":{"background-color":"var(--ast-global-color-5)","background-image":"","background-repeat":"repeat","background-position":"center center","background-size":"auto","background-attachment":"scroll","background-type":"","background-media":"","overlay-type":"","overlay-color":"","overlay-opacity":"","overlay-gradient":""},"tablet":{"background-color":"var(--ast-global-color-5)","background-image":"","background-repeat":"repeat","background-position":"center center","background-size":"auto","background-attachment":"scroll","background-type":"","background-media":"","overlay-type":"","overlay-color":"","overlay-opacity":"","overlay-gradient":""},"mobile":{"background-color":"var(--ast-global-color-5)","background-image":"","background-repeat":"repeat","background-position":"center center","background-size":"auto","background-attachment":"scroll","background-type":"","background-media":"","overlay-type":"","overlay-color":"","overlay-opacity":"","overlay-gradient":""}},"_vp_format_video_url":"","_vp_image_focal_point":[],"footnotes":""},"class_list":["post-321","page","type-page","status-publish","hentry"],"_links":{"self":[{"href":"https:\/\/dev.m-bochum.de\/index.php\/wp-json\/wp\/v2\/pages\/321","targetHints":{"allow":["GET"]}}],"collection":[{"href":"https:\/\/dev.m-bochum.de\/index.php\/wp-json\/wp\/v2\/pages"}],"about":[{"href":"https:\/\/dev.m-bochum.de\/index.php\/wp-json\/wp\/v2\/types\/page"}],"author":[{"embeddable":true,"href":"https:\/\/dev.m-bochum.de\/index.php\/wp-json\/wp\/v2\/users\/1"}],"replies":[{"embeddable":true,"href":"https:\/\/dev.m-bochum.de\/index.php\/wp-json\/wp\/v2\/comments?post=321"}],"version-history":[{"count":11,"href":"https:\/\/dev.m-bochum.de\/index.php\/wp-json\/wp\/v2\/pages\/321\/revisions"}],"predecessor-version":[{"id":342,"href":"https:\/\/dev.m-bochum.de\/index.php\/wp-json\/wp\/v2\/pages\/321\/revisions\/342"}],"wp:attachment":[{"href":"https:\/\/dev.m-bochum.de\/index.php\/wp-json\/wp\/v2\/media?parent=321"}],"curies":[{"name":"wp","href":"https:\/\/api.w.org\/{rel}","templated":true}]}}