{"id":406,"date":"2024-07-03T14:55:55","date_gmt":"2024-07-03T14:55:55","guid":{"rendered":"https:\/\/dev.m-bochum.de\/?page_id=406"},"modified":"2024-07-03T15:07:31","modified_gmt":"2024-07-03T15:07:31","slug":"evelina-cajacob-bio","status":"publish","type":"page","link":"https:\/\/dev.m-bochum.de\/index.php\/evelina-cajacob-bio\/","title":{"rendered":"Evelina Cajacob Bio"},"content":{"rendered":"<div class=\"subhl\"><b><img loading=\"lazy\" decoding=\"async\" class=\"alignleft size-full wp-image-410\" src=\"https:\/\/dev.m-bochum.de\/wp-content\/uploads\/2024\/07\/Evelina-Cajacob_portrait-eve.jpg\" alt=\"\" width=\"200\" height=\"267\" \/><span style=\"color: #333333;\">Biografie von Evelina Cajacob<\/span><\/b><\/div>\n<p><span style=\"color: #333333;\">* 1961 Sumvitg, CH<\/span><br \/>\n<span style=\"color: #333333;\">1988 \u2013 93 Escuela superior de Bellas Artes \u00abEscola Massana\u00bb Barcelona<\/span><\/p>\n<p><span style=\"color: #333333;\">Lebt und arbeitet in Malans und Chur, CH<\/span><\/p>\n<p><span style=\"color: #333333;\">Evelina Cajacobs <a style=\"color: #333333;\" href=\"http:\/\/evelinacajacob.ch\/\" target=\"_blank\" rel=\"noopener\">Website<\/a><\/span><\/p>\n<p>&nbsp;<\/p>\n<p>&nbsp;<\/p>\n<p>&nbsp;<\/p>\n<p>&nbsp;<\/p>\n<p><span style=\"color: #333333;\">Eine umfassende Retrospektive bietet die Ausstellung <a style=\"color: #333333;\" href=\"https:\/\/www.galerie-m.com\/artist_info2.php?aid=193&amp;aifid=381\" target=\"_blank\" rel=\"noopener\"><i>Evelina Cajacob. tanzen anders<\/i><\/a> im B\u00fcndner Kunstmuseum Chur.<\/span><\/p>\n<p>&nbsp;<\/p>\n<p><span style=\"color: #333333;\"><b>Stipendien und Preise<\/b><\/span><br \/>\n<span style=\"color: #333333;\">2017<\/span><br \/>\n<span style=\"color: #333333;\">Atelierstipendium Wien durch den Kanton Graub\u00fcnden<\/span><br \/>\n<span style=\"color: #333333;\">2014<\/span><br \/>\n<span style=\"color: #333333;\">Anerkennungspreis des Kantons Graub\u00fcnden<\/span><br \/>\n<span style=\"color: #333333;\">2012 <\/span><br \/>\n<span style=\"color: #333333;\">Kunstpreis der S\u00fcdostschweiz Medien<\/span><br \/>\n<span style=\"color: #333333;\">2009 <\/span><br \/>\n<span style=\"color: #333333;\">Freies Stipendium des Kantons Graub\u00fcnden f\u00fcr professionelles Kulturschaffen<\/span><br \/>\n<span style=\"color: #333333;\">2006 <\/span><br \/>\n<span style=\"color: #333333;\">Atelier im K\u00fcnstler- und Gr\u00fcnderzentrum Puschkinallee Potsdam, durch den Kanton Graub\u00fcnden<\/span><br \/>\n<span style=\"color: #333333;\">2002 <\/span><br \/>\n<span style=\"color: #333333;\">Freies Stipendium des Kantons Graub\u00fcnden f\u00fcr professionelles Kulturschaffen<\/span><br \/>\n<span style=\"color: #333333;\">2001 <\/span><br \/>\n<span style=\"color: #333333;\">F\u00f6rderpreis der Stadt Chur<\/span><br \/>\n<span style=\"color: #333333;\">1998 <\/span><br \/>\n<span style=\"color: #333333;\">Atelier in der Cit\u00e9 Internationale des Arts, Paris, durch Visarte Graub\u00fcnden<\/span><br \/>\n<span style=\"color: #333333;\">F\u00f6rderpreis des Kantons Graub\u00fcnden<\/span><br \/>\n<span style=\"color: #333333;\">1993 F\u00f6rderpreis der Escola Massana Barcelona<\/span><\/p>\n<p>&nbsp;<\/p>\n<p><span style=\"color: #333333;\"><b>Ausgew\u00e4hlte Einzelausstellungen<\/b><\/span><br \/>\n<span style=\"color: #333333;\">2020<\/span><br \/>\n<span style=\"color: #333333;\"><i>Evelina Cajacob. tanzen anders<\/i>, <a style=\"color: #333333;\" href=\"http:\/\/www.buendner-kunstmuseum.ch\/de\/ausstellungen\/aktuell\/Seiten\/Evelina-Cajacob.-tanzen-anders.aspx\" target=\"_blank\" rel=\"noopener\">B\u00fcndner Kunstmuseum Chur<\/a> <\/span><br \/>\n<span style=\"color: #333333;\">2019<\/span><br \/>\n<span style=\"color: #333333;\"><i>Evelina Cajacob. tanzen anders<\/i>, Kunstmuseum Bochum<\/span><br \/>\n<span style=\"color: #333333;\">2018<\/span><br \/>\n<span style=\"color: #333333;\"><a style=\"color: #333333;\" href=\"https:\/\/www.galerie-m.com\/press.php?eid=169\" target=\"_blank\" rel=\"noopener\">alles nichts besonders<\/a>, Galerie m Bochum<\/span><br \/>\n<span style=\"color: #333333;\">2015<\/span><br \/>\n<span style=\"color: #333333;\"><a style=\"color: #333333;\" href=\"https:\/\/www.galerie-m.com\/press.php?eid=143\" target=\"_blank\" rel=\"noopener\"><i>StoffTraum<\/i>, Galerie m<\/a><\/span><br \/>\n<span style=\"color: #333333;\"><a style=\"color: #333333;\" href=\"https:\/\/www.galerie-m.com\/press.php?eid=126\" target=\"_blank\" rel=\"noopener\"><i>uaul selvadi<\/i>, Galerie m<\/a><\/span><br \/>\n<span style=\"color: #333333;\">2013<\/span><br \/>\n<span style=\"color: #333333;\"><a style=\"color: #333333;\" href=\"https:\/\/www.galerie-m.com\/press.php?eid=114\" target=\"_blank\" rel=\"noopener\">Evelina Cajacob | Carla Guagliardi<\/a>, Galerie m Bochum<\/span><br \/>\n<span style=\"color: #333333;\">2011<\/span><br \/>\n<span style=\"color: #333333;\">ZwischenZeit, Galerie Luciano Fasciati Chur<\/span><br \/>\n<span style=\"color: #333333;\">2008<\/span><br \/>\n<span style=\"color: #333333;\">Zeichnungsinstallation, Galerie Fravi Domat\/Ems<\/span><br \/>\n<span style=\"color: #333333;\">2005<\/span><br \/>\n<span style=\"color: #333333;\">Die Sehnsucht nach der Sehnsucht \u2013 eine Zwei-Tages-Installation auf den B\u00fchnen der Hasena Dalvazza<\/span><br \/>\n<span style=\"color: #333333;\">2004<\/span><br \/>\n<span style=\"color: #333333;\">Heimat, ein Projekt der visarte.graub\u00fcnden Sumvitg<\/span><br \/>\n<span style=\"color: #333333;\">2003<\/span><br \/>\n<span style=\"color: #333333;\">Always the same with slight differences, Kulturzentrum \u00abNairs\u00bb Scuol (mit Margrit Lehmann)<\/span><br \/>\n<span style=\"color: #333333;\">2000<\/span><br \/>\n<span style=\"color: #333333;\">Kunststafette, Kunstkeller Bern<\/span><br \/>\n<span style=\"color: #333333;\">1999<\/span><br \/>\n<span style=\"color: #333333;\">Obscure Tagtr\u00e4ume \u2013 eine Ein-Tag-Installation, Haus Nold Dalvazza<\/span><br \/>\n<span style=\"color: #333333;\">1996<\/span><br \/>\n<span style=\"color: #333333;\">Rauminstallation, Kulturzentrum \u00abBinz 39\u00bb Scuol-Nairs<\/span><\/p>\n<p>&nbsp;<\/p>\n<p><span style=\"color: #333333;\"><b>Ausgew\u00e4hlte Gruppenausstellungen<\/b><\/span><br \/>\n<span style=\"color: #333333;\">2023<\/span><br \/>\n<span style=\"color: #333333;\"><i>Jahresausstellung der B\u00fcndner K\u00fcnstlerinnen und K\u00fcnstler<\/i>, B\u00fcndner Kunstmuseum Chur<\/span><br \/>\n<span style=\"color: #333333;\"><i>Linientanz<\/i>, Kunst(Zeug)Haus, Rapperswil<\/span><br \/>\n<span style=\"color: #333333;\">2022<\/span><br \/>\n<span style=\"color: #333333;\">in: <a style=\"color: #333333;\" href=\"https:\/\/www.galerie-m.com\/press.php?eid=187\" target=\"_blank\" rel=\"noopener\"><i>Antipoden<\/i><\/a>, Galerie m, Bochum<\/span><br \/>\n<span style=\"color: #333333;\">2021-2022<\/span><br \/>\n<span style=\"color: #333333;\">in: <a style=\"color: #333333;\" href=\"https:\/\/www.galerie-m.com\/press.php?&amp;eid=185\" target=\"_blank\" rel=\"noopener\"><i>Zwischen Welten<\/i><\/a>, Galerie m, Bochum<\/span><br \/>\n<span style=\"color: #333333;\">2021<\/span><br \/>\n<span style=\"color: #333333;\"><i>Serie und Variatio. Ein nicht ganz symetrischer Blick auf die Sammlung<\/i>, B\u00fcdner Kunstmuseum Chur, CH<\/span><br \/>\n<span style=\"color: #333333;\"><i>A bit on the side III \u2013 Zeichnung auf Seitenwegen<\/i>, K\u00fcnstlerhaus Dortmund<\/span><br \/>\n<span style=\"color: #333333;\">2020<\/span><br \/>\n<span style=\"color: #333333;\"><i>K\u00fcnstlerinnen in der Bochumer Kunstsammlung<\/i>, Kunstmuseum Bochum<\/span><br \/>\n<span style=\"color: #333333;\">2019<\/span><br \/>\n<span style=\"color: #333333;\"><i>futur<\/i>, Fundaziun da cultura Lumnezia, Casa d\u2019Ange, Lumnezia, Schweiz<\/span><br \/>\n<span style=\"color: #333333;\"><i><a style=\"color: #333333;\" href=\"https:\/\/www.galerie-m.com\/press.php?eid=177\">Galerie m | 3. Mai 1969 &#8211; 3. Mai 2019<\/a><\/i><\/span><br \/>\n<span style=\"color: #333333;\"><i>on paper &#8211; on line<\/i>, KunstRaum, Duisburg 2018-2019<\/span><br \/>\n<span style=\"color: #333333;\"><i>Jahresausstellung der B\u00fcndner K\u00fcnstlerinnen und K\u00fcnstler<\/i>, B\u00fcndner Kunstmuseum, Chur, Schweiz<\/span><br \/>\n<span style=\"color: #333333;\">2016<\/span><br \/>\n<span style=\"color: #333333;\"><a style=\"color: #333333;\" href=\"https:\/\/www.galerie-m.com\/press.php?eid=157\" target=\"_blank\" rel=\"noopener\"><i>Hopes of Paradise<\/i><\/a>, Galerie m Bochum<\/span><br \/>\n<span style=\"color: #333333;\"><i>Hinter dem Vorhang. Verh\u00fcllung und Enth\u00fcllung seit der Renaissance<\/i>, Stiftung Museum Kunstpalast, D\u00fcsseldorf<\/span><br \/>\n<span style=\"color: #333333;\"><i>Am Ort. Kunst und Musik im \u00f6ffentlichen Raum Chur<\/i><\/span><br \/>\n<span style=\"color: #333333;\">2015-2016<\/span><br \/>\n<span style=\"color: #333333;\"><i>Wege der Sammlung VI. Charaktere. Das B\u00fcndner Kunstmuseum zu Gast<\/i>, Kunsthaus Zug<\/span><br \/>\n<span style=\"color: #333333;\">2015<\/span><br \/>\n<span style=\"color: #333333;\"><i>Video Arte Palazzo Castelmur<\/i>, Video Arte Palazzo Castelmur, Stampa-Coltura<\/span><br \/>\n<span style=\"color: #333333;\">2014<\/span><br \/>\n<span style=\"color: #333333;\"><i>Video Studio V: The Rhythm is &#8230; Zeitliche Muster im Bewegten Bild<\/i>, Museum Folkwang, Essen<\/span><br \/>\n<span style=\"color: #333333;\">B\u00fcndner Werkschau, Chur<\/span><br \/>\n<span style=\"color: #333333;\"><i><a style=\"color: #333333;\" href=\"https:\/\/www.galerie-m.com\/press.php?eid=121\" target=\"_blank\" rel=\"noopener\">B L A N K__S P A C E<\/a><\/i>, Galerie m Bochum<\/span><br \/>\n<span style=\"color: #333333;\"><i>Achtung Farbe<\/i>, Galerie Luciano Fasciati, Chur<\/span><br \/>\n<span style=\"color: #333333;\"><i>Grosse Formate<\/i>, Galerie Luciano Fasciati, Chur<\/span><br \/>\n<span style=\"color: #333333;\">2013-2014<\/span><br \/>\n<span style=\"color: #333333;\"><i>Jahresausstellung der B\u00fcdner K\u00fcnstlerinnen und K\u00fcnstler<\/i><\/span><br \/>\n<span style=\"color: #333333;\">B\u00fcndner Kunstmuseum, Chur<\/span><br \/>\n<span style=\"color: #333333;\">2013<\/span><br \/>\n<span style=\"color: #333333;\"><i>Video Arte Palazzo Castelmur Stampa-Coltura<\/i>, Graub\u00fcnden<\/span><br \/>\n<span style=\"color: #333333;\">Arte Hotel Bregaglia Promontogno<\/span><br \/>\n<span style=\"color: #333333;\"><a style=\"color: #333333;\" href=\"http:\/\/www.art-tv.ch\/10069-0-Bergell-Video-Arte-Palazzo-Castelmur.html\" target=\"_blank\" rel=\"noopener\">Video Arte Palazzo Castelmur<\/a> Stampa Coltura<\/span><br \/>\n<span style=\"color: #333333;\">2012<\/span><br \/>\n<span style=\"color: #333333;\">Jahresausstellung der B\u00fcndner K\u00fcnstlerInnen Kunstmuseum Chur<\/span><br \/>\n<span style=\"color: #333333;\"><a style=\"color: #333333;\" href=\"https:\/\/www.galerie-m.com\/press.php?eid=110\">Play it again, Sam<\/a>, Galerie m Bochum, Bochum<\/span><br \/>\n<span style=\"color: #333333;\">Video, Kunstmuseum Chur<\/span><br \/>\n<span style=\"color: #333333;\">Arte Hotel Bregaglia Promontogno<\/span><br \/>\n<span style=\"color: #333333;\">2011 <\/span><br \/>\n<span style=\"color: #333333;\">Jahresausstellung der B\u00fcndner K\u00fcnstlerInnen Kunstmuseum Chur<\/span><br \/>\n<span style=\"color: #333333;\">Arte Hotel Bregaglia Promontogna<\/span><br \/>\n<span style=\"color: #333333;\">Stalla Libra Sedrun<\/span><br \/>\n<span style=\"color: #333333;\">2010 <\/span><br \/>\n<span style=\"color: #333333;\">Arte Hotel Bregaglia Promontogna<\/span><br \/>\n<span style=\"color: #333333;\">Denkpause Kultursommer Mels<\/span><br \/>\n<span style=\"color: #333333;\">2009 <\/span><br \/>\n<span style=\"color: #333333;\">Jahresausstellung der B\u00fcndner K\u00fcnsterInnen Kunstmuseum Chur<\/span><br \/>\n<span style=\"color: #333333;\">VFO (Verein f\u00fcr Originalgraphik), Edition August 2009 Z\u00fcrich<\/span><br \/>\n<span style=\"color: #333333;\">1993 \u2013 2007<\/span><br \/>\n<span style=\"color: #333333;\">Jahresausstellung der B\u00fcndner K\u00fcnstlerInnen Kunstmuseum Chur<\/span><br \/>\n<span style=\"color: #333333;\">2005<\/span><br \/>\n<span style=\"color: #333333;\"><i>Communication<\/i>, At Home Gallery Contemporary Art Center Samorin\/Slowakei<\/span><br \/>\n<span style=\"color: #333333;\">\u00abVerein Lithographie- und Radierwerkstatt Schloss Haldenstein\u00bb, Center communal Trun<\/span><br \/>\n<span style=\"color: #333333;\">2004 <\/span><br \/>\n<span style=\"color: #333333;\">B\u00fcndner K\u00fcnstlerInnen, Katharinen St.Gallen Helvetia 180\u00b0, Kulturzentrum Alte Schule Berlin<\/span><br \/>\n<span style=\"color: #333333;\">2002 <\/span><br \/>\n<span style=\"color: #333333;\"><i>\u00ab\u00e8 stato bello\u00bb<\/i>, Santa Maria in Calanca<\/span><br \/>\n<span style=\"color: #333333;\">2001 <\/span><br \/>\n<span style=\"color: #333333;\"><i>Doppio Triangolo<\/i>, Abbazia di San Zeno Pisa<\/span><br \/>\n<span style=\"color: #333333;\">OneNightStand \u2013 ein Kunstprojekt, Hotel Mars\u00f6l Chur<\/span><br \/>\n<span style=\"color: #333333;\">2000 <\/span><br \/>\n<span style=\"color: #333333;\"><i>Contrecourant<\/i>, Maison des Artistes Charenton-le-Pont\/Frankreich<\/span><br \/>\n<span style=\"color: #333333;\"><i>Kunst.die Ausstellung<\/i>, RUWA Dalvazza\/K\u00fcblis<\/span><br \/>\n<span style=\"color: #333333;\">1999<\/span><br \/>\n<span style=\"color: #333333;\"><i>Actituds<\/i>, IG Halle Rapperswil<\/span><br \/>\n<span style=\"color: #333333;\">1996 <\/span><br \/>\n<span style=\"color: #333333;\"><i>Ueberg\u00e4nge<\/i>, Kunstmuseum Chur<\/span><br \/>\n<span style=\"color: #333333;\">1995 <\/span><br \/>\n<span style=\"color: #333333;\"><i>Dasnichtgemachte\/echolos<\/i>, ein Projekt der \u00abHasena\u00bb Forumclaque Baden und Kunstraum Konradinstr.11 Winthertur<\/span><br \/>\n<span style=\"color: #333333;\">1994 <\/span><br \/>\n<span style=\"color: #333333;\"><i>27 Zimmer<\/i>, Atelierhaus auf Zeit N\u00fcrnberg<\/span><\/p>\n<p>&nbsp;<\/p>\n<p><span style=\"color: #333333;\"><b>Kunst am Bau<\/b><\/span><br \/>\n<span style=\"color: #333333;\">2011<\/span><br \/>\n<span style=\"color: #333333;\">Verwaltungsgeb\u00e4ude des Kantons Graub\u00fcnden Chur<\/span><br \/>\n<span style=\"color: #333333;\">2009<\/span><br \/>\n<span style=\"color: #333333;\">Alters- und Pflegeheim Jenaz<\/span><br \/>\n<span style=\"color: #333333;\">2006<\/span><br \/>\n<span style=\"color: #333333;\">1. Rang und Realisierung, \u00abPunt-ota\u00bb Pontresina<\/span><br \/>\n<span style=\"color: #333333;\">2005<\/span><br \/>\n<span style=\"color: #333333;\">2. Rang, Medien- und Verwaltungsgeb\u00e4ude \u00abUntertor\u00bb Chur<\/span><\/p>\n","protected":false},"excerpt":{"rendered":"<p>Biografie von Evelina Cajacob * 1961 Sumvitg, CH 1988 \u2013 93 Escuela superior de Bellas Artes \u00abEscola Massana\u00bb Barcelona Lebt [&hellip;]<\/p>\n","protected":false},"author":1,"featured_media":0,"parent":0,"menu_order":0,"comment_status":"closed","ping_status":"closed","template":"","meta":{"site-sidebar-layout":"default","site-content-layout":"","ast-site-content-layout":"default","site-content-style":"default","site-sidebar-style":"default","ast-global-header-display":"","ast-banner-title-visibility":"","ast-main-header-display":"","ast-hfb-above-header-display":"","ast-hfb-below-header-display":"","ast-hfb-mobile-header-display":"","site-post-title":"","ast-breadcrumbs-content":"","ast-featured-img":"","footer-sml-layout":"","ast-disable-related-posts":"","theme-transparent-header-meta":"default","adv-header-id-meta":"","stick-header-meta":"","header-above-stick-meta":"","header-main-stick-meta":"","header-below-stick-meta":"","astra-migrate-meta-layouts":"set","ast-page-background-enabled":"default","ast-page-background-meta":{"desktop":{"background-color":"var(--ast-global-color-4)","background-image":"","background-repeat":"repeat","background-position":"center center","background-size":"auto","background-attachment":"scroll","background-type":"","background-media":"","overlay-type":"","overlay-color":"","overlay-opacity":"","overlay-gradient":""},"tablet":{"background-color":"","background-image":"","background-repeat":"repeat","background-position":"center center","background-size":"auto","background-attachment":"scroll","background-type":"","background-media":"","overlay-type":"","overlay-color":"","overlay-opacity":"","overlay-gradient":""},"mobile":{"background-color":"","background-image":"","background-repeat":"repeat","background-position":"center center","background-size":"auto","background-attachment":"scroll","background-type":"","background-media":"","overlay-type":"","overlay-color":"","overlay-opacity":"","overlay-gradient":""}},"ast-content-background-meta":{"desktop":{"background-color":"var(--ast-global-color-5)","background-image":"","background-repeat":"repeat","background-position":"center center","background-size":"auto","background-attachment":"scroll","background-type":"","background-media":"","overlay-type":"","overlay-color":"","overlay-opacity":"","overlay-gradient":""},"tablet":{"background-color":"var(--ast-global-color-5)","background-image":"","background-repeat":"repeat","background-position":"center center","background-size":"auto","background-attachment":"scroll","background-type":"","background-media":"","overlay-type":"","overlay-color":"","overlay-opacity":"","overlay-gradient":""},"mobile":{"background-color":"var(--ast-global-color-5)","background-image":"","background-repeat":"repeat","background-position":"center center","background-size":"auto","background-attachment":"scroll","background-type":"","background-media":"","overlay-type":"","overlay-color":"","overlay-opacity":"","overlay-gradient":""}},"_vp_format_video_url":"","_vp_image_focal_point":[],"footnotes":""},"class_list":["post-406","page","type-page","status-publish","hentry"],"_links":{"self":[{"href":"https:\/\/dev.m-bochum.de\/index.php\/wp-json\/wp\/v2\/pages\/406","targetHints":{"allow":["GET"]}}],"collection":[{"href":"https:\/\/dev.m-bochum.de\/index.php\/wp-json\/wp\/v2\/pages"}],"about":[{"href":"https:\/\/dev.m-bochum.de\/index.php\/wp-json\/wp\/v2\/types\/page"}],"author":[{"embeddable":true,"href":"https:\/\/dev.m-bochum.de\/index.php\/wp-json\/wp\/v2\/users\/1"}],"replies":[{"embeddable":true,"href":"https:\/\/dev.m-bochum.de\/index.php\/wp-json\/wp\/v2\/comments?post=406"}],"version-history":[{"count":7,"href":"https:\/\/dev.m-bochum.de\/index.php\/wp-json\/wp\/v2\/pages\/406\/revisions"}],"predecessor-version":[{"id":414,"href":"https:\/\/dev.m-bochum.de\/index.php\/wp-json\/wp\/v2\/pages\/406\/revisions\/414"}],"wp:attachment":[{"href":"https:\/\/dev.m-bochum.de\/index.php\/wp-json\/wp\/v2\/media?parent=406"}],"curies":[{"name":"wp","href":"https:\/\/api.w.org\/{rel}","templated":true}]}}