{"id":464,"date":"2024-07-04T12:02:04","date_gmt":"2024-07-04T12:02:04","guid":{"rendered":"https:\/\/dev.m-bochum.de\/?page_id=464"},"modified":"2024-07-04T12:20:06","modified_gmt":"2024-07-04T12:20:06","slug":"franka-hoernschemeyer-bio","status":"publish","type":"page","link":"https:\/\/dev.m-bochum.de\/index.php\/franka-hoernschemeyer-bio\/","title":{"rendered":"Franka H\u00f6rnschemeyer Bio"},"content":{"rendered":"<div class=\"subhl\">\n<figure id=\"attachment_468\" aria-describedby=\"caption-attachment-468\" style=\"width: 225px\" class=\"wp-caption alignleft\"><img loading=\"lazy\" decoding=\"async\" class=\"wp-image-468 size-medium\" src=\"https:\/\/dev.m-bochum.de\/wp-content\/uploads\/2024\/07\/Franka-Hoernschemeyer-\u00a9AlbrechtFuchsDSCF0120-225x300.jpeg\" alt=\"\" width=\"225\" height=\"300\" srcset=\"https:\/\/dev.m-bochum.de\/wp-content\/uploads\/2024\/07\/Franka-Hoernschemeyer-\u00a9AlbrechtFuchsDSCF0120-225x300.jpeg 225w, https:\/\/dev.m-bochum.de\/wp-content\/uploads\/2024\/07\/Franka-Hoernschemeyer-\u00a9AlbrechtFuchsDSCF0120.jpeg 480w\" sizes=\"auto, (max-width: 225px) 100vw, 225px\" \/><figcaption id=\"caption-attachment-468\" class=\"wp-caption-text\">\u00a9Albrecht Fuchs<\/figcaption><\/figure>\n<p><b><span style=\"color: #333333;\">Biografie von Franka H\u00f6rnschemeyer<\/span><\/b><\/p>\n<\/div>\n<p><span style=\"color: #333333;\">1958 geboren in Osnabr\u00fcck<\/span><br \/>\n<span style=\"color: #333333;\">Lebt und arbeitet in Berlin.<\/span><\/p>\n<p><span style=\"color: #333333;\">Instagram: <a style=\"color: #333333;\" href=\"https:\/\/www.instagram.com\/franka_hoernschemeyer\/?hl=de\" target=\"_blank\" rel=\"noopener\">@franka_hoernschemeyer<\/a> <\/span><\/p>\n<p>&nbsp;<\/p>\n<p>&nbsp;<\/p>\n<p>&nbsp;<\/p>\n<p>&nbsp;<\/p>\n<p>&nbsp;<\/p>\n<p>&nbsp;<\/p>\n<p>&nbsp;<\/p>\n<p><span style=\"color: #333333;\">seit 2015 Professur an der Kunstakademie D\u00fcsseldorf<\/span><br \/>\n<span style=\"color: #333333;\">2009\u20132015 Professur an der Hochschule f\u00fcr K\u00fcnste, Bremen<\/span><br \/>\n<span style=\"color: #333333;\">2008\u20132009 Gastprofessur an der Akademie f\u00fcr Bildende K\u00fcnste, Mainz<\/span><br \/>\n<span style=\"color: #333333;\">2007 Gastprofessur am California Institute of the Arts, Valencia<\/span><br \/>\n<span style=\"color: #333333;\">2004\u20132005 Gastprofessur an der Akademie der Bildenden K\u00fcnste, Karlsruhe<\/span><br \/>\n<span style=\"color: #333333;\">1981\u20131987 Studium an der Hochschule f\u00fcr bildende K\u00fcnste, Hamburg<\/span><\/p>\n<p>&nbsp;<\/p>\n<p><span style=\"color: #333333;\"><b>Stipendien und Preise<\/b><\/span><br \/>\n<span style=\"color: #333333;\">2011 mfi Preis f\u00fcr Kunst an \u00f6ffentlichen Orten<\/span><br \/>\n<span style=\"color: #333333;\">2006 Fellow am Henry Moore Institute, Leeds<\/span><br \/>\n<span style=\"color: #333333;\">2006 Kunstpreis der Stadt Nordhorn<\/span><br \/>\n<span style=\"color: #333333;\">1994 Friedrich-Vordemberge-Stipendium der Stadt K\u00f6ln<\/span><br \/>\n<span style=\"color: #333333;\">1992\u20131994 Karl Schmidt-Rottluff Stipendium<\/span><br \/>\n<span style=\"color: #333333;\">1991 Deutsches Studienzentrum in Venedig<\/span><br \/>\n<span style=\"color: #333333;\">1990 Arbeitsstipendium Kunstfond Bonn<\/span><br \/>\n<span style=\"color: #333333;\">1987\u20131988 DAAD-Stipendium New York<\/span><br \/>\n<span style=\"color: #333333;\">1986\u20131987 Studienstiftung des Deutschen Volkes<\/span><\/p>\n<p>&nbsp;<\/p>\n<p><span style=\"color: #333333;\"><b>Arbeiten im Au\u00dfenraum<\/b><\/span><br \/>\n<span style=\"color: #333333;\">seit 2011 <a style=\"color: #333333;\" href=\"https:\/\/www.youtube.com\/watch?v=FovkQDfyQGw\" target=\"_blank\" rel=\"noopener\">Trichter<\/a>, Ecke Seestra\u00dfe\/ Dr.-K\u00fclz-Ring, Dresden<\/span><br \/>\n<span style=\"color: #333333;\">seit 2011 <a style=\"color: #333333;\" href=\"http:\/\/www.kunstwegen.org\/index.php?id=182&amp;L=0\" target=\"_blank\" rel=\"noopener\">Koordinaten<\/a>, &#8222;Kunstwegen&#8220;-Station, Neugnadenfeld<\/span><br \/>\n<span style=\"color: #333333;\">seit 2001 <a style=\"color: #333333;\" href=\"https:\/\/www.bundestag.de\/besuche\/kunst\/kuenstler\/hoernschemeyer\" target=\"_blank\" rel=\"noopener\">BFD \u2013 b\u00fcndig fluchtend dicht<\/a>, Paul-L\u00f6be-Haus, Deutscher Bundestag, Berlin<\/span><br \/>\n<span style=\"color: #333333;\">seit 1998 Kiosk und Doppelg\u00e4nger, Landesversicherungsanstalt, M\u00fcnster<\/span><\/p>\n<p>&nbsp;<\/p>\n<p><span style=\"color: #333333;\"><b>Werke in \u00f6ffentlichen Sammlungen<\/b><\/span><br \/>\n<span style=\"color: #333333;\">Albertinum, Skulpturensammlung, Dresden <\/span><br \/>\n<span style=\"color: #333333;\">Albertinum, Galerie Neue Meister, Dresden<\/span><br \/>\n<span style=\"color: #333333;\">Hamburger Kunsthalle, Hamburg <\/span><br \/>\n<span style=\"color: #333333;\">Sammlung Deutsche Bank, Frankfurt am Main<\/span><br \/>\n<span style=\"color: #333333;\">Stiftung f\u00fcr konkrete Kunst, Reutlingen<\/span><br \/>\n<span style=\"color: #333333;\">Stiftung Museum Kunstpalast, Graphische Sammlung (Schenkung Sammlung Hanck), D\u00fcsseldorf<\/span><br \/>\n<span style=\"color: #333333;\">Sammlung zeitgen\u00f6ssischer Kunst der Bundesrepublik Deutschland<\/span><\/p>\n<p>&nbsp;<\/p>\n<p><span style=\"color: #333333;\"><b>Einzelausstellungen (Auswahl)<\/b><\/span><br \/>\n<span style=\"color: #333333;\">2024<\/span><br \/>\n<span style=\"color: #333333;\"><i>Volume of Uncertainty (Shift 224)<\/i>, Galerie m, Bochum<\/span><br \/>\n<span style=\"color: #333333;\">2023\/2024<\/span><br \/>\n<span style=\"color: #333333;\"><i>Gipskartonfeuerschutz<\/i>, Museum Schn\u00fctgen, K\u00f6ln<\/span><br \/>\n<span style=\"color: #333333;\">2020<\/span><br \/>\n<span style=\"color: #333333;\"><a style=\"color: #333333;\" href=\"https:\/\/www.galerie-m.com\/press.php?&amp;eid=118\" target=\"_blank\" rel=\"noopener\"><i>Axiom 420<\/i><\/a>, Galerie m, Bochum<\/span><br \/>\n<span style=\"color: #333333;\">2017<\/span><br \/>\n<span style=\"color: #333333;\"><i>Imaginary State<\/i>, Galerie Nordenhake, Berlin<\/span><br \/>\n<span style=\"color: #333333;\">2016<\/span><br \/>\n<span style=\"color: #333333;\"><i>Room in Room 03<\/i>, Gr\u00fcntuch\/Ernst Lab, ehemalige j\u00fcdische M\u00e4dchenschule, Berlin<\/span><br \/>\n<span style=\"color: #333333;\">2013<\/span><br \/>\n<span style=\"color: #333333;\">Galerie Thomas Schulte (mit Alice Aycock)<\/span><br \/>\n<span style=\"color: #333333;\"><a style=\"color: #333333;\" href=\"http:\/\/www.adn-pfoertnerhaus.de\/?path=Franka+Hoernschemeyer\"><i>Lifting<\/i>, Kur. Christof Zwiener, ADN Pf\u00f6rtnerhaus, Fahrbereitschaft, Berlin<\/a> <\/span><br \/>\n<span style=\"color: #333333;\">2011<\/span><br \/>\n<span style=\"color: #333333;\">Galerie Baer \/ Raum f\u00fcr aktuelle Kunst, Dresden<\/span><br \/>\n<span style=\"color: #333333;\"><i>Franks International<\/i>, Wilhelm-Hack-Museum, Ludwigshafen<\/span><br \/>\n<span style=\"color: #333333;\"><i>Franka H\u00f6rnschemeyer in Dresden<\/i>, Albertinum, Dresden (Kat.) <\/span><br \/>\n<span style=\"color: #333333;\">2010<\/span><br \/>\n<span style=\"color: #333333;\"><i>In The Presence Of Noise<\/i>, Galerie Nordenhake, Berlin<\/span><br \/>\n<span style=\"color: #333333;\">2008<\/span><br \/>\n<span style=\"color: #333333;\"><i>Peenem\u00fcnde<\/i>, kuratiert von Achille Tzonis, The Jewish Museum of Greece, Athen (Kat.)<\/span><br \/>\n<span style=\"color: #333333;\">2007<\/span><br \/>\n<span style=\"color: #333333;\"><i>Franks International<\/i>, Henry Moore Institute, Leeds<\/span><br \/>\n<span style=\"color: #333333;\">2006<\/span><br \/>\n<span style=\"color: #333333;\"><i>Aufenthaltswahrscheinlichkeit<\/i>, Galerie Nordenhake, Berlin<\/span><br \/>\n<span style=\"color: #333333;\"><i>Kunstpreis der Stadt Nordhorn 2006<\/i>, St\u00e4dtische Galerie Nordhorn (Kat.)<\/span><br \/>\n<span style=\"color: #333333;\">2005<\/span><br \/>\n<span style=\"color: #333333;\"><a style=\"color: #333333;\" href=\"https:\/\/www.youtube.com\/watch?v=KDNO_XO3iWA&amp;feature=youtu.be&amp;app=desktop\" target=\"_blank\" rel=\"noopener\">Kunstverein Ruhr<\/a>, Essen (Kat.)<\/span><br \/>\n<span style=\"color: #333333;\"><i>Versuchsanstalten<\/i>, Historisch-Technisches Informationszentrum, Peenem\u00fcnde<\/span><br \/>\n<span style=\"color: #333333;\">2004<\/span><br \/>\n<span style=\"color: #333333;\"><i>Gipskarton<\/i>, Kapinos Galerie, Berlin<\/span><br \/>\n<span style=\"color: #333333;\">2002<\/span><br \/>\n<span style=\"color: #333333;\"><i>B\u00fcroaufl\u00f6sung<\/i>, Kapinos Galerie, Berlin<\/span><br \/>\n<span style=\"color: #333333;\"><i>Versuchsanlagen<\/i>, Galerie Reinhard Hauff, Stuttgart<\/span><br \/>\n<span style=\"color: #333333;\"><i><a style=\"color: #333333;\" href=\"https:\/\/www.youtube.com\/watch?v=3YUuaZfT1v8\" target=\"_blank\" rel=\"noopener\">Nr. 109<\/a><\/i>, Hamburger Bahnhof, Museum f\u00fcr Gegenwart, Berlin (Kat.)<\/span><br \/>\n<span style=\"color: #333333;\">2001<\/span><br \/>\n<span style=\"color: #333333;\"><i>Das Westzimmer<\/i>, Kapinos Galerie, Berlin<\/span><br \/>\n<span style=\"color: #333333;\">2000<\/span><br \/>\n<span style=\"color: #333333;\"><i><a style=\"color: #333333;\" href=\"https:\/\/vimeo.com\/358194580\" target=\"_blank\" rel=\"noopener\">PSE 900<\/a><\/i>, Lehmbruck-Saal, Kunsthalle Hamburg<\/span><br \/>\n<span style=\"color: #333333;\"><i><a style=\"color: #333333;\" href=\"https:\/\/werkleitz.de\/mse-500\" target=\"_blank\" rel=\"noopener\">MSE 500<\/a><\/i>, 4. Werkleitz Biennale, Halle (Saale)<\/span><br \/>\n<span style=\"color: #333333;\">1998<\/span><br \/>\n<span style=\"color: #333333;\">Galerie Reinhard Hauff, Stuttgart<\/span><br \/>\n<span style=\"color: #333333;\">1997<\/span><br \/>\n<span style=\"color: #333333;\">Galerie Rolf Ricke, K\u00f6ln<\/span><br \/>\n<span style=\"color: #333333;\">1996<\/span><br \/>\n<span style=\"color: #333333;\">Reinhard Hauff bei Achim Kubinski, Stuttgart<\/span><br \/>\n<span style=\"color: #333333;\">Kunststiftung Sabine Schwenk, Schloss Haigerloch, Haigerloch (mit Bethan Huws)<\/span><br \/>\n<span style=\"color: #333333;\">1995<\/span><br \/>\n<span style=\"color: #333333;\">St\u00e4dtische Ausstellungshalle Am Hawerkamp, M\u00fcnster<\/span><br \/>\n<span style=\"color: #333333;\">Peking Kunstausstellungen, Berlin<\/span><br \/>\n<span style=\"color: #333333;\">1994<\/span><br \/>\n<span style=\"color: #333333;\">K\u00fcnstlerhaus Palais Thurn &amp; Taxis, Bregenz (mit Tina Haase, Rolf Bier)<\/span><br \/>\n<span style=\"color: #333333;\">1993<\/span><br \/>\n<span style=\"color: #333333;\">Galerie Rolf Ricke, K\u00f6ln (Kat.)<\/span><br \/>\n<span style=\"color: #333333;\">1990<\/span><br \/>\n<span style=\"color: #333333;\">Kunstverein Lingen, Lingen<\/span><br \/>\n<span style=\"color: #333333;\">1989<\/span><br \/>\n<span style=\"color: #333333;\">Durch 100 x 3,3, Lichtschacht der Galerie Vorsetzen, Hamburg (Kat.)<b><\/b><\/span><\/p>\n<p>&nbsp;<\/p>\n<p><span style=\"color: #333333;\"><b>Gruppenausstellungen (Auswahl)<\/b><\/span><br \/>\n<span style=\"color: #333333;\">2023<\/span><br \/>\n<span style=\"color: #333333;\"><i>resetNOW! 6. Biennale der K\u00fcnstlerinnen im Haus der Kunst<\/i>, K\u00fcnstlerverbund im Haus der Kunst, M\u00fcnchen<\/span><br \/>\n<span style=\"color: #333333;\">2022<\/span><br \/>\n<span style=\"color: #333333;\">in: <a style=\"color: #333333;\" href=\"https:\/\/www.galerie-m.com\/press.php?eid=187\" target=\"_blank\" rel=\"noopener\"><i>Antipoden<\/i><\/a>, Galerie m, Bochum<\/span><br \/>\n<span style=\"color: #333333;\"><i>Schatzhaus &amp; Labor<\/i>, Museum Kurhaus Kleve<\/span><br \/>\n<span style=\"color: #333333;\"><i>Neuerwerbung<\/i>, Kunstsammlung, Ruhr-Universit\u00e4t Bochum<\/span><br \/>\n<span style=\"color: #333333;\">2021<\/span><br \/>\n<span style=\"color: #333333;\"><i>Werden. From Michelangelo to<\/i>, Ferdinandeum , Innsbruck<\/span><br \/>\n<span style=\"color: #333333;\"><i>Relief &#8211; Gespr\u00e4che mit der Wand &#8211; Gespr\u00e4che mit dem Raum<\/i>, KunstRaum Duisburg<\/span><br \/>\n<span style=\"color: #333333;\"><a style=\"color: #333333;\" href=\"https:\/\/www.galerie-m.com\/press.php?&amp;eid=36\" target=\"_blank\" rel=\"noopener\"><i>Grenzf\u00e4lle des Raumes<\/i><\/a>, Galerie m<\/span><br \/>\n<span style=\"color: #333333;\"><i>Mirrors and Windows<\/i>, Philara, D\u00fcsseldorf<\/span><br \/>\n<span style=\"color: #333333;\">2019<\/span><br \/>\n<span style=\"color: #333333;\"><i>100 Jahre Frauenwahlrecht<\/i>, Kur. Andreas Kaernbach, Deutscher Bundestag im Reichstagsgeb\u00e4ude, Berlin (Kat.)<\/span><br \/>\n<span style=\"color: #333333;\"><i>Beziehungsweisen<\/i>, marie wolfgang, Werkstatt &amp; Praxis zeitgen\u00f6ssischer Kunst, Essen<\/span><br \/>\n<span style=\"color: #333333;\"><i>post_minimal conceptual_now <\/i>, Kur. Friederike Wappler, RUB, Museum unter Tage, Bochum (Kat.)<\/span><br \/>\n<span style=\"color: #333333;\">2018<\/span><br \/>\n<span style=\"color: #333333;\"><i>#5 Spatial Manifestation<\/i>, Kur. R\u00fcdiger Lange, Standard International, Glint, Berlin<\/span><br \/>\n<span style=\"color: #333333;\"><i>2. Berlin Britzenale<\/i>, Kur. Christof Zwiener, Britz, Berlin<\/span><br \/>\n<span style=\"color: #333333;\">2017<\/span><br \/>\n<span style=\"color: #333333;\"><i>Akademie [Arbeitstitel]<\/i>, 50 Jahre Kunsthalle D\u00fcsseldorf, (Kat.)<\/span><br \/>\n<span style=\"color: #333333;\">2016<\/span><br \/>\n<span style=\"color: #333333;\"><i>Artist to Artist<\/i>, Kur. Vadim Zakharov, Freehome, Berlin (Kat.)<\/span><br \/>\n<span style=\"color: #333333;\"><i>Klappe eins, Affe tot&#8230;<\/i>,Werke aus der Sammlung Bergmeier, Kunstsaele, Berlin<\/span><br \/>\n<span style=\"color: #333333;\">2015<\/span><br \/>\n<span style=\"color: #333333;\"><i>That\u2019s all,<\/i> G262 Sofie Van De Velde, Antwerpen, Belgien<\/span><br \/>\n<span style=\"color: #333333;\"><i>Charles Gaines, Carla Gualiardi, Franka H\u00f6rnschemeyer<\/i>, Galleri Opdahl, Stavanger, Norwegen<\/span><br \/>\n<span style=\"color: #333333;\"><i>Das Ged\u00e4chtnis des zuk\u00fcnftigen Materials<\/i>, Kur. Elly Brose Eiermann, J\u00f6rg Zaun, J\u00f6rg Goedecke, Bergakademie Freiberg <\/span><br \/>\n<span style=\"color: #333333;\"><i>Raumstationen<\/i>, (87.Herbstausstellung nieders\u00e4chsischer K\u00fcnstlerinnen und K\u00fcnstler) Kunstverein Hannover<\/span><br \/>\n<span style=\"color: #333333;\">2014<\/span><br \/>\n<span style=\"color: #333333;\"><i>Review, Artificial Image<\/i>, Fahrbereitschaft, Berlin<\/span><br \/>\n<span style=\"color: #333333;\"><i>Notausgang am Horizont<\/i>, Kur. Ludwig Seyfarth, Gleishalle am G\u00fcterbahnhof, Bremen (Kat.)<\/span><br \/>\n<span style=\"color: #333333;\"><i>Panoramic Ave.<\/i>, Kunstsaele, Berlin<\/span><br \/>\n<span style=\"color: #333333;\">2013<\/span><br \/>\n<span style=\"color: #333333;\"><i>All Star Cast,<\/i> Galerie Baer \/ Raum f\u00fcr aktuelle Kunst, Dresden<\/span><br \/>\n<span style=\"color: #333333;\"><i>4. Um-Festival f\u00fcr zeitgen\u00f6ssische Kunst<\/i>, Freunde der Uckermark e.V,, Fergitz, Pinnow, Sternhagen<\/span><br \/>\n<span style=\"color: #333333;\">2012<\/span><br \/>\n<span style=\"color: #333333;\"><i>Umst\u00fclpung<\/i>, Kur. G\u00fcnter Umberg, Galerie Nordenhake, Berlin<\/span><br \/>\n<span style=\"color: #333333;\"><i>23_dirty_feeds_and_dirty_mind<\/i>, Kur. Frank Barth und Daniel Caleb Thompsen, Logeraum, Hamburg<\/span><br \/>\n<span style=\"color: #333333;\">2011<\/span><br \/>\n<span style=\"color: #333333;\">Sammlung Bergmeier, Kunstsaele, Berlin<\/span><br \/>\n<span style=\"color: #333333;\"><i>Wir sind Alle Astronauten<\/i>, Universum Buckminster Fuller im Spiegel Zeitgen\u00f6ssischer Kunst, Kuratoren: Markus Richter, Roland Nachtig\u00e4ller, Friederike Fast, Museum Marta, Herford (Kat.)<\/span><br \/>\n<span style=\"color: #333333;\"><i>T.O.E (synergies en resonances)<\/i>, Kur. Luca Pozzi, Centre d\u2019art Bastille, Grenoble<\/span><br \/>\n<span style=\"color: #333333;\">2010<\/span><br \/>\n<span style=\"color: #333333;\"><i>squatting. erinnern, vergessen, besetzen<\/i>, Kur. Tilo Schulz, J\u00f6rg van den Berg, Tempor\u00e4re Kunsthalle, Berlin (Kat.)<\/span><br \/>\n<span style=\"color: #333333;\">2009<\/span><br \/>\n<span style=\"color: #333333;\"><i>Man Son 1969. Vom Schrecken der Situation<\/i>, Hamburger Kunsthalle, Hamburg (Kat.)<\/span><br \/>\n<span style=\"color: #333333;\"><i>Art 40 Basel, Filmprogramm \u201eArt Film\u201c<\/i>, kuratiert von Marc Gl\u00f6de, Stadtkino, Basel<\/span><br \/>\n<span style=\"color: #333333;\">2008<\/span><br \/>\n<span style=\"color: #333333;\"><i>Positionen 1970\u20132008. Vom feministischen Aufbruch zur Normalit\u00e4t?<\/i>, Kunstfabrik, Darmstadt<\/span><br \/>\n<span style=\"color: #333333;\"><i>Megastructure Reloaded<\/i>, Kur. Sabrina van der Ley, Markus Richter, Ehemalige Staatliche M\u00fcnze, Berlin (Kat.)<\/span><br \/>\n<span style=\"color: #333333;\">2007<\/span><br \/>\n<span style=\"color: #333333;\"><i>The Best of Show<\/i>, Kapinos Galerie, Berlin<\/span><br \/>\n<span style=\"color: #333333;\">2006<\/span><br \/>\n<span style=\"color: #333333;\"><i>Ideal City \u2013 Invisible Cities<\/i>, Kur. Sabrina van der Ley, Markus Richter, Potsdam (Kat.)<\/span><br \/>\n<span style=\"color: #333333;\">2005<\/span><br \/>\n<span style=\"color: #333333;\"><i>Fiction or Not Fiction<\/i>, E31 Gallery, Athen<\/span><br \/>\n<span style=\"color: #333333;\"><i>Lasst uns drei H\u00fctten bauen<\/i>, kuratiert von Ingrid Raschke-Stuwe, ehemalige Stadtg\u00e4rtnerei, Bonn<\/span><br \/>\n<span style=\"color: #333333;\">2004<\/span><br \/>\n<span style=\"color: #333333;\"><i>Mobile Museen<\/i>, Org.: Public Art Lab, Potsdamer Platz, Berlin \/ Museumsquartier, Wien \/ Forum 2004, Centre Cultural Can Fabra, Barcelona (Kat.)<\/span><br \/>\n<span style=\"color: #333333;\">2003<\/span><br \/>\n<span style=\"color: #333333;\"><i>Perpetuum Mobile. 40 Jahre Galerie Rolf Ricke<\/i>, Kur. G\u00fcnter Umberg, Galerie Rolf Ricke, K\u00f6ln<\/span><br \/>\n<span style=\"color: #333333;\">2002<\/span><br \/>\n<span style=\"color: #333333;\"><i>Dreiineins. A Show by Berlin Galleries<\/i>, Essor Gallery, London<\/span><br \/>\n<span style=\"color: #333333;\">2000<\/span><br \/>\n<span style=\"color: #333333;\"><i>City-Index. Recherchen im urbanen Raum<\/i>, Margonhaus, Dresden (Kat.)<\/span><br \/>\n<span style=\"color: #333333;\"><i>Real[work]: 4. Werkleitz Biennale<\/i>, Werkleitz und Tornitz (Kat.)<\/span><br \/>\n<span style=\"color: #333333;\"><i>Ein\/r\u00e4umen. Arbeiten im Museum<\/i>, Hamburger Kunsthalle (Kat.)<\/span><br \/>\n<span style=\"color: #333333;\"><i>Die K\u00fcnstlerstiftung. 25 Jahre Karl Schmidt-Rottluff Stipendium<\/i>, Kunsthalle D\u00fcsseldorf (Kat.)<\/span><br \/>\n<span style=\"color: #333333;\">1999<\/span><br \/>\n<span style=\"color: #333333;\"><i>Collection 99<\/i>, Galerie f\u00fcr Zeitgen\u00f6ssische Kunst Leipzig, Leipzig<\/span><br \/>\n<span style=\"color: #333333;\"><i>Neues Gestirn. Jonge kunst uit Nordrhein-Westfalen in Nederlandse galeries en in Consortium<\/i>, Consortium, Amsterdam<\/span><br \/>\n<span style=\"color: #333333;\">1998<\/span><br \/>\n<span style=\"color: #333333;\"><i>Kunst und Parlament. Kunst f\u00fcr das Reichstagsgeb\u00e4ude und das Paul-L\u00f6be- und Marie-Elisabeth-L\u00fcders-Haus<\/i>, Deutscher Bundestag, Berlin<\/span><br \/>\n<span style=\"color: #333333;\"><i>Minimal Maximal. Die Minimal Art und ihr Einflu\u00df auf die Kunst der 90er Jahre<\/i>, Neues Museum Weserburg Bremen (Kat.) \/ Kunsthalle Baden-Baden, 1999 \/ Centro Galego de Arte Contemporan\u00e9a, Santiago de Compostela 1999 \/ City Museum of Art, Chiba 2001 \/ National Museum of Modern Art, Kyoto 2001 \/ Fukuoka Art Museum, Fukuoka 2001 \/ National Museum of Contemporary Art, Seoul 2002<\/span><br \/>\n<span style=\"color: #333333;\">1997<\/span><br \/>\n<span style=\"color: #333333;\"><i>Augenzeugen. Die Sammlung Hanck. Papierarbeiten der 80er und 90er Jahre<\/i>, Kunstmuseum D\u00fcsseldorf im Ehrenhof, D\u00fcsseldorf<\/span><br \/>\n<span style=\"color: #333333;\"><i>Franka H\u00f6rnschemeyer, Lawrence Weiner, Tim Zulauf<\/i>, Kur. Christoph Schenker, Galerie Friedrich, Bern (Kat.) \/ Galerie Andreas Binder, M\u00fcnchen 1998<\/span><br \/>\n<span style=\"color: #333333;\">1996<\/span><br \/>\n<span style=\"color: #333333;\"><i>Form als Ziel m\u00fcndet immer in Formalismus<\/i>, Galerie Rolf Ricke, K\u00f6ln<\/span><br \/>\n<span style=\"color: #333333;\"><i>K\u00f6ln zur Zeit. Zw\u00f6lf Positionen<\/i>, Stadtgalerie im Sophienhof, Kiel (Kat.)<\/span><br \/>\n<span style=\"color: #333333;\">1995<\/span><br \/>\n<span style=\"color: #333333;\">Karl Schmidt-Rottluff Stipendium, Kunsthalle D\u00fcsseldorf (Kat.)<\/span><br \/>\n<span style=\"color: #333333;\">1994<\/span><br \/>\n<span style=\"color: #333333;\"><i>Der Stand der Dinge<\/i>, K\u00f6lnischer Kunstverein, K\u00f6ln (Kat.)<\/span><br \/>\n<span style=\"color: #333333;\">1993<\/span><br \/>\n<span style=\"color: #333333;\"><i>11<\/i>, K\u00f6lnischer Kunstverein, K\u00f6ln (Kat.)<\/span><br \/>\n<span style=\"color: #333333;\">Art Cologne, F\u00f6rderkoje Galerie Rolf Ricke, K\u00f6ln<\/span><br \/>\n<span style=\"color: #333333;\">1992<\/span><br \/>\n<span style=\"color: #333333;\"><i>Artists\u2019 Books from Europe<\/i>, Kur. \u00c1gnes Eperjesi und Judith A. Hoffberg, Liget Gal\u00e9ria, Budapest (Kat.) <\/span><br \/>\n<span style=\"color: #333333;\"><i>Jeroen Doorenweerd, Ann Veronica Janssens, Franka H\u00f6rnschemeyer, Alan Murray<\/i>, Museum Dhondt-Dhaenens, Deurle, Belgien<\/span><br \/>\n<span style=\"color: #333333;\">1991<\/span><br \/>\n<span style=\"color: #333333;\"><i>Snap<\/i>, Galerie Equilibrist, St. Niklaas, Belgien<\/span><br \/>\n<span style=\"color: #333333;\">1990<\/span><br \/>\n<span style=\"color: #333333;\"><i>Programm VIII<\/i>, Galerie Rolf Ricke, K\u00f6ln<\/span><\/p>\n","protected":false},"excerpt":{"rendered":"<p>Biografie von Franka H\u00f6rnschemeyer 1958 geboren in Osnabr\u00fcck Lebt und arbeitet in Berlin. Instagram: @franka_hoernschemeyer &nbsp; &nbsp; &nbsp; &nbsp; &nbsp; [&hellip;]<\/p>\n","protected":false},"author":1,"featured_media":0,"parent":0,"menu_order":0,"comment_status":"closed","ping_status":"closed","template":"","meta":{"site-sidebar-layout":"default","site-content-layout":"","ast-site-content-layout":"default","site-content-style":"default","site-sidebar-style":"default","ast-global-header-display":"","ast-banner-title-visibility":"","ast-main-header-display":"","ast-hfb-above-header-display":"","ast-hfb-below-header-display":"","ast-hfb-mobile-header-display":"","site-post-title":"","ast-breadcrumbs-content":"","ast-featured-img":"","footer-sml-layout":"","ast-disable-related-posts":"","theme-transparent-header-meta":"default","adv-header-id-meta":"","stick-header-meta":"","header-above-stick-meta":"","header-main-stick-meta":"","header-below-stick-meta":"","astra-migrate-meta-layouts":"set","ast-page-background-enabled":"default","ast-page-background-meta":{"desktop":{"background-color":"var(--ast-global-color-4)","background-image":"","background-repeat":"repeat","background-position":"center center","background-size":"auto","background-attachment":"scroll","background-type":"","background-media":"","overlay-type":"","overlay-color":"","overlay-opacity":"","overlay-gradient":""},"tablet":{"background-color":"","background-image":"","background-repeat":"repeat","background-position":"center center","background-size":"auto","background-attachment":"scroll","background-type":"","background-media":"","overlay-type":"","overlay-color":"","overlay-opacity":"","overlay-gradient":""},"mobile":{"background-color":"","background-image":"","background-repeat":"repeat","background-position":"center center","background-size":"auto","background-attachment":"scroll","background-type":"","background-media":"","overlay-type":"","overlay-color":"","overlay-opacity":"","overlay-gradient":""}},"ast-content-background-meta":{"desktop":{"background-color":"var(--ast-global-color-5)","background-image":"","background-repeat":"repeat","background-position":"center center","background-size":"auto","background-attachment":"scroll","background-type":"","background-media":"","overlay-type":"","overlay-color":"","overlay-opacity":"","overlay-gradient":""},"tablet":{"background-color":"var(--ast-global-color-5)","background-image":"","background-repeat":"repeat","background-position":"center center","background-size":"auto","background-attachment":"scroll","background-type":"","background-media":"","overlay-type":"","overlay-color":"","overlay-opacity":"","overlay-gradient":""},"mobile":{"background-color":"var(--ast-global-color-5)","background-image":"","background-repeat":"repeat","background-position":"center center","background-size":"auto","background-attachment":"scroll","background-type":"","background-media":"","overlay-type":"","overlay-color":"","overlay-opacity":"","overlay-gradient":""}},"_vp_format_video_url":"","_vp_image_focal_point":[],"footnotes":""},"class_list":["post-464","page","type-page","status-publish","hentry"],"_links":{"self":[{"href":"https:\/\/dev.m-bochum.de\/index.php\/wp-json\/wp\/v2\/pages\/464","targetHints":{"allow":["GET"]}}],"collection":[{"href":"https:\/\/dev.m-bochum.de\/index.php\/wp-json\/wp\/v2\/pages"}],"about":[{"href":"https:\/\/dev.m-bochum.de\/index.php\/wp-json\/wp\/v2\/types\/page"}],"author":[{"embeddable":true,"href":"https:\/\/dev.m-bochum.de\/index.php\/wp-json\/wp\/v2\/users\/1"}],"replies":[{"embeddable":true,"href":"https:\/\/dev.m-bochum.de\/index.php\/wp-json\/wp\/v2\/comments?post=464"}],"version-history":[{"count":7,"href":"https:\/\/dev.m-bochum.de\/index.php\/wp-json\/wp\/v2\/pages\/464\/revisions"}],"predecessor-version":[{"id":472,"href":"https:\/\/dev.m-bochum.de\/index.php\/wp-json\/wp\/v2\/pages\/464\/revisions\/472"}],"wp:attachment":[{"href":"https:\/\/dev.m-bochum.de\/index.php\/wp-json\/wp\/v2\/media?parent=464"}],"curies":[{"name":"wp","href":"https:\/\/api.w.org\/{rel}","templated":true}]}}