{"id":473,"date":"2024-07-04T12:22:27","date_gmt":"2024-07-04T12:22:27","guid":{"rendered":"https:\/\/dev.m-bochum.de\/?page_id=473"},"modified":"2024-07-04T12:27:47","modified_gmt":"2024-07-04T12:27:47","slug":"lena-von-goedele-bio","status":"publish","type":"page","link":"https:\/\/dev.m-bochum.de\/index.php\/lena-von-goedele-bio\/","title":{"rendered":"Lena von Goedeke Bio"},"content":{"rendered":"<div class=\"subhl\"><span style=\"color: #333333;\"><b><img loading=\"lazy\" decoding=\"async\" class=\"alignleft size-medium wp-image-476\" src=\"https:\/\/dev.m-bochum.de\/wp-content\/uploads\/2024\/07\/Portrait_vonGoedeke_Snap_klein-177x300.jpg\" alt=\"\" width=\"177\" height=\"300\" srcset=\"https:\/\/dev.m-bochum.de\/wp-content\/uploads\/2024\/07\/Portrait_vonGoedeke_Snap_klein-177x300.jpg 177w, https:\/\/dev.m-bochum.de\/wp-content\/uploads\/2024\/07\/Portrait_vonGoedeke_Snap_klein.jpg 200w\" sizes=\"auto, (max-width: 177px) 100vw, 177px\" \/>Biografie von Lena von Goedeke<\/b><\/span><\/div>\n<p><span style=\"color: #333333;\">*1983 in Duisburg<\/span><br \/>\n<span style=\"color: #333333;\">lebt und arbeitet in Berlin<\/span><\/p>\n<p>&nbsp;<\/p>\n<p><span style=\"color: #333333;\"><a style=\"color: #333333;\" href=\"http:\/\/vongoedeke.com\/\" target=\"_blank\" rel=\"noopener\">Webseite <\/a>von Lena von Goedeke<\/span><br \/>\n<span style=\"color: #333333;\">Instagram: <a style=\"color: #333333;\" href=\"https:\/\/www.instagram.com\/lenavongoedeke\/\" target=\"_blank\" rel=\"noopener\">@lenavongoedeke<\/a><\/span><\/p>\n<p>&nbsp;<\/p>\n<p>&nbsp;<\/p>\n<p>&nbsp;<\/p>\n<p>&nbsp;<\/p>\n<p><span style=\"color: #333333;\">2002-03 Studium der Kunstgeschichte, Westf\u00e4lische Wilhelms-Universit\u00e4t M\u00fcnster<\/span><br \/>\n<span style=\"color: #333333;\">2005-11 Studium der Freien Kunst an der Kunstakademie M\u00fcnster bei Prof. Michael van Ofen<\/span><br \/>\n<span style=\"color: #333333;\">2009 Studium der Freien Kunst an der Kunstakademie Trondheim, Norwegen<\/span><br \/>\n<span style=\"color: #333333;\">2010 Ernennung zur Meistersch\u00fclerin von Prof. Michael van Ofen<\/span><br \/>\n<span style=\"color: #333333;\">2011-13 Studium der Freien Kunst an der Kunstakademie D\u00fcsseldorf bei Prof.in Lucy McKenzie<\/span><br \/>\n<span style=\"color: #333333;\">2013 Examen mit Akademiebrief an der Kunstakademie D\u00fcsseldorf<\/span><br \/>\n<span style=\"color: #333333;\">seit 2023 K\u00fcnstlerische Leitung des <a style=\"color: #333333;\" href=\"https:\/\/www.satellite-institute.com\/\" target=\"_blank\" rel=\"noopener\">Satellite Instituts<\/a> f\u00fcr Wissenschaft, Kunst und Technologie in Spitzbergen, Norwegen<\/span><\/p>\n<p>&nbsp;<\/p>\n<p><span style=\"color: #333333;\"><b>Einzel- und Doppelausstellungen<\/b><\/span><br \/>\n<span style=\"color: #333333;\">2023<\/span><br \/>\n<span style=\"color: #333333;\"><i>Precarious Mountains<\/i>, Kunsthalle Recklinghausen<\/span><br \/>\n<span style=\"color: #333333;\">2022<\/span><br \/>\n<span style=\"color: #333333;\"><i>Kryal. Vom Verschwinden des Eises<\/i>, Otto Modersohn Museum, Tecklenburg<\/span><br \/>\n<span style=\"color: #333333;\">2021<\/span><br \/>\n<span style=\"color: #333333;\"><i>RESET. Krise \/\/ Chance<\/i>, Kunstmuseum Ahlen<\/span><br \/>\n<span style=\"color: #333333;\"><i>Soil&#8217;s Song<\/i>, Kallmann Museum, Ismaning<\/span><br \/>\n<span style=\"color: #333333;\">2020<\/span><br \/>\n<span style=\"color: #333333;\"><a style=\"color: #333333;\" href=\"https:\/\/www.galerie-m.com\/press.php?eid=128\" target=\"_blank\" rel=\"noopener\"><i>Stasis<\/i><\/a>, Galerie m, Bochum<\/span><br \/>\n<span style=\"color: #333333;\">2019<\/span><br \/>\n<span style=\"color: #333333;\"><i>Full Fathom Five<\/i>, Dortmunder U<\/span><br \/>\n<span style=\"color: #333333;\"><i>Memory Leaking<\/i>, Kunstverein Recklinghausen<\/span><br \/>\n<span style=\"color: #333333;\"><i>Luv und Lee. Lena von Goedeke und Sophia Pomp\u00e9ry<\/i>, Kunstraum hase29, Osnabr\u00fcck<\/span><br \/>\n<span style=\"color: #333333;\"><i>Normcore. Mit Sascha Appelhoff. <\/i>Transformer, Washington D.C. USA<\/span><br \/>\n<span style=\"color: #333333;\">2018<\/span><br \/>\n<span style=\"color: #333333;\"><i>WHITE NOISE<\/i>, KunstRaum Duisburg<\/span><br \/>\n<span style=\"color: #333333;\"><a style=\"color: #333333;\" href=\"https:\/\/www.galerie-m.com\/press.php?eid=167\" target=\"_blank\" rel=\"noopener\"><i>Raw Feels<\/i><\/a>, Galerie m<\/span><br \/>\n<span style=\"color: #333333;\">Orangerie Schloss Rheda<\/span><br \/>\n<span style=\"color: #333333;\">2017<\/span><br \/>\n<span style=\"color: #333333;\"><i>Stretch. Lena von Goedeke &amp; Sascha Appelhoff<\/i>, HilbertRaum, Berlin<\/span><br \/>\n<span style=\"color: #333333;\">2016<\/span><br \/>\n<span style=\"color: #333333;\"><i>Lametta. Lena von Goedeke &amp; Sascha Appelhoff<\/i>, Kunstverein Bellevue-Saal, Wiesbaden<\/span><br \/>\n<span style=\"color: #333333;\"><i>The Invisible Hour<\/i>, Club der polnischen Versager, Berlin<\/span><br \/>\n<span style=\"color: #333333;\"><i>What happens in vagueness, stays in vagueness<\/i>, Kunstverein Bochum<\/span><br \/>\n<span style=\"color: #333333;\">2015<\/span><br \/>\n<span style=\"color: #333333;\"><i>Conditio sine qua non<\/i>, 48h Neuk\u00f6lln \/ Jonasstrasse 23, Berlin<\/span><br \/>\n<span style=\"color: #333333;\">2014<\/span><br \/>\n<span style=\"color: #333333;\"><i>SPARRING. Lena von Goedeke &amp; Sascha Appelhoff<\/i>, Kunstverein Siegen<\/span><br \/>\n<span style=\"color: #333333;\"><i>On Sight<\/i>, St\u00e4dtische Galerie Altena<\/span><br \/>\n<span style=\"color: #333333;\">2013<\/span><br \/>\n<span style=\"color: #333333;\"><i>Quasimodo<\/i>, Evelyn Drewes Galerie, Berlin<\/span><br \/>\n<span style=\"color: #333333;\">2012<\/span><br \/>\n<span style=\"color: #333333;\"><i>Moving clouds to get a clearer view<\/i>, Kunstverein Greven<\/span><\/p>\n<p>&nbsp;<\/p>\n<p><span style=\"color: #333333;\"><b>Gruppenausstellungen<\/b><\/span><br \/>\n<span style=\"color: #333333;\">2023<\/span><br \/>\n<span style=\"color: #333333;\"><i>The Notion of Silence<\/i>, Kunsthaus [Projektraum] Erfurt<\/span><br \/>\n<span style=\"color: #333333;\"><a style=\"color: #333333;\" href=\"https:\/\/www.galerie-m.com\/press.php?&amp;eid=194\" target=\"_blank\" rel=\"noopener\"><i>Naturen<\/i><\/a>, Galerie m, Bochum<\/span><br \/>\n<span style=\"color: #333333;\"><i>Erde. Verwobenes Leben<\/i>, Kunststiftung DZ Bank, Frankfurt am Main<\/span><br \/>\n<span style=\"color: #333333;\"><i>Precarious Mountains &#8211; Eis und Kohle. Zeitgen\u00f6ssische Positionen aus Spitzbergen<\/i>, Kunsthalle Recklinghausen<\/span><br \/>\n<span style=\"color: #333333;\">2022<\/span><br \/>\n<span style=\"color: #333333;\">in: <a style=\"color: #333333;\" href=\"https:\/\/www.galerie-m.com\/press.php?eid=187\" target=\"_blank\" rel=\"noopener\"><i>Antipoden<\/i><\/a>, Galerie m, Bochum<\/span><br \/>\n<span style=\"color: #333333;\"><i>Fast Nichts<\/i>, Hase 29 &#8211; Gesellschaft f\u00fcr zeitgen\u00f6ssische Kunst Osnabr\u00fcck<\/span><br \/>\n<span style=\"color: #333333;\"><i>Fragile. Alles aus Glas! Grenzbereiche des Skulpturen<\/i>, Kunstmuseum Ahlen<\/span><br \/>\n<span style=\"color: #333333;\"><i>Terra incognita &#8211; Fragen an die Erde<\/i>, Lantz&#8217;scher Skulpturenpark 2022, D\u00fcsseldorf<\/span><br \/>\n<span style=\"color: #333333;\">2021<\/span><br \/>\n<span style=\"color: #333333;\"><i>RESET &#8211; Krise \/\/ Chance<\/i>, Kunstmuseum Ahlen<\/span><br \/>\n<span style=\"color: #333333;\"><a style=\"color: #333333;\" href=\"https:\/\/www.galerie-m.com\/press.php?&amp;eid=36\" target=\"_blank\" rel=\"noopener\"><i>Grenzf\u00e4lle des Raumes<\/i><\/a>, Galerie m<\/span><br \/>\n<span style=\"color: #333333;\">2020<\/span><br \/>\n<span style=\"color: #333333;\"><i>Manifest<\/i>, Uferhallen Berlin<\/span><br \/>\n<span style=\"color: #333333;\"><i>DIE GROSSE<\/i>, Kunstpalast D\u00fcsseldorf<\/span><br \/>\n<span style=\"color: #333333;\"><i>Waterkant<\/i>, K\u00fcnstlerhaus D\u00fcsseldorf<\/span><br \/>\n<span style=\"color: #333333;\"><i>Glas und Beton. Manifestationes des Unm\u00f6glichen<\/i>, Marta Herford<\/span><br \/>\n<span style=\"color: #333333;\"><i>Kaleidoscope. five ways to think about glass<\/i>, Kunstverein Neuk\u00f6lln<\/span><br \/>\n<span style=\"color: #333333;\">2019<\/span><br \/>\n<span style=\"color: #333333;\"><i><a style=\"color: #333333;\" href=\"https:\/\/www.galerie-m.com\/press.php?eid=177\">Galerie m | 3. Mai 1969 &#8211; 3. Mai 2019<\/a><\/i><\/span><br \/>\n<span style=\"color: #333333;\"><i>on paper &#8211; on line<\/i>, KunstRaum, Duisburg 2018<\/span><br \/>\n<span style=\"color: #333333;\"><i>The foot feels the foot when it feels the ground<\/i>, Kunstverein Neuk\u00f6lln. Berlin<\/span><br \/>\n<span style=\"color: #333333;\"><i>Schnittstelle. Contemporary Cut Out trifft expressionistischen Scherenschnitt<\/i>, August Macke Haus, Bonn<\/span><br \/>\n<span style=\"color: #333333;\"><i>Scharf geschnitten. Vom Scherenschnitt zum Papiercut<\/i>, Galerie Stihl, Waiblingen<\/span><br \/>\n<span style=\"color: #333333;\">2017<\/span><br \/>\n<span style=\"color: #333333;\"><i>Female Ejaculation Vol. 1<\/i>, Bar Babette, Berlin<\/span><br \/>\n<span style=\"color: #333333;\"><i>Triangulating Particulars<\/i>, HilbertRaum, Berlin<\/span><br \/>\n<span style=\"color: #333333;\">2016<\/span><br \/>\n<span style=\"color: #333333;\"><i>Proche Banlieue<\/i>, Studio Hochhaus, Berlin<\/span><br \/>\n<span style=\"color: #333333;\"><i>Geeinte Fragmente<\/i>, St. Joseph, M\u00fcnster<\/span><br \/>\n<span style=\"color: #333333;\">2015<\/span><br \/>\n<span style=\"color: #333333;\"><i>Kunstpreis Junger Westen. Auswahlausstellung<\/i> Kunsthalle Recklinghausen<\/span><br \/>\n<span style=\"color: #333333;\"><i>Es gibt keinen Neuschnee<\/i>, Hilbertraum, Berlin<\/span><br \/>\n<span style=\"color: #333333;\"><i>Kunstpreis der Sparkassenstiftung. Auswahlausstellung<\/i>, Karlsruhe<\/span><br \/>\n<span style=\"color: #333333;\">2014<\/span><br \/>\n<span style=\"color: #333333;\"><i>G\u00fcnter Drebusch Preis<\/i>, M\u00e4rkisches Museum Witten<\/span><br \/>\n<span style=\"color: #333333;\"><i>Scale Small Scale<\/i>, raum 3.6., M\u00fcnster<\/span><br \/>\n<span style=\"color: #333333;\">2013<\/span><br \/>\n<span style=\"color: #333333;\"><i>Daring, Darling!<\/i>, Sammlung Philara, D\u00fcsseldorf<\/span><br \/>\n<span style=\"color: #333333;\"><i>Mondes Parallel\u00e8s<\/i>, Eglise St. Merri, Paris<\/span><br \/>\n<span style=\"color: #333333;\">2012<\/span><br \/>\n<span style=\"color: #333333;\"><i>Director\u00b4s choice<\/i>, Kunsthalle M\u00fcnster<\/span><br \/>\n<span style=\"color: #333333;\"><i>DEW21 Kunstpreis<\/i>, Museum f\u00fcr Kunst und Kulturgeschichte, Dortmund<\/span><br \/>\n<span style=\"color: #333333;\"><i>Hamm Hier und Jetzt. Kunstpreis Hamm<\/i>, Gustav-L\u00fcbcke-Museum, Hamm<\/span><\/p>\n<p>&nbsp;<\/p>\n<p><span style=\"color: #333333;\"><b>Preise und Stipendien<\/b><\/span><br \/>\n<span style=\"color: #333333;\">2023 Jahresstipendium Billedkunstnernes Vederlagsfond (BKV)<\/span><br \/>\n<span style=\"color: #333333;\">2023 Produktionsstipendium der Alexander Tutsek Stiftung, M\u00fcnchen<\/span><br \/>\n<span style=\"color: #333333;\">2023 Jutta Cuny-Franz Memorial Award<\/span><br \/>\n<span style=\"color: #333333;\">2022 VISIT-Stipendium der E.ON Stiftung<\/span><br \/>\n<span style=\"color: #333333;\">2021 Jahresstipendium Stiftung Kunstfonds<\/span><br \/>\n<span style=\"color: #333333;\">2020 Kallmann-Preis Ismaning<\/span><br \/>\n<span style=\"color: #333333;\">2018 DEW Kunstpreis<\/span><br \/>\n<span style=\"color: #333333;\">2018 Arctic Circle Residency<\/span><br \/>\n<span style=\"color: #333333;\">2017 Ruhr Residence der Kunstvereine Ruhr<\/span><br \/>\n<span style=\"color: #333333;\">2016 Katalogf\u00f6rderung der Stiftung Zukunft NRW<\/span><br \/>\n<span style=\"color: #333333;\">2015 Projektf\u00f6rderung der Kunststiftung NRW<\/span><br \/>\n<span style=\"color: #333333;\">2014 Jahresstipendium des Werkstatt Altena e.V.<\/span><br \/>\n<span style=\"color: #333333;\">2013 Cit\u00e9 Internationale des Arts mit Appelhoff\/von Goedeke, Paris<\/span><br \/>\n<span style=\"color: #333333;\">2013 Kunstpreis der Stadt Hamm<\/span><br \/>\n<span style=\"color: #333333;\">2012 Arbeitsstipendium des Kunstvereins Greven<\/span><br \/>\n<span style=\"color: #333333;\">2010 Gotlandstipendium des Landschaftsverband Westfalen-Lippe, M\u00fcnster<\/span><br \/>\n<span style=\"color: #333333;\">2010 F\u00f6rderpreis der Freunde und F\u00f6rderer der Kunstakademie M\u00fcnster e.V.<\/span><br \/>\n<span style=\"color: #333333;\">2009 Arbeitsstipendium der Aldegrever Gesellschaft f. Druckgrafik in S\u00e9guret, Frankreich<\/span><\/p>\n<p>&nbsp;<\/p>\n<p><span style=\"color: #333333;\"><b>Werke in \u00f6ffentlichen Sammlungen<\/b><\/span><br \/>\n<span style=\"color: #333333;\">Stiftung Museum Kunstpalast<\/span><br \/>\n<span style=\"color: #333333;\">Kunststiftung DZ Bank<\/span><\/p>\n","protected":false},"excerpt":{"rendered":"<p>Biografie von Lena von Goedeke *1983 in Duisburg lebt und arbeitet in Berlin &nbsp; Webseite von Lena von Goedeke Instagram: [&hellip;]<\/p>\n","protected":false},"author":1,"featured_media":0,"parent":0,"menu_order":0,"comment_status":"closed","ping_status":"closed","template":"","meta":{"site-sidebar-layout":"default","site-content-layout":"","ast-site-content-layout":"default","site-content-style":"default","site-sidebar-style":"default","ast-global-header-display":"","ast-banner-title-visibility":"","ast-main-header-display":"","ast-hfb-above-header-display":"","ast-hfb-below-header-display":"","ast-hfb-mobile-header-display":"","site-post-title":"","ast-breadcrumbs-content":"","ast-featured-img":"","footer-sml-layout":"","ast-disable-related-posts":"","theme-transparent-header-meta":"default","adv-header-id-meta":"","stick-header-meta":"","header-above-stick-meta":"","header-main-stick-meta":"","header-below-stick-meta":"","astra-migrate-meta-layouts":"set","ast-page-background-enabled":"default","ast-page-background-meta":{"desktop":{"background-color":"var(--ast-global-color-4)","background-image":"","background-repeat":"repeat","background-position":"center center","background-size":"auto","background-attachment":"scroll","background-type":"","background-media":"","overlay-type":"","overlay-color":"","overlay-opacity":"","overlay-gradient":""},"tablet":{"background-color":"","background-image":"","background-repeat":"repeat","background-position":"center center","background-size":"auto","background-attachment":"scroll","background-type":"","background-media":"","overlay-type":"","overlay-color":"","overlay-opacity":"","overlay-gradient":""},"mobile":{"background-color":"","background-image":"","background-repeat":"repeat","background-position":"center center","background-size":"auto","background-attachment":"scroll","background-type":"","background-media":"","overlay-type":"","overlay-color":"","overlay-opacity":"","overlay-gradient":""}},"ast-content-background-meta":{"desktop":{"background-color":"var(--ast-global-color-5)","background-image":"","background-repeat":"repeat","background-position":"center center","background-size":"auto","background-attachment":"scroll","background-type":"","background-media":"","overlay-type":"","overlay-color":"","overlay-opacity":"","overlay-gradient":""},"tablet":{"background-color":"var(--ast-global-color-5)","background-image":"","background-repeat":"repeat","background-position":"center center","background-size":"auto","background-attachment":"scroll","background-type":"","background-media":"","overlay-type":"","overlay-color":"","overlay-opacity":"","overlay-gradient":""},"mobile":{"background-color":"var(--ast-global-color-5)","background-image":"","background-repeat":"repeat","background-position":"center center","background-size":"auto","background-attachment":"scroll","background-type":"","background-media":"","overlay-type":"","overlay-color":"","overlay-opacity":"","overlay-gradient":""}},"_vp_format_video_url":"","_vp_image_focal_point":[],"footnotes":""},"class_list":["post-473","page","type-page","status-publish","hentry"],"_links":{"self":[{"href":"https:\/\/dev.m-bochum.de\/index.php\/wp-json\/wp\/v2\/pages\/473","targetHints":{"allow":["GET"]}}],"collection":[{"href":"https:\/\/dev.m-bochum.de\/index.php\/wp-json\/wp\/v2\/pages"}],"about":[{"href":"https:\/\/dev.m-bochum.de\/index.php\/wp-json\/wp\/v2\/types\/page"}],"author":[{"embeddable":true,"href":"https:\/\/dev.m-bochum.de\/index.php\/wp-json\/wp\/v2\/users\/1"}],"replies":[{"embeddable":true,"href":"https:\/\/dev.m-bochum.de\/index.php\/wp-json\/wp\/v2\/comments?post=473"}],"version-history":[{"count":5,"href":"https:\/\/dev.m-bochum.de\/index.php\/wp-json\/wp\/v2\/pages\/473\/revisions"}],"predecessor-version":[{"id":479,"href":"https:\/\/dev.m-bochum.de\/index.php\/wp-json\/wp\/v2\/pages\/473\/revisions\/479"}],"wp:attachment":[{"href":"https:\/\/dev.m-bochum.de\/index.php\/wp-json\/wp\/v2\/media?parent=473"}],"curies":[{"name":"wp","href":"https:\/\/api.w.org\/{rel}","templated":true}]}}