{"id":504,"date":"2024-07-04T13:06:38","date_gmt":"2024-07-04T13:06:38","guid":{"rendered":"https:\/\/dev.m-bochum.de\/?page_id=504"},"modified":"2024-07-08T09:33:12","modified_gmt":"2024-07-08T09:33:12","slug":"franka-hoernschemeyer-bilder","status":"publish","type":"page","link":"https:\/\/dev.m-bochum.de\/index.php\/franka-hoernschemeyer-bilder\/","title":{"rendered":"Franka H\u00f6rnschemeyer"},"content":{"rendered":"<div id='gallery-1' class='gallery galleryid-504 gallery-columns-1 gallery-size-large'><figure class='gallery-item'>\n\t\t\t<div class='gallery-icon landscape'>\n\t\t\t\t<a href='https:\/\/dev.m-bochum.de\/wp-content\/uploads\/2024\/07\/Hoernschemeyer-Volume-of-Uncertainty-Shift-224-Galerie-m_11.jpg'><img loading=\"lazy\" decoding=\"async\" width=\"1024\" height=\"683\" src=\"https:\/\/dev.m-bochum.de\/wp-content\/uploads\/2024\/07\/Hoernschemeyer-Volume-of-Uncertainty-Shift-224-Galerie-m_11-1024x683.jpg\" class=\"attachment-large size-large\" alt=\"Shift 224, 2024\" aria-describedby=\"gallery-1-513\" srcset=\"https:\/\/dev.m-bochum.de\/wp-content\/uploads\/2024\/07\/Hoernschemeyer-Volume-of-Uncertainty-Shift-224-Galerie-m_11-1024x683.jpg 1024w, https:\/\/dev.m-bochum.de\/wp-content\/uploads\/2024\/07\/Hoernschemeyer-Volume-of-Uncertainty-Shift-224-Galerie-m_11-300x200.jpg 300w, https:\/\/dev.m-bochum.de\/wp-content\/uploads\/2024\/07\/Hoernschemeyer-Volume-of-Uncertainty-Shift-224-Galerie-m_11-768x512.jpg 768w, https:\/\/dev.m-bochum.de\/wp-content\/uploads\/2024\/07\/Hoernschemeyer-Volume-of-Uncertainty-Shift-224-Galerie-m_11.jpg 1125w\" sizes=\"auto, (max-width: 1024px) 100vw, 1024px\" \/><\/a>\n\t\t\t<\/div>\n\t\t\t\t<figcaption class='wp-caption-text gallery-caption' id='gallery-1-513'>\n\t\t\t\tShift 224, 2024\n\t\t\t\t<\/figcaption><\/figure>\n\t\t<\/div>\n\n<p>li: <i>Volume of Uncertainty (Shift 224)<\/i>, 2024,\u00a0Stahl, Gipskarton, Draht,\u00a0ca. 240 x 420 x 184 cm<br \/>\nre: <i>Volume of Uncertainty (323)<\/i>, 2023,\u00a0Gipskarton, Draht,\u00a0Ma\u00dfe variabel, ca. 222 x 162 x 77 cm<\/p>\n<p>&nbsp;<\/p>\n<div id='gallery-2' class='gallery galleryid-504 gallery-columns-4 gallery-size-medium'><figure class='gallery-item'>\n\t\t\t<div class='gallery-icon portrait'>\n\t\t\t\t<a href='https:\/\/dev.m-bochum.de\/wp-content\/uploads\/2024\/07\/Hoernschemeyer-Volume-of-Uncertainty-323-m11874-1.jpeg'><img loading=\"lazy\" decoding=\"async\" width=\"200\" height=\"300\" src=\"https:\/\/dev.m-bochum.de\/wp-content\/uploads\/2024\/07\/Hoernschemeyer-Volume-of-Uncertainty-323-m11874-1-200x300.jpeg\" class=\"attachment-medium size-medium\" alt=\"\" aria-describedby=\"gallery-2-518\" srcset=\"https:\/\/dev.m-bochum.de\/wp-content\/uploads\/2024\/07\/Hoernschemeyer-Volume-of-Uncertainty-323-m11874-1-200x300.jpeg 200w, https:\/\/dev.m-bochum.de\/wp-content\/uploads\/2024\/07\/Hoernschemeyer-Volume-of-Uncertainty-323-m11874-1-682x1024.jpeg 682w, https:\/\/dev.m-bochum.de\/wp-content\/uploads\/2024\/07\/Hoernschemeyer-Volume-of-Uncertainty-323-m11874-1-768x1152.jpeg 768w, https:\/\/dev.m-bochum.de\/wp-content\/uploads\/2024\/07\/Hoernschemeyer-Volume-of-Uncertainty-323-m11874-1.jpeg 853w\" sizes=\"auto, (max-width: 200px) 100vw, 200px\" \/><\/a>\n\t\t\t<\/div>\n\t\t\t\t<figcaption class='wp-caption-text gallery-caption' id='gallery-2-518'>\n\t\t\t\tVolume of Uncertainty 323, 2017-23 Gipskarton, Draht variable Gr\u00f6\u00dfe\n\t\t\t\t<\/figcaption><\/figure><figure class='gallery-item'>\n\t\t\t<div class='gallery-icon landscape'>\n\t\t\t\t<a href='https:\/\/dev.m-bochum.de\/wp-content\/uploads\/2024\/07\/Hornschemeyer-Animation-2024-m11999-03.jpg'><img loading=\"lazy\" decoding=\"async\" width=\"300\" height=\"200\" src=\"https:\/\/dev.m-bochum.de\/wp-content\/uploads\/2024\/07\/Hornschemeyer-Animation-2024-m11999-03-300x200.jpg\" class=\"attachment-medium size-medium\" alt=\"\" aria-describedby=\"gallery-2-519\" srcset=\"https:\/\/dev.m-bochum.de\/wp-content\/uploads\/2024\/07\/Hornschemeyer-Animation-2024-m11999-03-300x200.jpg 300w, https:\/\/dev.m-bochum.de\/wp-content\/uploads\/2024\/07\/Hornschemeyer-Animation-2024-m11999-03-1024x683.jpg 1024w, https:\/\/dev.m-bochum.de\/wp-content\/uploads\/2024\/07\/Hornschemeyer-Animation-2024-m11999-03-768x512.jpg 768w, https:\/\/dev.m-bochum.de\/wp-content\/uploads\/2024\/07\/Hornschemeyer-Animation-2024-m11999-03.jpg 1125w\" sizes=\"auto, (max-width: 300px) 100vw, 300px\" \/><\/a>\n\t\t\t<\/div>\n\t\t\t\t<figcaption class='wp-caption-text gallery-caption' id='gallery-2-519'>\n\t\t\t\tAnimation, 2024 Gipskarton 10tlg., 80 x 274 x 30 cm\n\t\t\t\t<\/figcaption><\/figure><figure class='gallery-item'>\n\t\t\t<div class='gallery-icon portrait'>\n\t\t\t\t<a href='https:\/\/dev.m-bochum.de\/wp-content\/uploads\/2024\/07\/Franka-Hoernschemeyer-Equation-d1-02.jpg'><img loading=\"lazy\" decoding=\"async\" width=\"228\" height=\"300\" src=\"https:\/\/dev.m-bochum.de\/wp-content\/uploads\/2024\/07\/Franka-Hoernschemeyer-Equation-d1-02-228x300.jpg\" class=\"attachment-medium size-medium\" alt=\"\" aria-describedby=\"gallery-2-521\" srcset=\"https:\/\/dev.m-bochum.de\/wp-content\/uploads\/2024\/07\/Franka-Hoernschemeyer-Equation-d1-02-228x300.jpg 228w, https:\/\/dev.m-bochum.de\/wp-content\/uploads\/2024\/07\/Franka-Hoernschemeyer-Equation-d1-02.jpg 548w\" sizes=\"auto, (max-width: 228px) 100vw, 228px\" \/><\/a>\n\t\t\t<\/div>\n\t\t\t\t<figcaption class='wp-caption-text gallery-caption' id='gallery-2-521'>\n\t\t\t\tEquation (d1), 2020 Schalelemente aus Stahl und Holz ca. 230 x 170 x 150 cm\n\t\t\t\t<\/figcaption><\/figure>\n\t\t<\/div>\n\n<p>&nbsp;<\/p>\n<figure id=\"attachment_542\" aria-describedby=\"caption-attachment-542\" style=\"width: 300px\" class=\"wp-caption alignleft\"><img loading=\"lazy\" decoding=\"async\" class=\"size-medium wp-image-542\" src=\"https:\/\/dev.m-bochum.de\/wp-content\/uploads\/2024\/07\/Ausst_Antipoden_Hoernschemeyer_Transponder_I-m11396-Galerie-m-300x200.jpg\" alt=\"\" width=\"300\" height=\"200\" srcset=\"https:\/\/dev.m-bochum.de\/wp-content\/uploads\/2024\/07\/Ausst_Antipoden_Hoernschemeyer_Transponder_I-m11396-Galerie-m-300x200.jpg 300w, https:\/\/dev.m-bochum.de\/wp-content\/uploads\/2024\/07\/Ausst_Antipoden_Hoernschemeyer_Transponder_I-m11396-Galerie-m-1024x683.jpg 1024w, https:\/\/dev.m-bochum.de\/wp-content\/uploads\/2024\/07\/Ausst_Antipoden_Hoernschemeyer_Transponder_I-m11396-Galerie-m-768x512.jpg 768w, https:\/\/dev.m-bochum.de\/wp-content\/uploads\/2024\/07\/Ausst_Antipoden_Hoernschemeyer_Transponder_I-m11396-Galerie-m.jpg 1125w\" sizes=\"auto, (max-width: 300px) 100vw, 300px\" \/><figcaption id=\"caption-attachment-542\" class=\"wp-caption-text\">Transponder 121, 2021 Raumkonstruktion, Quader aus Schalelementen, Ankerseil ca. 125 x 125 x 25 cm und 62,5 x 62,5 x 25 cm<\/figcaption><\/figure>\n<p><a href=\"https:\/\/www.galerie-m.com\/artist_info2.php?aid=206&amp;aid=206&amp;aifid=398\"><i><b>Transponder 121<\/b><\/i><\/a>, 2021<br \/>\nSchalplatten, Ankerseil<br \/>\nGruppenausstellung <i>MIRROWS AND WINDOWS<\/i>, Philara, D\u00fcsseldorf<br \/>\nFranka H\u00f6rnschemeyer entwickelte eigens f\u00fcr die Gruppenausstellung eine raumspezifische Skulptur. Zwei unterschiedlich gro\u00dfe Holzquader werden \u00fcber ein Seil miteinander verbunden und getragen.<\/p>\n<p>&nbsp;<\/p>\n<p>&nbsp;<\/p>\n<p>&nbsp;<\/p>\n<div id='gallery-3' class='gallery galleryid-504 gallery-columns-4 gallery-size-medium'><figure class='gallery-item'>\n\t\t\t<div class='gallery-icon landscape'>\n\t\t\t\t<a href='https:\/\/dev.m-bochum.de\/wp-content\/uploads\/2024\/07\/Ausst_Antipoden_Hoernschemeyer_Transponder_I-m11396-Galerie-m.jpg'><img loading=\"lazy\" decoding=\"async\" width=\"300\" height=\"200\" src=\"https:\/\/dev.m-bochum.de\/wp-content\/uploads\/2024\/07\/Ausst_Antipoden_Hoernschemeyer_Transponder_I-m11396-Galerie-m-300x200.jpg\" class=\"attachment-medium size-medium\" alt=\"\" aria-describedby=\"gallery-3-542\" srcset=\"https:\/\/dev.m-bochum.de\/wp-content\/uploads\/2024\/07\/Ausst_Antipoden_Hoernschemeyer_Transponder_I-m11396-Galerie-m-300x200.jpg 300w, https:\/\/dev.m-bochum.de\/wp-content\/uploads\/2024\/07\/Ausst_Antipoden_Hoernschemeyer_Transponder_I-m11396-Galerie-m-1024x683.jpg 1024w, https:\/\/dev.m-bochum.de\/wp-content\/uploads\/2024\/07\/Ausst_Antipoden_Hoernschemeyer_Transponder_I-m11396-Galerie-m-768x512.jpg 768w, https:\/\/dev.m-bochum.de\/wp-content\/uploads\/2024\/07\/Ausst_Antipoden_Hoernschemeyer_Transponder_I-m11396-Galerie-m.jpg 1125w\" sizes=\"auto, (max-width: 300px) 100vw, 300px\" \/><\/a>\n\t\t\t<\/div>\n\t\t\t\t<figcaption class='wp-caption-text gallery-caption' id='gallery-3-542'>\n\t\t\t\tTransponder 121, 2021 Raumkonstruktion, Quader aus Schalelementen, Ankerseil ca. 125 x 125 x 25 cm und 62,5 x 62,5 x 25 cm\n\t\t\t\t<\/figcaption><\/figure><figure class='gallery-item'>\n\t\t\t<div class='gallery-icon landscape'>\n\t\t\t\t<a href='https:\/\/dev.m-bochum.de\/wp-content\/uploads\/2024\/07\/Screening_513b-K-e1720104783143.jpeg'><img loading=\"lazy\" decoding=\"async\" width=\"300\" height=\"215\" src=\"https:\/\/dev.m-bochum.de\/wp-content\/uploads\/2024\/07\/Screening_513b-K-e1720104783143-300x215.jpeg\" class=\"attachment-medium size-medium\" alt=\"\" aria-describedby=\"gallery-3-541\" srcset=\"https:\/\/dev.m-bochum.de\/wp-content\/uploads\/2024\/07\/Screening_513b-K-e1720104783143-300x215.jpeg 300w, https:\/\/dev.m-bochum.de\/wp-content\/uploads\/2024\/07\/Screening_513b-K-e1720104783143.jpeg 637w\" sizes=\"auto, (max-width: 300px) 100vw, 300px\" \/><\/a>\n\t\t\t<\/div>\n\t\t\t\t<figcaption class='wp-caption-text gallery-caption' id='gallery-3-541'>\n\t\t\t\tScreening 222, 2022 Aluminiumwabenverbundplatten, Scharnierband, Ma\u00dfe variabel, 4 Fl\u00fcgel mit je 11 Abschnitten, je 24 x 176 cm\n\t\t\t\t<\/figcaption><\/figure><figure class='gallery-item'>\n\t\t\t<div class='gallery-icon landscape'>\n\t\t\t\t<a href='https:\/\/dev.m-bochum.de\/wp-content\/uploads\/2024\/07\/Franka-Hoernschemeyer-Omikron-m11255-02.jpg'><img loading=\"lazy\" decoding=\"async\" width=\"300\" height=\"200\" src=\"https:\/\/dev.m-bochum.de\/wp-content\/uploads\/2024\/07\/Franka-Hoernschemeyer-Omikron-m11255-02-300x200.jpg\" class=\"attachment-medium size-medium\" alt=\"\" aria-describedby=\"gallery-3-544\" srcset=\"https:\/\/dev.m-bochum.de\/wp-content\/uploads\/2024\/07\/Franka-Hoernschemeyer-Omikron-m11255-02-300x200.jpg 300w, https:\/\/dev.m-bochum.de\/wp-content\/uploads\/2024\/07\/Franka-Hoernschemeyer-Omikron-m11255-02-1024x683.jpg 1024w, https:\/\/dev.m-bochum.de\/wp-content\/uploads\/2024\/07\/Franka-Hoernschemeyer-Omikron-m11255-02-768x512.jpg 768w, https:\/\/dev.m-bochum.de\/wp-content\/uploads\/2024\/07\/Franka-Hoernschemeyer-Omikron-m11255-02.jpg 1125w\" sizes=\"auto, (max-width: 300px) 100vw, 300px\" \/><\/a>\n\t\t\t<\/div>\n\t\t\t\t<figcaption class='wp-caption-text gallery-caption' id='gallery-3-544'>\n\t\t\t\tOmikron, 2020 aus Axiom 420 Schalelemente aus Stahl, Ankerseil 275 x 315 x 240 cm\n\t\t\t\t<\/figcaption><\/figure><figure class='gallery-item'>\n\t\t\t<div class='gallery-icon landscape'>\n\t\t\t\t<a href='https:\/\/dev.m-bochum.de\/wp-content\/uploads\/2024\/07\/Franka-Hoenschemeyer-Axiom420-Ansicht-04.jpg'><img loading=\"lazy\" decoding=\"async\" width=\"300\" height=\"200\" src=\"https:\/\/dev.m-bochum.de\/wp-content\/uploads\/2024\/07\/Franka-Hoenschemeyer-Axiom420-Ansicht-04-300x200.jpg\" class=\"attachment-medium size-medium\" alt=\"\" aria-describedby=\"gallery-3-543\" srcset=\"https:\/\/dev.m-bochum.de\/wp-content\/uploads\/2024\/07\/Franka-Hoenschemeyer-Axiom420-Ansicht-04-300x200.jpg 300w, https:\/\/dev.m-bochum.de\/wp-content\/uploads\/2024\/07\/Franka-Hoenschemeyer-Axiom420-Ansicht-04-1024x683.jpg 1024w, https:\/\/dev.m-bochum.de\/wp-content\/uploads\/2024\/07\/Franka-Hoenschemeyer-Axiom420-Ansicht-04-768x512.jpg 768w, https:\/\/dev.m-bochum.de\/wp-content\/uploads\/2024\/07\/Franka-Hoenschemeyer-Axiom420-Ansicht-04.jpg 1125w\" sizes=\"auto, (max-width: 300px) 100vw, 300px\" \/><\/a>\n\t\t\t<\/div>\n\t\t\t\t<figcaption class='wp-caption-text gallery-caption' id='gallery-3-543'>\n\t\t\t\tAxiom 420, 2020 Konstruktion mit Skulpturen aus wiederverwendeten Schalplatten und Rasterelementen, Ankerseil\n\t\t\t\t<\/figcaption><\/figure>\n\t\t<\/div>\n\n<p>&nbsp;<\/p>\n<div id='gallery-4' class='gallery galleryid-504 gallery-columns-4 gallery-size-large'><figure class='gallery-item'>\n\t\t\t<div class='gallery-icon portrait'>\n\t\t\t\t<a href='https:\/\/dev.m-bochum.de\/wp-content\/uploads\/2024\/07\/Franka-Hoernschemeyer-neue-Arbeit-01-2.jpg'><img loading=\"lazy\" decoding=\"async\" width=\"575\" height=\"750\" src=\"https:\/\/dev.m-bochum.de\/wp-content\/uploads\/2024\/07\/Franka-Hoernschemeyer-neue-Arbeit-01-2.jpg\" class=\"attachment-large size-large\" alt=\"\" aria-describedby=\"gallery-4-549\" srcset=\"https:\/\/dev.m-bochum.de\/wp-content\/uploads\/2024\/07\/Franka-Hoernschemeyer-neue-Arbeit-01-2.jpg 575w, https:\/\/dev.m-bochum.de\/wp-content\/uploads\/2024\/07\/Franka-Hoernschemeyer-neue-Arbeit-01-2-230x300.jpg 230w\" sizes=\"auto, (max-width: 575px) 100vw, 575px\" \/><\/a>\n\t\t\t<\/div>\n\t\t\t\t<figcaption class='wp-caption-text gallery-caption' id='gallery-4-549'>\n\t\t\t\tNexus 721, 2021 Quadar aus Schalplatten, Ankerseil 65,5 x 62,5 x 50 cm \/ 125 x 125 x 25 cm\n\t\t\t\t<\/figcaption><\/figure><figure class='gallery-item'>\n\t\t\t<div class='gallery-icon portrait'>\n\t\t\t\t<a href='https:\/\/dev.m-bochum.de\/wp-content\/uploads\/2024\/07\/Franka-Hoernschemeyer-neue-Arbeit-05.jpg'><img loading=\"lazy\" decoding=\"async\" width=\"539\" height=\"750\" src=\"https:\/\/dev.m-bochum.de\/wp-content\/uploads\/2024\/07\/Franka-Hoernschemeyer-neue-Arbeit-05.jpg\" class=\"attachment-large size-large\" alt=\"\" aria-describedby=\"gallery-4-546\" srcset=\"https:\/\/dev.m-bochum.de\/wp-content\/uploads\/2024\/07\/Franka-Hoernschemeyer-neue-Arbeit-05.jpg 539w, https:\/\/dev.m-bochum.de\/wp-content\/uploads\/2024\/07\/Franka-Hoernschemeyer-neue-Arbeit-05-216x300.jpg 216w\" sizes=\"auto, (max-width: 539px) 100vw, 539px\" \/><\/a>\n\t\t\t<\/div>\n\t\t\t\t<figcaption class='wp-caption-text gallery-caption' id='gallery-4-546'>\n\t\t\t\tNexus 721, 2021 Quadar aus Schalplatten, Ankerseil 65,5 x 62,5 x 50 cm \/ 125 x 125 x 25 cm\n\t\t\t\t<\/figcaption><\/figure><figure class='gallery-item'>\n\t\t\t<div class='gallery-icon portrait'>\n\t\t\t\t<a href='https:\/\/dev.m-bochum.de\/wp-content\/uploads\/2024\/07\/Franka-Hoernschemeyer-Axiom-420-180820-02-web.jpg'><img loading=\"lazy\" decoding=\"async\" width=\"491\" height=\"750\" src=\"https:\/\/dev.m-bochum.de\/wp-content\/uploads\/2024\/07\/Franka-Hoernschemeyer-Axiom-420-180820-02-web.jpg\" class=\"attachment-large size-large\" alt=\"\" aria-describedby=\"gallery-4-547\" srcset=\"https:\/\/dev.m-bochum.de\/wp-content\/uploads\/2024\/07\/Franka-Hoernschemeyer-Axiom-420-180820-02-web.jpg 491w, https:\/\/dev.m-bochum.de\/wp-content\/uploads\/2024\/07\/Franka-Hoernschemeyer-Axiom-420-180820-02-web-196x300.jpg 196w\" sizes=\"auto, (max-width: 491px) 100vw, 491px\" \/><\/a>\n\t\t\t<\/div>\n\t\t\t\t<figcaption class='wp-caption-text gallery-caption' id='gallery-4-547'>\n\t\t\t\tAlpha, 2020 aus Axiom 420 Schalplatten, Ankerseil 4tlg., ca. 320 cm H\u00f6he, 100 &#8211; 140 cm Breite\n\t\t\t\t<\/figcaption><\/figure><figure class='gallery-item'>\n\t\t\t<div class='gallery-icon portrait'>\n\t\t\t\t<a href='https:\/\/dev.m-bochum.de\/wp-content\/uploads\/2024\/07\/Franka-Hoernschemeyer-Axiom-420-180820-05.jpg'><img loading=\"lazy\" decoding=\"async\" width=\"483\" height=\"750\" src=\"https:\/\/dev.m-bochum.de\/wp-content\/uploads\/2024\/07\/Franka-Hoernschemeyer-Axiom-420-180820-05.jpg\" class=\"attachment-large size-large\" alt=\"\" aria-describedby=\"gallery-4-548\" srcset=\"https:\/\/dev.m-bochum.de\/wp-content\/uploads\/2024\/07\/Franka-Hoernschemeyer-Axiom-420-180820-05.jpg 483w, https:\/\/dev.m-bochum.de\/wp-content\/uploads\/2024\/07\/Franka-Hoernschemeyer-Axiom-420-180820-05-193x300.jpg 193w\" sizes=\"auto, (max-width: 483px) 100vw, 483px\" \/><\/a>\n\t\t\t<\/div>\n\t\t\t\t<figcaption class='wp-caption-text gallery-caption' id='gallery-4-548'>\n\t\t\t\tZeta, 2020 aus Axiom 420 Schalplatten, Ankerseil 5tlg., ca. 360 cm H\u00f6he, 90-160 cm Breite\n\t\t\t\t<\/figcaption><\/figure>\n\t\t<\/div>\n\n","protected":false},"excerpt":{"rendered":"<p>li: Volume of Uncertainty (Shift 224), 2024,\u00a0Stahl, Gipskarton, Draht,\u00a0ca. 240 x 420 x 184 cm re: Volume of Uncertainty (323), [&hellip;]<\/p>\n","protected":false},"author":1,"featured_media":0,"parent":0,"menu_order":0,"comment_status":"closed","ping_status":"closed","template":"","meta":{"site-sidebar-layout":"default","site-content-layout":"","ast-site-content-layout":"default","site-content-style":"default","site-sidebar-style":"default","ast-global-header-display":"","ast-banner-title-visibility":"","ast-main-header-display":"","ast-hfb-above-header-display":"","ast-hfb-below-header-display":"","ast-hfb-mobile-header-display":"","site-post-title":"","ast-breadcrumbs-content":"","ast-featured-img":"","footer-sml-layout":"","ast-disable-related-posts":"","theme-transparent-header-meta":"default","adv-header-id-meta":"","stick-header-meta":"","header-above-stick-meta":"","header-main-stick-meta":"","header-below-stick-meta":"","astra-migrate-meta-layouts":"set","ast-page-background-enabled":"default","ast-page-background-meta":{"desktop":{"background-color":"var(--ast-global-color-4)","background-image":"","background-repeat":"repeat","background-position":"center center","background-size":"auto","background-attachment":"scroll","background-type":"","background-media":"","overlay-type":"","overlay-color":"","overlay-opacity":"","overlay-gradient":""},"tablet":{"background-color":"","background-image":"","background-repeat":"repeat","background-position":"center center","background-size":"auto","background-attachment":"scroll","background-type":"","background-media":"","overlay-type":"","overlay-color":"","overlay-opacity":"","overlay-gradient":""},"mobile":{"background-color":"","background-image":"","background-repeat":"repeat","background-position":"center center","background-size":"auto","background-attachment":"scroll","background-type":"","background-media":"","overlay-type":"","overlay-color":"","overlay-opacity":"","overlay-gradient":""}},"ast-content-background-meta":{"desktop":{"background-color":"var(--ast-global-color-5)","background-image":"","background-repeat":"repeat","background-position":"center center","background-size":"auto","background-attachment":"scroll","background-type":"","background-media":"","overlay-type":"","overlay-color":"","overlay-opacity":"","overlay-gradient":""},"tablet":{"background-color":"var(--ast-global-color-5)","background-image":"","background-repeat":"repeat","background-position":"center center","background-size":"auto","background-attachment":"scroll","background-type":"","background-media":"","overlay-type":"","overlay-color":"","overlay-opacity":"","overlay-gradient":""},"mobile":{"background-color":"var(--ast-global-color-5)","background-image":"","background-repeat":"repeat","background-position":"center center","background-size":"auto","background-attachment":"scroll","background-type":"","background-media":"","overlay-type":"","overlay-color":"","overlay-opacity":"","overlay-gradient":""}},"_vp_format_video_url":"","_vp_image_focal_point":[],"footnotes":""},"class_list":["post-504","page","type-page","status-publish","hentry"],"_links":{"self":[{"href":"https:\/\/dev.m-bochum.de\/index.php\/wp-json\/wp\/v2\/pages\/504","targetHints":{"allow":["GET"]}}],"collection":[{"href":"https:\/\/dev.m-bochum.de\/index.php\/wp-json\/wp\/v2\/pages"}],"about":[{"href":"https:\/\/dev.m-bochum.de\/index.php\/wp-json\/wp\/v2\/types\/page"}],"author":[{"embeddable":true,"href":"https:\/\/dev.m-bochum.de\/index.php\/wp-json\/wp\/v2\/users\/1"}],"replies":[{"embeddable":true,"href":"https:\/\/dev.m-bochum.de\/index.php\/wp-json\/wp\/v2\/comments?post=504"}],"version-history":[{"count":23,"href":"https:\/\/dev.m-bochum.de\/index.php\/wp-json\/wp\/v2\/pages\/504\/revisions"}],"predecessor-version":[{"id":510,"href":"https:\/\/dev.m-bochum.de\/index.php\/wp-json\/wp\/v2\/pages\/504\/revisions\/510"}],"wp:attachment":[{"href":"https:\/\/dev.m-bochum.de\/index.php\/wp-json\/wp\/v2\/media?parent=504"}],"curies":[{"name":"wp","href":"https:\/\/api.w.org\/{rel}","templated":true}]}}