{"id":8,"date":"2024-06-21T17:41:18","date_gmt":"2024-06-21T17:41:18","guid":{"rendered":"https:\/\/dev.m-bochum.de\/?page_id=8"},"modified":"2024-07-18T14:58:45","modified_gmt":"2024-07-18T14:58:45","slug":"evelyn-hofer","status":"publish","type":"page","link":"https:\/\/dev.m-bochum.de\/index.php\/evelyn-hofer\/","title":{"rendered":"Evelyn Hofer"},"content":{"rendered":"<div><\/div>\n<div class=\"row std\">\n<div>\n<div>\n<figure id=\"attachment_705\" aria-describedby=\"caption-attachment-705\" style=\"width: 1024px\" class=\"wp-caption aligncenter\"><a href=\"https:\/\/dev.m-bochum.de\/wp-content\/uploads\/2024\/07\/Evelyn-Hofer-Still-Life-No-6-Hommage-a-Zurbaran-m5170.jpg\"><img loading=\"lazy\" decoding=\"async\" class=\"wp-image-705 size-large\" src=\"https:\/\/dev.m-bochum.de\/wp-content\/uploads\/2024\/07\/Evelyn-Hofer-Still-Life-No-6-Hommage-a-Zurbaran-m5170-1024x719.jpg\" alt=\"Stillleben von Evelyn Hofer mit Zitronen auf einem Teller und Orangen in einem Korb auf einem Holztisch vor einem schwarzen Samtvorhang stehend\" width=\"1024\" height=\"719\" srcset=\"https:\/\/dev.m-bochum.de\/wp-content\/uploads\/2024\/07\/Evelyn-Hofer-Still-Life-No-6-Hommage-a-Zurbaran-m5170-1024x719.jpg 1024w, https:\/\/dev.m-bochum.de\/wp-content\/uploads\/2024\/07\/Evelyn-Hofer-Still-Life-No-6-Hommage-a-Zurbaran-m5170-300x211.jpg 300w, https:\/\/dev.m-bochum.de\/wp-content\/uploads\/2024\/07\/Evelyn-Hofer-Still-Life-No-6-Hommage-a-Zurbaran-m5170-768x540.jpg 768w, https:\/\/dev.m-bochum.de\/wp-content\/uploads\/2024\/07\/Evelyn-Hofer-Still-Life-No-6-Hommage-a-Zurbaran-m5170-1536x1079.jpg 1536w, https:\/\/dev.m-bochum.de\/wp-content\/uploads\/2024\/07\/Evelyn-Hofer-Still-Life-No-6-Hommage-a-Zurbaran-m5170.jpg 2000w\" sizes=\"auto, (max-width: 1024px) 100vw, 1024px\" \/><\/a><figcaption id=\"caption-attachment-705\" class=\"wp-caption-text\">Hommage \u00e0 Zurbaran, (Still Life No. 6), New York, 1997 Dye Transfer 37,2 x 53,5 cm (50 x 60 cm)<\/figcaption><\/figure>\n<\/div>\n<\/div>\n<\/div>\n<div class=\"row\">\n<div><\/div>\n<div class=\"column column-67 cnt\">\n<p><i>Statement<\/i><\/p>\n<p>&#8222;Was mich an Evelyns Werk fasziniert, ist, dass sie alles portr\u00e4tiert; sei es ein Baum, ein menschliches Wesen, oder sei es ein Stuhl. Es ist immer ein Portr\u00e4t. Sie sieht Dinge niemals nur als Objekt; das Objekt erh\u00e4lt einen dramatischen Ausdruck. Ihr ist eine poetische und romantische Ann\u00e4hrungsweise zu eigen und eine gewisse Unschuld; sie ist wahrhaftig eine Dichterin.&#8220;<br \/>\n(Richard Lindner, <i>&#8222;Evelyn Hofer. Friendly Criticism&#8220;<\/i>, in: The Village Voice, 14. M\u00e4rz 1977, S. 93)<\/p>\n<\/div>\n<\/div>\n<div><\/div>\n<div class=\"row\">\n<div class=\"column column-67 cnt\">Das fotografische Werk der deutsch-amerikanischen K\u00fcnstlerin Evelyn Hofer (1922-2009) z\u00e4hlt zu den wichtigsten weiblichen Positionen der j\u00fcngeren Fotografie-Geschichte und besticht bis heute durch Intensit\u00e4t und Klarheit der Formauffassung. \u00dcber einen Zeitraum von nahezu 50 Jahren hat die Fotografin im Sinne von k\u00fcnstlerisch-soziologischen Recherchen ihr jeweiliges Gegen\u00fcber portr\u00e4tiert. (&#8230;)<br \/>\nIndem ihre Aufnahmen &#8211; egal ob in klassischem Schwarz-Wei\u00df oder in einer mit William Eggleston vergleichbaren Farbintensit\u00e4t &#8211; das Sichtbare auf den Punkt bringen, erz\u00e4hlen sie immer auch die komplexe Geschichte einer urbanen Situation oder einer pers\u00f6nlichen Begegnung.&#8220;<br \/>\nHarald Kunde, Marion Bornscheuer und Peter Pfrunder im Vorwort zum Katalog &#8222;Evelyn Hofer. Begegnungen&#8220;, 2019)<img loading=\"lazy\" decoding=\"async\" class=\"alignnone size-full wp-image-69\" style=\"font-style: inherit;\" src=\"https:\/\/dev.m-bochum.de\/wp-content\/uploads\/2024\/06\/Bowery_5631.jpg\" alt=\"\" width=\"1476\" height=\"1841\" srcset=\"https:\/\/dev.m-bochum.de\/wp-content\/uploads\/2024\/06\/Bowery_5631.jpg 1476w, https:\/\/dev.m-bochum.de\/wp-content\/uploads\/2024\/06\/Bowery_5631-241x300.jpg 241w, https:\/\/dev.m-bochum.de\/wp-content\/uploads\/2024\/06\/Bowery_5631-821x1024.jpg 821w, https:\/\/dev.m-bochum.de\/wp-content\/uploads\/2024\/06\/Bowery_5631-768x958.jpg 768w, https:\/\/dev.m-bochum.de\/wp-content\/uploads\/2024\/06\/Bowery_5631-1231x1536.jpg 1231w, https:\/\/dev.m-bochum.de\/wp-content\/uploads\/2024\/06\/Bowery_5631-1200x1497.jpg 1200w\" sizes=\"auto, (max-width: 1476px) 100vw, 1476px\" \/><\/div>\n<\/div>\n","protected":false},"excerpt":{"rendered":"<p>Statement &#8222;Was mich an Evelyns Werk fasziniert, ist, dass sie alles portr\u00e4tiert; sei es ein Baum, ein menschliches Wesen, oder [&hellip;]<\/p>\n","protected":false},"author":1,"featured_media":0,"parent":0,"menu_order":0,"comment_status":"closed","ping_status":"closed","template":"","meta":{"site-sidebar-layout":"default","site-content-layout":"","ast-site-content-layout":"default","site-content-style":"default","site-sidebar-style":"default","ast-global-header-display":"","ast-banner-title-visibility":"","ast-main-header-display":"","ast-hfb-above-header-display":"","ast-hfb-below-header-display":"","ast-hfb-mobile-header-display":"","site-post-title":"","ast-breadcrumbs-content":"","ast-featured-img":"","footer-sml-layout":"","ast-disable-related-posts":"","theme-transparent-header-meta":"default","adv-header-id-meta":"","stick-header-meta":"","header-above-stick-meta":"","header-main-stick-meta":"","header-below-stick-meta":"","astra-migrate-meta-layouts":"set","ast-page-background-enabled":"default","ast-page-background-meta":{"desktop":{"background-color":"var(--ast-global-color-4)","background-image":"","background-repeat":"repeat","background-position":"center center","background-size":"auto","background-attachment":"scroll","background-type":"","background-media":"","overlay-type":"","overlay-color":"","overlay-opacity":"","overlay-gradient":""},"tablet":{"background-color":"","background-image":"","background-repeat":"repeat","background-position":"center center","background-size":"auto","background-attachment":"scroll","background-type":"","background-media":"","overlay-type":"","overlay-color":"","overlay-opacity":"","overlay-gradient":""},"mobile":{"background-color":"","background-image":"","background-repeat":"repeat","background-position":"center center","background-size":"auto","background-attachment":"scroll","background-type":"","background-media":"","overlay-type":"","overlay-color":"","overlay-opacity":"","overlay-gradient":""}},"ast-content-background-meta":{"desktop":{"background-color":"var(--ast-global-color-5)","background-image":"","background-repeat":"repeat","background-position":"center center","background-size":"auto","background-attachment":"scroll","background-type":"","background-media":"","overlay-type":"","overlay-color":"","overlay-opacity":"","overlay-gradient":""},"tablet":{"background-color":"var(--ast-global-color-5)","background-image":"","background-repeat":"repeat","background-position":"center center","background-size":"auto","background-attachment":"scroll","background-type":"","background-media":"","overlay-type":"","overlay-color":"","overlay-opacity":"","overlay-gradient":""},"mobile":{"background-color":"var(--ast-global-color-5)","background-image":"","background-repeat":"repeat","background-position":"center center","background-size":"auto","background-attachment":"scroll","background-type":"","background-media":"","overlay-type":"","overlay-color":"","overlay-opacity":"","overlay-gradient":""}},"_vp_format_video_url":"","_vp_image_focal_point":[],"footnotes":""},"class_list":["post-8","page","type-page","status-publish","hentry"],"_links":{"self":[{"href":"https:\/\/dev.m-bochum.de\/index.php\/wp-json\/wp\/v2\/pages\/8","targetHints":{"allow":["GET"]}}],"collection":[{"href":"https:\/\/dev.m-bochum.de\/index.php\/wp-json\/wp\/v2\/pages"}],"about":[{"href":"https:\/\/dev.m-bochum.de\/index.php\/wp-json\/wp\/v2\/types\/page"}],"author":[{"embeddable":true,"href":"https:\/\/dev.m-bochum.de\/index.php\/wp-json\/wp\/v2\/users\/1"}],"replies":[{"embeddable":true,"href":"https:\/\/dev.m-bochum.de\/index.php\/wp-json\/wp\/v2\/comments?post=8"}],"version-history":[{"count":21,"href":"https:\/\/dev.m-bochum.de\/index.php\/wp-json\/wp\/v2\/pages\/8\/revisions"}],"predecessor-version":[{"id":706,"href":"https:\/\/dev.m-bochum.de\/index.php\/wp-json\/wp\/v2\/pages\/8\/revisions\/706"}],"wp:attachment":[{"href":"https:\/\/dev.m-bochum.de\/index.php\/wp-json\/wp\/v2\/media?parent=8"}],"curies":[{"name":"wp","href":"https:\/\/api.w.org\/{rel}","templated":true}]}}