{"id":848,"date":"2024-08-07T13:34:33","date_gmt":"2024-08-07T13:34:33","guid":{"rendered":"https:\/\/dev.m-bochum.de\/?page_id=848"},"modified":"2024-08-07T14:22:53","modified_gmt":"2024-08-07T14:22:53","slug":"franka-hoernschemeyer-vermutung-722","status":"publish","type":"page","link":"https:\/\/dev.m-bochum.de\/index.php\/franka-hoernschemeyer-vermutung-722\/","title":{"rendered":"Franka H\u00f6rnschemeyer &#8211; Vermutung 722"},"content":{"rendered":"<div class=\"row std\">\n<div class=\"column\">\n<div class=\"subhl\">\n<p><a href=\"https:\/\/dev.m-bochum.de\/wp-content\/uploads\/2024\/08\/Hoernschemeyer-Vermutung722-Kleve-139-2022-Galerie-m.jpg\"><img loading=\"lazy\" decoding=\"async\" class=\"aligncenter wp-image-854 size-large\" src=\"https:\/\/dev.m-bochum.de\/wp-content\/uploads\/2024\/08\/Hoernschemeyer-Vermutung722-Kleve-139-2022-Galerie-m-1024x613.jpg\" alt=\"\" width=\"1024\" height=\"613\" srcset=\"https:\/\/dev.m-bochum.de\/wp-content\/uploads\/2024\/08\/Hoernschemeyer-Vermutung722-Kleve-139-2022-Galerie-m-1024x613.jpg 1024w, https:\/\/dev.m-bochum.de\/wp-content\/uploads\/2024\/08\/Hoernschemeyer-Vermutung722-Kleve-139-2022-Galerie-m-300x180.jpg 300w, https:\/\/dev.m-bochum.de\/wp-content\/uploads\/2024\/08\/Hoernschemeyer-Vermutung722-Kleve-139-2022-Galerie-m-768x460.jpg 768w, https:\/\/dev.m-bochum.de\/wp-content\/uploads\/2024\/08\/Hoernschemeyer-Vermutung722-Kleve-139-2022-Galerie-m-1536x920.jpg 1536w, https:\/\/dev.m-bochum.de\/wp-content\/uploads\/2024\/08\/Hoernschemeyer-Vermutung722-Kleve-139-2022-Galerie-m-500x300.jpg 500w, https:\/\/dev.m-bochum.de\/wp-content\/uploads\/2024\/08\/Hoernschemeyer-Vermutung722-Kleve-139-2022-Galerie-m-800x479.jpg 800w, https:\/\/dev.m-bochum.de\/wp-content\/uploads\/2024\/08\/Hoernschemeyer-Vermutung722-Kleve-139-2022-Galerie-m-1280x767.jpg 1280w, https:\/\/dev.m-bochum.de\/wp-content\/uploads\/2024\/08\/Hoernschemeyer-Vermutung722-Kleve-139-2022-Galerie-m-1920x1150.jpg 1920w, https:\/\/dev.m-bochum.de\/wp-content\/uploads\/2024\/08\/Hoernschemeyer-Vermutung722-Kleve-139-2022-Galerie-m.jpg 2000w\" sizes=\"auto, (max-width: 1024px) 100vw, 1024px\" \/><\/a><\/p>\n<p><span style=\"font-size: 16px;\">7 runde Radiatoren, 8 Stahlseile, 70-100 gelochte Gipskartonplatten<\/span><\/p>\n<\/div>\n<\/div>\n<\/div>\n<div class=\"row\">\n<div class=\"column cnt\">ortsspezifische Ma\u00dfe<br \/>\nin \u201eSchatzhaus &amp; Labor\u201c, Museum Kurhaus Kleve, 2022<\/div>\n<div class=\"column cnt\">\n<p>&nbsp;<\/p>\n<p>F\u00fcr Schatzhaus &amp; Labor im Museum Kurhause Kleve hat sich Franka Hoernschemeyer intensiv mit den Koordinaten des doppelgeschossigen Raumes 16 besch\u00e4ftigt, dessen grandiose Dimensionen im Verbund mit dem zweifachen Betrachterstandpunkt \u2013 einmal in situ und zum anderen \u00fcberschauend von der oberen Balustrade herab \u2013 ortsspezifische Setzungen geradezu herausfordern.<br \/>\nIn der Abfolge von Aufenthalten im Museum, Grundrissplanungen, Modellbau und finaler Realisierung wurde sodann prozesshaft das Werk Vermutung 722 entwickelt, das die Dimensionen von Hoernschemeyers Skulpturauffassung exemplarisch auf den Punkt bringt. Das Zentrum der Wahrnehmung bilden sieben ausgediente Radiatoren, deren metallene Schwere mit Hilfe exakt gespannter Stahlseile aufgehoben und zu einem dynamischen Schweben transformiert wird. Diese Zeugen einer unter \u00f6kologischen Aspekten heillos antiquierten Heizungstechnik verstr\u00f6men gleichwohl Erinnerungen an biografische Momente, die vielleicht mit ihnen zusammenhingen, die Spuren einer verflossenen Anwesenheit treten pl\u00f6tzlich wieder hervor und evozieren innere Bilder jenseits der sichtbaren Oberfl\u00e4chen. Assistiert werden diese pr\u00e4zisen K\u00f6rper im Raum durch perforierte und aufgestapelte Abschnitte von Gipskartonplatten, die den Boden inselartig bedecken und einen unabweisbaren Baustellen-Charakter verbreiten: Umbruch, Aufbruch, Neubeginn.<br \/>\nHarald Kunde<\/p>\n<p><a href=\"https:\/\/dev.m-bochum.de\/wp-content\/uploads\/2024\/08\/Hoernschemeyer-Vermutung722-Kleve-136-2022-Galerie-m.jpg\"><img loading=\"lazy\" decoding=\"async\" class=\"wp-image-852 size-large\" src=\"https:\/\/dev.m-bochum.de\/wp-content\/uploads\/2024\/08\/Hoernschemeyer-Vermutung722-Kleve-136-2022-Galerie-m-1024x800.jpg\" alt=\"\" width=\"1024\" height=\"800\" srcset=\"https:\/\/dev.m-bochum.de\/wp-content\/uploads\/2024\/08\/Hoernschemeyer-Vermutung722-Kleve-136-2022-Galerie-m-1024x800.jpg 1024w, https:\/\/dev.m-bochum.de\/wp-content\/uploads\/2024\/08\/Hoernschemeyer-Vermutung722-Kleve-136-2022-Galerie-m-300x234.jpg 300w, https:\/\/dev.m-bochum.de\/wp-content\/uploads\/2024\/08\/Hoernschemeyer-Vermutung722-Kleve-136-2022-Galerie-m-768x600.jpg 768w, https:\/\/dev.m-bochum.de\/wp-content\/uploads\/2024\/08\/Hoernschemeyer-Vermutung722-Kleve-136-2022-Galerie-m-1536x1200.jpg 1536w, https:\/\/dev.m-bochum.de\/wp-content\/uploads\/2024\/08\/Hoernschemeyer-Vermutung722-Kleve-136-2022-Galerie-m-500x391.jpg 500w, https:\/\/dev.m-bochum.de\/wp-content\/uploads\/2024\/08\/Hoernschemeyer-Vermutung722-Kleve-136-2022-Galerie-m-800x625.jpg 800w, https:\/\/dev.m-bochum.de\/wp-content\/uploads\/2024\/08\/Hoernschemeyer-Vermutung722-Kleve-136-2022-Galerie-m-1280x1000.jpg 1280w, https:\/\/dev.m-bochum.de\/wp-content\/uploads\/2024\/08\/Hoernschemeyer-Vermutung722-Kleve-136-2022-Galerie-m-1920x1500.jpg 1920w, https:\/\/dev.m-bochum.de\/wp-content\/uploads\/2024\/08\/Hoernschemeyer-Vermutung722-Kleve-136-2022-Galerie-m.jpg 2000w\" sizes=\"auto, (max-width: 1024px) 100vw, 1024px\" \/><\/a><\/p>\n<div id='gallery-1' class='gallery galleryid-848 gallery-columns-2 gallery-size-medium'><figure class='gallery-item'>\n\t\t\t<div class='gallery-icon landscape'>\n\t\t\t\t<a href='https:\/\/dev.m-bochum.de\/wp-content\/uploads\/2024\/08\/Hoernschemeyer-Vermutung722-Kleve-142-2022-Galerie-m.jpg'><img loading=\"lazy\" decoding=\"async\" width=\"300\" height=\"225\" src=\"https:\/\/dev.m-bochum.de\/wp-content\/uploads\/2024\/08\/Hoernschemeyer-Vermutung722-Kleve-142-2022-Galerie-m-300x225.jpg\" class=\"attachment-medium size-medium\" alt=\"\" srcset=\"https:\/\/dev.m-bochum.de\/wp-content\/uploads\/2024\/08\/Hoernschemeyer-Vermutung722-Kleve-142-2022-Galerie-m-300x225.jpg 300w, https:\/\/dev.m-bochum.de\/wp-content\/uploads\/2024\/08\/Hoernschemeyer-Vermutung722-Kleve-142-2022-Galerie-m-1024x768.jpg 1024w, https:\/\/dev.m-bochum.de\/wp-content\/uploads\/2024\/08\/Hoernschemeyer-Vermutung722-Kleve-142-2022-Galerie-m-768x576.jpg 768w, https:\/\/dev.m-bochum.de\/wp-content\/uploads\/2024\/08\/Hoernschemeyer-Vermutung722-Kleve-142-2022-Galerie-m-1536x1152.jpg 1536w, https:\/\/dev.m-bochum.de\/wp-content\/uploads\/2024\/08\/Hoernschemeyer-Vermutung722-Kleve-142-2022-Galerie-m-500x375.jpg 500w, https:\/\/dev.m-bochum.de\/wp-content\/uploads\/2024\/08\/Hoernschemeyer-Vermutung722-Kleve-142-2022-Galerie-m-800x600.jpg 800w, https:\/\/dev.m-bochum.de\/wp-content\/uploads\/2024\/08\/Hoernschemeyer-Vermutung722-Kleve-142-2022-Galerie-m-1280x960.jpg 1280w, https:\/\/dev.m-bochum.de\/wp-content\/uploads\/2024\/08\/Hoernschemeyer-Vermutung722-Kleve-142-2022-Galerie-m-1920x1440.jpg 1920w, https:\/\/dev.m-bochum.de\/wp-content\/uploads\/2024\/08\/Hoernschemeyer-Vermutung722-Kleve-142-2022-Galerie-m.jpg 2000w\" sizes=\"auto, (max-width: 300px) 100vw, 300px\" \/><\/a>\n\t\t\t<\/div><\/figure><figure class='gallery-item'>\n\t\t\t<div class='gallery-icon landscape'>\n\t\t\t\t<a href='https:\/\/dev.m-bochum.de\/wp-content\/uploads\/2024\/08\/Hoernschemeyer-Vermutung722-Kleve-1-2022-Galerie-m.jpg'><img loading=\"lazy\" decoding=\"async\" width=\"300\" height=\"225\" src=\"https:\/\/dev.m-bochum.de\/wp-content\/uploads\/2024\/08\/Hoernschemeyer-Vermutung722-Kleve-1-2022-Galerie-m-300x225.jpg\" class=\"attachment-medium size-medium\" alt=\"\" srcset=\"https:\/\/dev.m-bochum.de\/wp-content\/uploads\/2024\/08\/Hoernschemeyer-Vermutung722-Kleve-1-2022-Galerie-m-300x225.jpg 300w, https:\/\/dev.m-bochum.de\/wp-content\/uploads\/2024\/08\/Hoernschemeyer-Vermutung722-Kleve-1-2022-Galerie-m-1024x768.jpg 1024w, https:\/\/dev.m-bochum.de\/wp-content\/uploads\/2024\/08\/Hoernschemeyer-Vermutung722-Kleve-1-2022-Galerie-m-768x576.jpg 768w, https:\/\/dev.m-bochum.de\/wp-content\/uploads\/2024\/08\/Hoernschemeyer-Vermutung722-Kleve-1-2022-Galerie-m-1536x1152.jpg 1536w, https:\/\/dev.m-bochum.de\/wp-content\/uploads\/2024\/08\/Hoernschemeyer-Vermutung722-Kleve-1-2022-Galerie-m-500x375.jpg 500w, https:\/\/dev.m-bochum.de\/wp-content\/uploads\/2024\/08\/Hoernschemeyer-Vermutung722-Kleve-1-2022-Galerie-m-800x600.jpg 800w, https:\/\/dev.m-bochum.de\/wp-content\/uploads\/2024\/08\/Hoernschemeyer-Vermutung722-Kleve-1-2022-Galerie-m-1280x960.jpg 1280w, https:\/\/dev.m-bochum.de\/wp-content\/uploads\/2024\/08\/Hoernschemeyer-Vermutung722-Kleve-1-2022-Galerie-m-1920x1440.jpg 1920w, https:\/\/dev.m-bochum.de\/wp-content\/uploads\/2024\/08\/Hoernschemeyer-Vermutung722-Kleve-1-2022-Galerie-m.jpg 2000w\" sizes=\"auto, (max-width: 300px) 100vw, 300px\" \/><\/a>\n\t\t\t<\/div><\/figure>\n\t\t<\/div>\n\n<\/div>\n<\/div>\n","protected":false},"excerpt":{"rendered":"<p>7 runde Radiatoren, 8 Stahlseile, 70-100 gelochte Gipskartonplatten ortsspezifische Ma\u00dfe in \u201eSchatzhaus &amp; Labor\u201c, Museum Kurhaus Kleve, 2022 &nbsp; F\u00fcr [&hellip;]<\/p>\n","protected":false},"author":1,"featured_media":0,"parent":0,"menu_order":0,"comment_status":"closed","ping_status":"closed","template":"","meta":{"site-sidebar-layout":"default","site-content-layout":"","ast-site-content-layout":"default","site-content-style":"default","site-sidebar-style":"default","ast-global-header-display":"","ast-banner-title-visibility":"","ast-main-header-display":"","ast-hfb-above-header-display":"","ast-hfb-below-header-display":"","ast-hfb-mobile-header-display":"","site-post-title":"","ast-breadcrumbs-content":"","ast-featured-img":"","footer-sml-layout":"","ast-disable-related-posts":"","theme-transparent-header-meta":"default","adv-header-id-meta":"","stick-header-meta":"","header-above-stick-meta":"","header-main-stick-meta":"","header-below-stick-meta":"","astra-migrate-meta-layouts":"set","ast-page-background-enabled":"default","ast-page-background-meta":{"desktop":{"background-color":"var(--ast-global-color-4)","background-image":"","background-repeat":"repeat","background-position":"center center","background-size":"auto","background-attachment":"scroll","background-type":"","background-media":"","overlay-type":"","overlay-color":"","overlay-opacity":"","overlay-gradient":""},"tablet":{"background-color":"","background-image":"","background-repeat":"repeat","background-position":"center center","background-size":"auto","background-attachment":"scroll","background-type":"","background-media":"","overlay-type":"","overlay-color":"","overlay-opacity":"","overlay-gradient":""},"mobile":{"background-color":"","background-image":"","background-repeat":"repeat","background-position":"center center","background-size":"auto","background-attachment":"scroll","background-type":"","background-media":"","overlay-type":"","overlay-color":"","overlay-opacity":"","overlay-gradient":""}},"ast-content-background-meta":{"desktop":{"background-color":"var(--ast-global-color-5)","background-image":"","background-repeat":"repeat","background-position":"center center","background-size":"auto","background-attachment":"scroll","background-type":"","background-media":"","overlay-type":"","overlay-color":"","overlay-opacity":"","overlay-gradient":""},"tablet":{"background-color":"var(--ast-global-color-5)","background-image":"","background-repeat":"repeat","background-position":"center center","background-size":"auto","background-attachment":"scroll","background-type":"","background-media":"","overlay-type":"","overlay-color":"","overlay-opacity":"","overlay-gradient":""},"mobile":{"background-color":"var(--ast-global-color-5)","background-image":"","background-repeat":"repeat","background-position":"center center","background-size":"auto","background-attachment":"scroll","background-type":"","background-media":"","overlay-type":"","overlay-color":"","overlay-opacity":"","overlay-gradient":""}},"_vp_format_video_url":"","_vp_image_focal_point":[],"footnotes":""},"class_list":["post-848","page","type-page","status-publish","hentry"],"_links":{"self":[{"href":"https:\/\/dev.m-bochum.de\/index.php\/wp-json\/wp\/v2\/pages\/848","targetHints":{"allow":["GET"]}}],"collection":[{"href":"https:\/\/dev.m-bochum.de\/index.php\/wp-json\/wp\/v2\/pages"}],"about":[{"href":"https:\/\/dev.m-bochum.de\/index.php\/wp-json\/wp\/v2\/types\/page"}],"author":[{"embeddable":true,"href":"https:\/\/dev.m-bochum.de\/index.php\/wp-json\/wp\/v2\/users\/1"}],"replies":[{"embeddable":true,"href":"https:\/\/dev.m-bochum.de\/index.php\/wp-json\/wp\/v2\/comments?post=848"}],"version-history":[{"count":6,"href":"https:\/\/dev.m-bochum.de\/index.php\/wp-json\/wp\/v2\/pages\/848\/revisions"}],"predecessor-version":[{"id":859,"href":"https:\/\/dev.m-bochum.de\/index.php\/wp-json\/wp\/v2\/pages\/848\/revisions\/859"}],"wp:attachment":[{"href":"https:\/\/dev.m-bochum.de\/index.php\/wp-json\/wp\/v2\/media?parent=848"}],"curies":[{"name":"wp","href":"https:\/\/api.w.org\/{rel}","templated":true}]}}