{"id":881,"date":"2024-08-07T15:33:01","date_gmt":"2024-08-07T15:33:01","guid":{"rendered":"https:\/\/dev.m-bochum.de\/?page_id=881"},"modified":"2024-08-07T15:43:20","modified_gmt":"2024-08-07T15:43:20","slug":"franka-hoernschemeyer-tse-11022-2002","status":"publish","type":"page","link":"https:\/\/dev.m-bochum.de\/index.php\/franka-hoernschemeyer-tse-11022-2002\/","title":{"rendered":"Franka H\u00f6rnschemeyer &#8211; TSE 11022, 2002"},"content":{"rendered":"<div class=\"row std\">\n<div class=\"column\">\n<div class=\"subhl\">TSE 11022, 2002<\/div>\n<\/div>\n<\/div>\n<div class=\"row\">\n<div class=\"column cnt\">\n<p>Bestandteil der Ausstellung <i>Nr. 109 (Werkraum. 12)<\/i> im <a href=\"https:\/\/www.smb.museum\/museen-einrichtungen\/hamburger-bahnhof\/ausstellungen\/detail\/franka-hoernschemeyer-nr-109\/\" target=\"_blank\" rel=\"noopener\">Hamburger Bahnhof, Berlin<\/a><\/p>\n<p><a href=\"https:\/\/www.youtube.com\/watch?v=dLTjHuNAAQU\">Filmische Dokumentation<\/a> von Axel Sch\u00e4ffler, in Zusammenarbeit mit Franka H\u00f6rnschemeyer. Kamera: Donat Schilling, Wolfgang W\u00fcndsch und Apostolos Zamanis<\/p>\n<p><a href=\"https:\/\/dev.m-bochum.de\/wp-content\/uploads\/2024\/08\/Hoernschemeyer-TSE11022-02-Galerie-m.jpg\"><img loading=\"lazy\" decoding=\"async\" class=\"size-full wp-image-887\" src=\"https:\/\/dev.m-bochum.de\/wp-content\/uploads\/2024\/08\/Hoernschemeyer-TSE11022-02-Galerie-m.jpg\" alt=\"\" width=\"930\" height=\"741\" srcset=\"https:\/\/dev.m-bochum.de\/wp-content\/uploads\/2024\/08\/Hoernschemeyer-TSE11022-02-Galerie-m.jpg 930w, https:\/\/dev.m-bochum.de\/wp-content\/uploads\/2024\/08\/Hoernschemeyer-TSE11022-02-Galerie-m-300x239.jpg 300w, https:\/\/dev.m-bochum.de\/wp-content\/uploads\/2024\/08\/Hoernschemeyer-TSE11022-02-Galerie-m-768x612.jpg 768w, https:\/\/dev.m-bochum.de\/wp-content\/uploads\/2024\/08\/Hoernschemeyer-TSE11022-02-Galerie-m-500x398.jpg 500w, https:\/\/dev.m-bochum.de\/wp-content\/uploads\/2024\/08\/Hoernschemeyer-TSE11022-02-Galerie-m-800x637.jpg 800w\" sizes=\"auto, (max-width: 930px) 100vw, 930px\" \/><\/a><\/p>\n<p><a href=\"https:\/\/dev.m-bochum.de\/wp-content\/uploads\/2024\/08\/Hoernschemeyer-TSE11022-2002-01-Galerie-m.jpg\"><img loading=\"lazy\" decoding=\"async\" class=\"size-full wp-image-888\" src=\"https:\/\/dev.m-bochum.de\/wp-content\/uploads\/2024\/08\/Hoernschemeyer-TSE11022-2002-01-Galerie-m.jpg\" alt=\"\" width=\"930\" height=\"666\" srcset=\"https:\/\/dev.m-bochum.de\/wp-content\/uploads\/2024\/08\/Hoernschemeyer-TSE11022-2002-01-Galerie-m.jpg 930w, https:\/\/dev.m-bochum.de\/wp-content\/uploads\/2024\/08\/Hoernschemeyer-TSE11022-2002-01-Galerie-m-300x215.jpg 300w, https:\/\/dev.m-bochum.de\/wp-content\/uploads\/2024\/08\/Hoernschemeyer-TSE11022-2002-01-Galerie-m-768x550.jpg 768w, https:\/\/dev.m-bochum.de\/wp-content\/uploads\/2024\/08\/Hoernschemeyer-TSE11022-2002-01-Galerie-m-500x358.jpg 500w, https:\/\/dev.m-bochum.de\/wp-content\/uploads\/2024\/08\/Hoernschemeyer-TSE11022-2002-01-Galerie-m-800x573.jpg 800w\" sizes=\"auto, (max-width: 930px) 100vw, 930px\" \/><\/a><\/p>\n<p><a href=\"https:\/\/dev.m-bochum.de\/wp-content\/uploads\/2024\/08\/Hoernschemeyer-TSE11022-2002-03-Galerie-m.jpg\"><img loading=\"lazy\" decoding=\"async\" class=\"size-full wp-image-889\" src=\"https:\/\/dev.m-bochum.de\/wp-content\/uploads\/2024\/08\/Hoernschemeyer-TSE11022-2002-03-Galerie-m.jpg\" alt=\"\" width=\"930\" height=\"738\" srcset=\"https:\/\/dev.m-bochum.de\/wp-content\/uploads\/2024\/08\/Hoernschemeyer-TSE11022-2002-03-Galerie-m.jpg 930w, https:\/\/dev.m-bochum.de\/wp-content\/uploads\/2024\/08\/Hoernschemeyer-TSE11022-2002-03-Galerie-m-300x238.jpg 300w, https:\/\/dev.m-bochum.de\/wp-content\/uploads\/2024\/08\/Hoernschemeyer-TSE11022-2002-03-Galerie-m-768x609.jpg 768w, https:\/\/dev.m-bochum.de\/wp-content\/uploads\/2024\/08\/Hoernschemeyer-TSE11022-2002-03-Galerie-m-500x397.jpg 500w, https:\/\/dev.m-bochum.de\/wp-content\/uploads\/2024\/08\/Hoernschemeyer-TSE11022-2002-03-Galerie-m-800x635.jpg 800w\" sizes=\"auto, (max-width: 930px) 100vw, 930px\" \/><\/a><\/p>\n<\/div>\n<\/div>\n","protected":false},"excerpt":{"rendered":"<p>TSE 11022, 2002 Bestandteil der Ausstellung Nr. 109 (Werkraum. 12) im Hamburger Bahnhof, Berlin Filmische Dokumentation von Axel Sch\u00e4ffler, in [&hellip;]<\/p>\n","protected":false},"author":1,"featured_media":0,"parent":0,"menu_order":0,"comment_status":"closed","ping_status":"closed","template":"","meta":{"site-sidebar-layout":"default","site-content-layout":"","ast-site-content-layout":"default","site-content-style":"default","site-sidebar-style":"default","ast-global-header-display":"","ast-banner-title-visibility":"","ast-main-header-display":"","ast-hfb-above-header-display":"","ast-hfb-below-header-display":"","ast-hfb-mobile-header-display":"","site-post-title":"","ast-breadcrumbs-content":"","ast-featured-img":"","footer-sml-layout":"","ast-disable-related-posts":"","theme-transparent-header-meta":"default","adv-header-id-meta":"","stick-header-meta":"","header-above-stick-meta":"","header-main-stick-meta":"","header-below-stick-meta":"","astra-migrate-meta-layouts":"set","ast-page-background-enabled":"default","ast-page-background-meta":{"desktop":{"background-color":"var(--ast-global-color-4)","background-image":"","background-repeat":"repeat","background-position":"center center","background-size":"auto","background-attachment":"scroll","background-type":"","background-media":"","overlay-type":"","overlay-color":"","overlay-opacity":"","overlay-gradient":""},"tablet":{"background-color":"","background-image":"","background-repeat":"repeat","background-position":"center center","background-size":"auto","background-attachment":"scroll","background-type":"","background-media":"","overlay-type":"","overlay-color":"","overlay-opacity":"","overlay-gradient":""},"mobile":{"background-color":"","background-image":"","background-repeat":"repeat","background-position":"center center","background-size":"auto","background-attachment":"scroll","background-type":"","background-media":"","overlay-type":"","overlay-color":"","overlay-opacity":"","overlay-gradient":""}},"ast-content-background-meta":{"desktop":{"background-color":"var(--ast-global-color-5)","background-image":"","background-repeat":"repeat","background-position":"center center","background-size":"auto","background-attachment":"scroll","background-type":"","background-media":"","overlay-type":"","overlay-color":"","overlay-opacity":"","overlay-gradient":""},"tablet":{"background-color":"var(--ast-global-color-5)","background-image":"","background-repeat":"repeat","background-position":"center center","background-size":"auto","background-attachment":"scroll","background-type":"","background-media":"","overlay-type":"","overlay-color":"","overlay-opacity":"","overlay-gradient":""},"mobile":{"background-color":"var(--ast-global-color-5)","background-image":"","background-repeat":"repeat","background-position":"center center","background-size":"auto","background-attachment":"scroll","background-type":"","background-media":"","overlay-type":"","overlay-color":"","overlay-opacity":"","overlay-gradient":""}},"_vp_format_video_url":"","_vp_image_focal_point":[],"footnotes":""},"class_list":["post-881","page","type-page","status-publish","hentry"],"_links":{"self":[{"href":"https:\/\/dev.m-bochum.de\/index.php\/wp-json\/wp\/v2\/pages\/881","targetHints":{"allow":["GET"]}}],"collection":[{"href":"https:\/\/dev.m-bochum.de\/index.php\/wp-json\/wp\/v2\/pages"}],"about":[{"href":"https:\/\/dev.m-bochum.de\/index.php\/wp-json\/wp\/v2\/types\/page"}],"author":[{"embeddable":true,"href":"https:\/\/dev.m-bochum.de\/index.php\/wp-json\/wp\/v2\/users\/1"}],"replies":[{"embeddable":true,"href":"https:\/\/dev.m-bochum.de\/index.php\/wp-json\/wp\/v2\/comments?post=881"}],"version-history":[{"count":3,"href":"https:\/\/dev.m-bochum.de\/index.php\/wp-json\/wp\/v2\/pages\/881\/revisions"}],"predecessor-version":[{"id":890,"href":"https:\/\/dev.m-bochum.de\/index.php\/wp-json\/wp\/v2\/pages\/881\/revisions\/890"}],"wp:attachment":[{"href":"https:\/\/dev.m-bochum.de\/index.php\/wp-json\/wp\/v2\/media?parent=881"}],"curies":[{"name":"wp","href":"https:\/\/api.w.org\/{rel}","templated":true}]}}