{"id":891,"date":"2024-08-07T15:44:12","date_gmt":"2024-08-07T15:44:12","guid":{"rendered":"https:\/\/dev.m-bochum.de\/?page_id=891"},"modified":"2024-08-07T16:17:27","modified_gmt":"2024-08-07T16:17:27","slug":"franka-hoernschemeyer-gkf-1992-2020","status":"publish","type":"page","link":"https:\/\/dev.m-bochum.de\/index.php\/franka-hoernschemeyer-gkf-1992-2020\/","title":{"rendered":"Franka H\u00f6rnschemeyer &#8211; GKF, 1992 &#038; 2020"},"content":{"rendered":"<div class=\"row std\">\n<div class=\"column\">\n<div class=\"subhl\">GKF, 1992 &amp; 2020<\/div>\n<\/div>\n<\/div>\n<div class=\"row\">\n<div class=\"column cnt\">Der Titel <i>GKF<\/i> steht f\u00fcr <i>Gipskartonfeuerschutz<\/i>. Franka H\u00f6rnschemeyer sammelte \u00fcber mehrere Jahre Baupl\u00e4ne, die sie studierte und neu gruppierte. Schlie\u00dflich zerschnitt sie die Originalpl\u00e4ne f\u00fcr die auf <a href=\"https:\/\/www.galerie-m.com\/publication_item.php?pid=109&amp;aname=FrankaH%C3%B6rnschemeyer\" target=\"_blank\" rel=\"noopener\">150 Exemplare limitierte Publikation <i>GKF<\/i><\/a> und gliederte diese hinsichtlich einer \u00fcbergeordneten Funktionalit\u00e4t nach Kategorien wie beispielsweise Krankenh\u00e4user, Schulen, Wohnungsbau. Jedes dieser 150 Exemplare ist somit ein Unikat, da sie alle unterschiedliche Fragmente dieser Baupl\u00e4ne beinhalten.<br \/>\nDie Publikation beginnt mit einem gleichnamig betitelten Textteil, in dem die K\u00fcnstlerin auf 17 Seiten Begriffe, die sie aus den Baupl\u00e4nen sammelte, hier nun technischen Begrifflichkeiten zuordnete. Die scheinbar zuf\u00e4llig aneinandergereihten W\u00f6rter unterliegen dabei der Ordnung, die sich aus den daran anschlie\u00dfenden, fragmentarischen Baupl\u00e4nen und den abgebildeten Rohstoffen ergibt. Die Begriffe, die sie aus diesen Pl\u00e4nen schlie\u00dflich f\u00fcr <i>GKF<\/i> herausgefiltert und aufgeschrieben hat, beziehen sich auf die Funktion der Geb\u00e4ude, w\u00e4hrend die Grenzen zwischen ihnen durch die ununterbrochene Kontinuit\u00e4t der W\u00f6rter verschwimmen.<\/div>\n<div class=\"column cnt\">\n<p>&nbsp;<\/p>\n<p>&nbsp;<\/p>\n<p><b><i>GKF<\/i>, 2020<\/b><br \/>\nAus diesen 17 Seiten Text ist im Rahmen der Ausstellung <a href=\"https:\/\/www.galerie-m.com\/press.php?&amp;eid=118\" target=\"_blank\" rel=\"noopener\"><i>Axiom 420<\/i><\/a>, 2020 in der Galerie m, die knapp 17 Stunden lange<\/p>\n<p><a href=\"https:\/\/dev.m-bochum.de\/wp-content\/uploads\/2024\/08\/Hoernschemeyer-GKF-1-Galerie-m.jpg\"><img loading=\"lazy\" decoding=\"async\" class=\"aligncenter size-large wp-image-897\" src=\"https:\/\/dev.m-bochum.de\/wp-content\/uploads\/2024\/08\/Hoernschemeyer-GKF-1-Galerie-m.jpg\" alt=\"\" width=\"900\" height=\"661\" srcset=\"https:\/\/dev.m-bochum.de\/wp-content\/uploads\/2024\/08\/Hoernschemeyer-GKF-1-Galerie-m.jpg 900w, https:\/\/dev.m-bochum.de\/wp-content\/uploads\/2024\/08\/Hoernschemeyer-GKF-1-Galerie-m-300x220.jpg 300w, https:\/\/dev.m-bochum.de\/wp-content\/uploads\/2024\/08\/Hoernschemeyer-GKF-1-Galerie-m-768x564.jpg 768w, https:\/\/dev.m-bochum.de\/wp-content\/uploads\/2024\/08\/Hoernschemeyer-GKF-1-Galerie-m-500x367.jpg 500w, https:\/\/dev.m-bochum.de\/wp-content\/uploads\/2024\/08\/Hoernschemeyer-GKF-1-Galerie-m-800x588.jpg 800w\" sizes=\"auto, (max-width: 900px) 100vw, 900px\" \/><\/a><a href=\"https:\/\/dev.m-bochum.de\/wp-content\/uploads\/2024\/08\/Hoernschemeyer-_MG_9511-Galerie-m.jpg\"><img loading=\"lazy\" decoding=\"async\" class=\"aligncenter size-full wp-image-896\" src=\"https:\/\/dev.m-bochum.de\/wp-content\/uploads\/2024\/08\/Hoernschemeyer-_MG_9511-Galerie-m.jpg\" alt=\"\" width=\"900\" height=\"600\" srcset=\"https:\/\/dev.m-bochum.de\/wp-content\/uploads\/2024\/08\/Hoernschemeyer-_MG_9511-Galerie-m.jpg 900w, https:\/\/dev.m-bochum.de\/wp-content\/uploads\/2024\/08\/Hoernschemeyer-_MG_9511-Galerie-m-300x200.jpg 300w, https:\/\/dev.m-bochum.de\/wp-content\/uploads\/2024\/08\/Hoernschemeyer-_MG_9511-Galerie-m-768x512.jpg 768w, https:\/\/dev.m-bochum.de\/wp-content\/uploads\/2024\/08\/Hoernschemeyer-_MG_9511-Galerie-m-500x333.jpg 500w, https:\/\/dev.m-bochum.de\/wp-content\/uploads\/2024\/08\/Hoernschemeyer-_MG_9511-Galerie-m-800x533.jpg 800w\" sizes=\"auto, (max-width: 900px) 100vw, 900px\" \/><\/a><\/p>\n<p>&nbsp;<\/p>\n<p><b>Audioarbeit <\/b><a href=\"https:\/\/soundcloud.com\/user-743775976\/franka-hornschemeyer-gkf-axiom-420-galerie-m-2020\/s-Ajul0p8V1Qu\" target=\"_blank\" rel=\"noopener\"><i><b>Gipskartonfeuerschutz<\/b><\/i><\/a> entstanden, in der die K\u00fcnstlerin die W\u00f6rter jeweils im Abstand von 22 Sekunden vorliest.<br \/>\nFragmente der Baupl\u00e4ne finden sich zudem nicht nur in den B\u00fcchern, sondern wurden von der K\u00fcnstlerin auch in einige ihrer Wandobjekte integriert.<\/p>\n<p><a href=\"https:\/\/dev.m-bochum.de\/wp-content\/uploads\/2024\/08\/Hoernschemeyer-Aktenkeller-Galerie-m.jpg\"><img loading=\"lazy\" decoding=\"async\" class=\"aligncenter size-large wp-image-895\" src=\"https:\/\/dev.m-bochum.de\/wp-content\/uploads\/2024\/08\/Hoernschemeyer-Aktenkeller-Galerie-m-931x1024.jpg\" alt=\"\" width=\"931\" height=\"1024\" srcset=\"https:\/\/dev.m-bochum.de\/wp-content\/uploads\/2024\/08\/Hoernschemeyer-Aktenkeller-Galerie-m-931x1024.jpg 931w, https:\/\/dev.m-bochum.de\/wp-content\/uploads\/2024\/08\/Hoernschemeyer-Aktenkeller-Galerie-m-273x300.jpg 273w, https:\/\/dev.m-bochum.de\/wp-content\/uploads\/2024\/08\/Hoernschemeyer-Aktenkeller-Galerie-m-768x845.jpg 768w, https:\/\/dev.m-bochum.de\/wp-content\/uploads\/2024\/08\/Hoernschemeyer-Aktenkeller-Galerie-m-500x550.jpg 500w, https:\/\/dev.m-bochum.de\/wp-content\/uploads\/2024\/08\/Hoernschemeyer-Aktenkeller-Galerie-m-800x880.jpg 800w, https:\/\/dev.m-bochum.de\/wp-content\/uploads\/2024\/08\/Hoernschemeyer-Aktenkeller-Galerie-m.jpg 1000w\" sizes=\"auto, (max-width: 931px) 100vw, 931px\" \/><\/a><\/p>\n<p>&nbsp;<\/p>\n<\/div>\n<\/div>\n","protected":false},"excerpt":{"rendered":"<p>GKF, 1992 &amp; 2020 Der Titel GKF steht f\u00fcr Gipskartonfeuerschutz. Franka H\u00f6rnschemeyer sammelte \u00fcber mehrere Jahre Baupl\u00e4ne, die sie studierte [&hellip;]<\/p>\n","protected":false},"author":1,"featured_media":0,"parent":0,"menu_order":0,"comment_status":"closed","ping_status":"closed","template":"","meta":{"site-sidebar-layout":"default","site-content-layout":"","ast-site-content-layout":"default","site-content-style":"default","site-sidebar-style":"default","ast-global-header-display":"","ast-banner-title-visibility":"","ast-main-header-display":"","ast-hfb-above-header-display":"","ast-hfb-below-header-display":"","ast-hfb-mobile-header-display":"","site-post-title":"","ast-breadcrumbs-content":"","ast-featured-img":"","footer-sml-layout":"","ast-disable-related-posts":"","theme-transparent-header-meta":"default","adv-header-id-meta":"","stick-header-meta":"","header-above-stick-meta":"","header-main-stick-meta":"","header-below-stick-meta":"","astra-migrate-meta-layouts":"set","ast-page-background-enabled":"default","ast-page-background-meta":{"desktop":{"background-color":"var(--ast-global-color-4)","background-image":"","background-repeat":"repeat","background-position":"center center","background-size":"auto","background-attachment":"scroll","background-type":"","background-media":"","overlay-type":"","overlay-color":"","overlay-opacity":"","overlay-gradient":""},"tablet":{"background-color":"","background-image":"","background-repeat":"repeat","background-position":"center center","background-size":"auto","background-attachment":"scroll","background-type":"","background-media":"","overlay-type":"","overlay-color":"","overlay-opacity":"","overlay-gradient":""},"mobile":{"background-color":"","background-image":"","background-repeat":"repeat","background-position":"center center","background-size":"auto","background-attachment":"scroll","background-type":"","background-media":"","overlay-type":"","overlay-color":"","overlay-opacity":"","overlay-gradient":""}},"ast-content-background-meta":{"desktop":{"background-color":"var(--ast-global-color-5)","background-image":"","background-repeat":"repeat","background-position":"center center","background-size":"auto","background-attachment":"scroll","background-type":"","background-media":"","overlay-type":"","overlay-color":"","overlay-opacity":"","overlay-gradient":""},"tablet":{"background-color":"var(--ast-global-color-5)","background-image":"","background-repeat":"repeat","background-position":"center center","background-size":"auto","background-attachment":"scroll","background-type":"","background-media":"","overlay-type":"","overlay-color":"","overlay-opacity":"","overlay-gradient":""},"mobile":{"background-color":"var(--ast-global-color-5)","background-image":"","background-repeat":"repeat","background-position":"center center","background-size":"auto","background-attachment":"scroll","background-type":"","background-media":"","overlay-type":"","overlay-color":"","overlay-opacity":"","overlay-gradient":""}},"_vp_format_video_url":"","_vp_image_focal_point":[],"footnotes":""},"class_list":["post-891","page","type-page","status-publish","hentry"],"_links":{"self":[{"href":"https:\/\/dev.m-bochum.de\/index.php\/wp-json\/wp\/v2\/pages\/891","targetHints":{"allow":["GET"]}}],"collection":[{"href":"https:\/\/dev.m-bochum.de\/index.php\/wp-json\/wp\/v2\/pages"}],"about":[{"href":"https:\/\/dev.m-bochum.de\/index.php\/wp-json\/wp\/v2\/types\/page"}],"author":[{"embeddable":true,"href":"https:\/\/dev.m-bochum.de\/index.php\/wp-json\/wp\/v2\/users\/1"}],"replies":[{"embeddable":true,"href":"https:\/\/dev.m-bochum.de\/index.php\/wp-json\/wp\/v2\/comments?post=891"}],"version-history":[{"count":4,"href":"https:\/\/dev.m-bochum.de\/index.php\/wp-json\/wp\/v2\/pages\/891\/revisions"}],"predecessor-version":[{"id":898,"href":"https:\/\/dev.m-bochum.de\/index.php\/wp-json\/wp\/v2\/pages\/891\/revisions\/898"}],"wp:attachment":[{"href":"https:\/\/dev.m-bochum.de\/index.php\/wp-json\/wp\/v2\/media?parent=891"}],"curies":[{"name":"wp","href":"https:\/\/api.w.org\/{rel}","templated":true}]}}